{"id":171,"date":"2024-11-04T10:31:32","date_gmt":"2024-11-04T09:31:32","guid":{"rendered":"https:\/\/nuestrosescritores.com\/alvarocamacho\/?page_id=171"},"modified":"2024-11-04T10:31:32","modified_gmt":"2024-11-04T09:31:32","slug":"noticias","status":"publish","type":"page","link":"https:\/\/nuestrosescritores.com\/alvarocamacho\/noticias\/","title":{"rendered":"Noticias"},"content":{"rendered":"<div class=\"wpb-content-wrapper\">[vc_row][vc_column][vc_basic_grid post_type=&#8221;post&#8221; max_items=&#8221;10&#8243; css=&#8221;&#8221; grid_id=&#8221;vc_gid:1730712589571-16db1ca4-d4ec-2&#8243; taxonomies=&#8221;6&#8243;][\/vc_column][\/vc_row]\n<\/div>","protected":false},"excerpt":{"rendered":"<p>[vc_row][vc_column][vc_basic_grid post_type=&#8221;post&#8221; max_items=&#8221;10&#8243; css=&#8221;&#8221; grid_id=&#8221;vc_gid:1730712589571-16db1ca4-d4ec-2&#8243; taxonomies=&#8221;6&#8243;][\/vc_column][\/vc_row]<\/p>\n","protected":false},"author":1,"featured_media":0,"parent":0,"menu_order":0,"comment_status":"closed","ping_status":"closed","template":"","meta":{"_acf_changed":false,"footnotes":""},"class_list":["post-171","page","type-page","status-publish","hentry"],"acf":[],"yoast_head":"<!-- This site is optimized with the Yoast SEO Premium plugin v24.7 (Yoast SEO v27.3) - https:\/\/yoast.com\/product\/yoast-seo-premium-wordpress\/ -->\n<title>Noticias - \u00c1lvaro Camacho Rodr\u00edguez<\/title>\n<meta name=\"description\" content=\"Noticias del libro AUTOAYUDA PO\u00c9TICA de \u00c1lvaro Camacho Rodr\u00edguez. Ferias, presentaciones, rese\u00f1as, art\u00edculos.\" \/>\n<meta name=\"robots\" content=\"index, follow, max-snippet:-1, max-image-preview:large, max-video-preview:-1\" \/>\n<link rel=\"canonical\" href=\"https:\/\/nuestrosescritores.com\/alvarocamacho\/noticias\/\" \/>\n<meta property=\"og:locale\" content=\"es_ES\" \/>\n<meta property=\"og:type\" content=\"article\" \/>\n<meta property=\"og:title\" content=\"Noticias\" \/>\n<meta property=\"og:description\" content=\"Noticias del libro AUTOAYUDA PO\u00c9TICA de \u00c1lvaro Camacho Rodr\u00edguez. Ferias, presentaciones, rese\u00f1as, art\u00edculos.\" \/>\n<meta property=\"og:url\" content=\"https:\/\/nuestrosescritores.com\/alvarocamacho\/noticias\/\" \/>\n<meta property=\"og:site_name\" content=\"\u00c1lvaro Camacho Rodr\u00edguez\" \/>\n<meta name=\"twitter:card\" content=\"summary_large_image\" \/>\n<meta name=\"twitter:label1\" content=\"Tiempo de lectura\" \/>\n\t<meta name=\"twitter:data1\" content=\"1 minuto\" \/>\n<script type=\"application\/ld+json\" class=\"yoast-schema-graph\">{\"@context\":\"https:\\\/\\\/schema.org\",\"@graph\":[{\"@type\":\"WebPage\",\"@id\":\"https:\\\/\\\/nuestrosescritores.com\\\/alvarocamacho\\\/noticias\\\/\",\"url\":\"https:\\\/\\\/nuestrosescritores.com\\\/alvarocamacho\\\/noticias\\\/\",\"name\":\"Noticias - \u00c1lvaro Camacho Rodr\u00edguez\",\"isPartOf\":{\"@id\":\"https:\\\/\\\/nuestrosescritores.com\\\/alvarocamacho\\\/#website\"},\"datePublished\":\"2024-11-04T09:31:32+00:00\",\"description\":\"Noticias del libro AUTOAYUDA PO\u00c9TICA de \u00c1lvaro Camacho Rodr\u00edguez. Ferias, presentaciones, rese\u00f1as, art\u00edculos.\",\"breadcrumb\":{\"@id\":\"https:\\\/\\\/nuestrosescritores.com\\\/alvarocamacho\\\/noticias\\\/#breadcrumb\"},\"inLanguage\":\"es\",\"potentialAction\":[{\"@type\":\"ReadAction\",\"target\":[\"https:\\\/\\\/nuestrosescritores.com\\\/alvarocamacho\\\/noticias\\\/\"]}]},{\"@type\":\"BreadcrumbList\",\"@id\":\"https:\\\/\\\/nuestrosescritores.com\\\/alvarocamacho\\\/noticias\\\/#breadcrumb\",\"itemListElement\":[{\"@type\":\"ListItem\",\"position\":1,\"name\":\"Portada\",\"item\":\"https:\\\/\\\/nuestrosescritores.com\\\/alvarocamacho\\\/\"},{\"@type\":\"ListItem\",\"position\":2,\"name\":\"Noticias\"}]},{\"@type\":\"WebSite\",\"@id\":\"https:\\\/\\\/nuestrosescritores.com\\\/alvarocamacho\\\/#website\",\"url\":\"https:\\\/\\\/nuestrosescritores.com\\\/alvarocamacho\\\/\",\"name\":\"Nuestros escritores\",\"description\":\"Escritor\",\"potentialAction\":[{\"@type\":\"SearchAction\",\"target\":{\"@type\":\"EntryPoint\",\"urlTemplate\":\"https:\\\/\\\/nuestrosescritores.com\\\/alvarocamacho\\\/?s={search_term_string}\"},\"query-input\":{\"@type\":\"PropertyValueSpecification\",\"valueRequired\":true,\"valueName\":\"search_term_string\"}}],\"inLanguage\":\"es\"}]}<\/script>\n<!-- \/ Yoast SEO Premium plugin. -->","yoast_head_json":{"title":"Noticias - \u00c1lvaro Camacho Rodr\u00edguez","description":"Noticias del libro AUTOAYUDA PO\u00c9TICA de \u00c1lvaro Camacho Rodr\u00edguez. Ferias, presentaciones, rese\u00f1as, art\u00edculos.","robots":{"index":"index","follow":"follow","max-snippet":"max-snippet:-1","max-image-preview":"max-image-preview:large","max-video-preview":"max-video-preview:-1"},"canonical":"https:\/\/nuestrosescritores.com\/alvarocamacho\/noticias\/","og_locale":"es_ES","og_type":"article","og_title":"Noticias","og_description":"Noticias del libro AUTOAYUDA PO\u00c9TICA de \u00c1lvaro Camacho Rodr\u00edguez. Ferias, presentaciones, rese\u00f1as, art\u00edculos.","og_url":"https:\/\/nuestrosescritores.com\/alvarocamacho\/noticias\/","og_site_name":"\u00c1lvaro Camacho Rodr\u00edguez","twitter_card":"summary_large_image","twitter_misc":{"Tiempo de lectura":"1 minuto"},"schema":{"@context":"https:\/\/schema.org","@graph":[{"@type":"WebPage","@id":"https:\/\/nuestrosescritores.com\/alvarocamacho\/noticias\/","url":"https:\/\/nuestrosescritores.com\/alvarocamacho\/noticias\/","name":"Noticias - \u00c1lvaro Camacho Rodr\u00edguez","isPartOf":{"@id":"https:\/\/nuestrosescritores.com\/alvarocamacho\/#website"},"datePublished":"2024-11-04T09:31:32+00:00","description":"Noticias del libro AUTOAYUDA PO\u00c9TICA de \u00c1lvaro Camacho Rodr\u00edguez. Ferias, presentaciones, rese\u00f1as, art\u00edculos.","breadcrumb":{"@id":"https:\/\/nuestrosescritores.com\/alvarocamacho\/noticias\/#breadcrumb"},"inLanguage":"es","potentialAction":[{"@type":"ReadAction","target":["https:\/\/nuestrosescritores.com\/alvarocamacho\/noticias\/"]}]},{"@type":"BreadcrumbList","@id":"https:\/\/nuestrosescritores.com\/alvarocamacho\/noticias\/#breadcrumb","itemListElement":[{"@type":"ListItem","position":1,"name":"Portada","item":"https:\/\/nuestrosescritores.com\/alvarocamacho\/"},{"@type":"ListItem","position":2,"name":"Noticias"}]},{"@type":"WebSite","@id":"https:\/\/nuestrosescritores.com\/alvarocamacho\/#website","url":"https:\/\/nuestrosescritores.com\/alvarocamacho\/","name":"Nuestros escritores","description":"Escritor","potentialAction":[{"@type":"SearchAction","target":{"@type":"EntryPoint","urlTemplate":"https:\/\/nuestrosescritores.com\/alvarocamacho\/?s={search_term_string}"},"query-input":{"@type":"PropertyValueSpecification","valueRequired":true,"valueName":"search_term_string"}}],"inLanguage":"es"}]}},"_links":{"self":[{"href":"https:\/\/nuestrosescritores.com\/alvarocamacho\/wp-json\/wp\/v2\/pages\/171","targetHints":{"allow":["GET"]}}],"collection":[{"href":"https:\/\/nuestrosescritores.com\/alvarocamacho\/wp-json\/wp\/v2\/pages"}],"about":[{"href":"https:\/\/nuestrosescritores.com\/alvarocamacho\/wp-json\/wp\/v2\/types\/page"}],"author":[{"embeddable":true,"href":"https:\/\/nuestrosescritores.com\/alvarocamacho\/wp-json\/wp\/v2\/users\/1"}],"replies":[{"embeddable":true,"href":"https:\/\/nuestrosescritores.com\/alvarocamacho\/wp-json\/wp\/v2\/comments?post=171"}],"version-history":[{"count":0,"href":"https:\/\/nuestrosescritores.com\/alvarocamacho\/wp-json\/wp\/v2\/pages\/171\/revisions"}],"wp:attachment":[{"href":"https:\/\/nuestrosescritores.com\/alvarocamacho\/wp-json\/wp\/v2\/media?parent=171"}],"curies":[{"name":"wp","href":"https:\/\/api.w.org\/{rel}","templated":true}]}}