{"id":195,"date":"2026-01-10T12:43:54","date_gmt":"2026-01-10T11:43:54","guid":{"rendered":"https:\/\/nuestrosescritores.com\/almugambi\/?page_id=195"},"modified":"2026-01-10T12:43:54","modified_gmt":"2026-01-10T11:43:54","slug":"poesias","status":"publish","type":"page","link":"https:\/\/nuestrosescritores.com\/almugambi\/poesias\/","title":{"rendered":"POES\u00cdAS"},"content":{"rendered":"<div class=\"wpb-content-wrapper\">[vc_row full_width=&#8221;stretch_row_content_no_spaces&#8221;][vc_column extend=&#8221;false&#8221;]<div class='gambit_parallax_row' data-bg-align='' data-direction='fixed' data-opacity='100' data-velocity='-0.3' data-mobile-enabled='' data-bg-height='1536' data-bg-width='1024' data-bg-image='https:\/\/nuestrosescritores.com\/almugambi\/wp-content\/uploads\/sites\/227\/2026\/01\/Firefly_GPT_Split-screen-composition-left-side-Mars-landscape-with-red-desert-and-abandoned-mili-748834_resultado.webp' data-bg-repeat='false' data-id='' style='display: none'><\/div><div class=\"gambit_fullheight_row\" data-content-location=\"center\" style=\"display: none\"><\/div>[\/vc_column][\/vc_row][vc_row][vc_column extend=&#8221;false&#8221;][vc_column_text]\n<h2 class=\"mb-2 mt-4 font-sans font-semimedium text-base first:mt-0\"><strong>II<\/strong><\/h2>\n<p class=\"my-2 [&amp;+p]:mt-4 [&amp;_strong:has(+br)]:inline-block [&amp;_strong:has(+br)]:pb-2\">Somos hijos del amor l\u00edquido<br \/>\nde ese que se escapa de las manos<br \/>\ndel que dice ya te llamar\u00e9<br \/>\ny sabes que en muy poco se olvida.<\/p>\n<p class=\"my-2 [&amp;+p]:mt-4 [&amp;_strong:has(+br)]:inline-block [&amp;_strong:has(+br)]:pb-2\">Somos hijos del siglo XXI<br \/>\nde las resacas por las ma\u00f1anas,<br \/>\nde levantarme muy despacito<br \/>\npara poder huir de tu cama.<\/p>\n<p class=\"my-2 [&amp;+p]:mt-4 [&amp;_strong:has(+br)]:inline-block [&amp;_strong:has(+br)]:pb-2\">Somos hijos del silencio<br \/>\nque nos desboca los besos<br \/>\ny con mucho disimulo los oprime,<br \/>\ncall\u00e1ndonos los &#8220;te quiero&#8221;.<\/p>\n<p class=\"my-2 [&amp;+p]:mt-4 [&amp;_strong:has(+br)]:inline-block [&amp;_strong:has(+br)]:pb-2\">Hijos de los mensajes escritos<br \/>\ncon la tinta del alcohol.<br \/>\nHijos de que cada noche<br \/>\nsea nuestra mejor noche.<\/p>\n<p class=\"my-2 [&amp;+p]:mt-4 [&amp;_strong:has(+br)]:inline-block [&amp;_strong:has(+br)]:pb-2\">Hijos de este momento,<br \/>\nque se desviven por plasmar el aqu\u00ed y el ahora.<br \/>\nDe la opini\u00f3n p\u00fablica<br \/>\nDe las historias baratas<br \/>\nDe la indiferencia.<\/p>\n<p>&nbsp;<\/p>\n<span class='bctt-click-to-tweet'><span class='bctt-ctt-text'><a href='https:\/\/x.com\/intent\/tweet?url=https%3A%2F%2Fnuestrosescritores.com%2Falmugambi%2Fpoesias%2F&#038;text=II%C2%A0del%20libro%20MARTE%20RETR%C3%93GRADO%2C%20VENUS%20AUSENTE%20de%20ALMU%20GAMBI&#038;via=poesiaerestu&#038;related=poesiaerestu' target='_blank'rel=\"noopener noreferrer\">II&nbsp;del libro MARTE RETR\u00d3GRADO, VENUS AUSENTE de ALMU GAMBI <\/a><\/span><a href='https:\/\/x.com\/intent\/tweet?url=https%3A%2F%2Fnuestrosescritores.com%2Falmugambi%2Fpoesias%2F&#038;text=II%C2%A0del%20libro%20MARTE%20RETR%C3%93GRADO%2C%20VENUS%20AUSENTE%20de%20ALMU%20GAMBI&#038;via=poesiaerestu&#038;related=poesiaerestu' target='_blank' class='bctt-ctt-btn'rel=\"noopener noreferrer\">Compartir en X<\/a><\/span>\n<p>&nbsp;[\/vc_column_text][\/vc_column][\/vc_row][vc_row full_width=&#8221;stretch_row_content_no_spaces&#8221;][vc_column extend=&#8221;false&#8221;]<div class='gambit_parallax_row' data-bg-align='' data-direction='fixed' data-opacity='100' data-velocity='-0.3' data-mobile-enabled='' data-bg-height='1152' data-bg-width='864' data-bg-image='https:\/\/nuestrosescritores.com\/almugambi\/wp-content\/uploads\/sites\/227\/2026\/01\/Firefly_Ideogram_Astronomical-symbols-of-Mars-\u2642-and-Venus-\u2640-intertwined-like-barbed-wire-oxidized-748834-1_resultado.webp' data-bg-repeat='false' data-id='' style='display: none'><\/div><div class=\"gambit_fullheight_row\" data-content-location=\"center\" style=\"display: none\"><\/div>[\/vc_column][\/vc_row][vc_row][vc_column extend=&#8221;false&#8221;][vc_column_text]\n<h1><a name=\"_Toc50565515\"><\/a><\/h1>\n<h2 class=\"mb-2 mt-4 font-sans font-semimedium text-base first:mt-0\"><strong>X<\/strong><\/h2>\n<p class=\"my-2 [&amp;+p]:mt-4 [&amp;_strong:has(+br)]:inline-block [&amp;_strong:has(+br)]:pb-2\">Si porque a \u00cdcaro ya vi no fuera,<br \/>\ndejar\u00eda donde est\u00e1n esas plumas<br \/>\ny me mantendr\u00eda m\u00e1s tiempo a la espera,<br \/>\nporque s\u00e9 que es mejor volar a oscuras.<\/p>\n<p class=\"my-2 [&amp;+p]:mt-4 [&amp;_strong:has(+br)]:inline-block [&amp;_strong:has(+br)]:pb-2\">Si no fuera porque ya no tengo cera,<br \/>\nporque me he olvidado que la ca\u00edda es dura<br \/>\ny que en el laberinto hay una puerta.<br \/>\nSi no fuera por la mirada tuya\u2026<\/p>\n<p class=\"my-2 [&amp;+p]:mt-4 [&amp;_strong:has(+br)]:inline-block [&amp;_strong:has(+br)]:pb-2\">Crear\u00eda un sistema de poleas,<br \/>\nbuscar\u00eda de forma concienzuda<br \/>\nla forma m\u00e1s sana de escapar,<\/p>\n<p class=\"my-2 [&amp;+p]:mt-4 [&amp;_strong:has(+br)]:inline-block [&amp;_strong:has(+br)]:pb-2\">pero ya te tengo entre ceja y ceja,<br \/>\nse me ha quitado el miedo a las alturas,<br \/>\naunque caiga de bruces contra el mar.<\/p>\n<p>&nbsp;<\/p>\n<span class='bctt-click-to-tweet'><span class='bctt-ctt-text'><a href='https:\/\/x.com\/intent\/tweet?url=https%3A%2F%2Fnuestrosescritores.com%2Falmugambi%2Fpoesias%2F&#038;text=X%20del%20libro%20MARTE%20RETR%C3%93GRADO%2C%20VENUS%20AUSENTE%20de%20ALMU%20GAMBI&#038;via=poesiaerestu&#038;related=poesiaerestu' target='_blank'rel=\"noopener noreferrer\">X del libro MARTE RETR\u00d3GRADO, VENUS AUSENTE de ALMU GAMBI <\/a><\/span><a href='https:\/\/x.com\/intent\/tweet?url=https%3A%2F%2Fnuestrosescritores.com%2Falmugambi%2Fpoesias%2F&#038;text=X%20del%20libro%20MARTE%20RETR%C3%93GRADO%2C%20VENUS%20AUSENTE%20de%20ALMU%20GAMBI&#038;via=poesiaerestu&#038;related=poesiaerestu' target='_blank' class='bctt-ctt-btn'rel=\"noopener noreferrer\">Compartir en X<\/a><\/span>\n<p>&nbsp;<\/p>\n<p>&nbsp;[\/vc_column_text][\/vc_column][\/vc_row][vc_row][vc_column extend=&#8221;false&#8221;]<div class='gambit_parallax_row' data-bg-align='' data-direction='fixed' data-opacity='100' data-velocity='-0.3' data-mobile-enabled='' data-bg-height='1376' data-bg-width='768' data-bg-image='https:\/\/nuestrosescritores.com\/almugambi\/wp-content\/uploads\/sites\/227\/2026\/01\/Firefly_Gemini-Flash_Haz-la-imagen-mas-antigua-802360_resultado.webp' data-bg-repeat='false' data-id='' style='display: none'><\/div><div class=\"gambit_fullheight_row\" data-content-location=\"center\" style=\"display: none\"><\/div>[\/vc_column][\/vc_row][vc_row][vc_column extend=&#8221;false&#8221;][vc_column_text]\n<h1><a name=\"_Toc50565520\"><\/a><\/h1>\n<h2 class=\"mb-2 mt-4 font-sans font-semimedium text-base first:mt-0\"><strong>XX<\/strong><\/h2>\n<p class=\"my-2 [&amp;+p]:mt-4 [&amp;_strong:has(+br)]:inline-block [&amp;_strong:has(+br)]:pb-2\">A nadie le satisface un vaso de agua,<br \/>\ncuando lo que quiere es una copa de vino.<\/p>\n<p class=\"my-2 [&amp;+p]:mt-4 [&amp;_strong:has(+br)]:inline-block [&amp;_strong:has(+br)]:pb-2\">Igual que a m\u00ed no me satisface un polvo,<br \/>\ncuando lo que quiero o\u00edr es un &#8220;te quiero&#8221; al o\u00eddo.<\/p>\n<p>&nbsp;<\/p>\n<p>&nbsp;<\/p>\n<p>&nbsp;<\/p>\n<p>&nbsp;<\/p>\n<p>&nbsp;<\/p>\n<span class='bctt-click-to-tweet'><span class='bctt-ctt-text'><a href='https:\/\/x.com\/intent\/tweet?url=https%3A%2F%2Fnuestrosescritores.com%2Falmugambi%2Fpoesias%2F&#038;text=XX%20del%20libro%20MARTE%20RETR%C3%93GRADO%2C%20VENUS%20AUSENTE%20de%20ALMU%20GAMBI&#038;via=poesiaerestu&#038;related=poesiaerestu' target='_blank'rel=\"noopener noreferrer\">XX del libro MARTE RETR\u00d3GRADO, VENUS AUSENTE de ALMU GAMBI <\/a><\/span><a href='https:\/\/x.com\/intent\/tweet?url=https%3A%2F%2Fnuestrosescritores.com%2Falmugambi%2Fpoesias%2F&#038;text=XX%20del%20libro%20MARTE%20RETR%C3%93GRADO%2C%20VENUS%20AUSENTE%20de%20ALMU%20GAMBI&#038;via=poesiaerestu&#038;related=poesiaerestu' target='_blank' class='bctt-ctt-btn'rel=\"noopener noreferrer\">Compartir en X<\/a><\/span>[\/vc_column_text][\/vc_column][\/vc_row][vc_row][vc_column extend=&#8221;false&#8221;]<div class='gambit_parallax_row' data-bg-align='' data-direction='fixed' data-opacity='100' data-velocity='-0.3' data-mobile-enabled='' data-bg-height='1376' data-bg-width='768' data-bg-image='https:\/\/nuestrosescritores.com\/almugambi\/wp-content\/uploads\/sites\/227\/2026\/01\/Firefly_Gemini-Flash_Fotografia-en-blanco-y-negro-de-alta-contraste-de-dos-manos-que-casi-se-tocan-pero-no-850363-2_resultado.webp' data-bg-repeat='false' data-id='' style='display: none'><\/div><div class=\"gambit_fullheight_row\" data-content-location=\"center\" style=\"display: none\"><\/div>[\/vc_column][\/vc_row][vc_row][vc_column extend=&#8221;false&#8221;][vc_column_text]\n<h1><a name=\"_Toc50565535\"><\/a><\/h1>\n<h2 class=\"mb-2 mt-4 font-sans font-semimedium text-base first:mt-0\"><strong>Reclamaci\u00f3n<\/strong><\/h2>\n<p class=\"my-2 [&amp;+p]:mt-4 [&amp;_strong:has(+br)]:inline-block [&amp;_strong:has(+br)]:pb-2\">Otra vez lloras por tus romances de Aliexpress<br \/>\nporque no tienes a qui\u00e9n devolver este producto.<br \/>\nAl final no encuentras tu tiempo devuelto.<br \/>\n\u00bfCu\u00e1nto tardas en volver a caer?<\/p>\n<p class=\"my-2 [&amp;+p]:mt-4 [&amp;_strong:has(+br)]:inline-block [&amp;_strong:has(+br)]:pb-2\">Quieres poner queja y no sabes d\u00f3nde:<br \/>\nNo se corresponde con las fotos,<br \/>\nes barato, vulgar, superficial\u2026<br \/>\ny nunca sabes cu\u00e1nto va a durar.<\/p>\n<p class=\"my-2 [&amp;+p]:mt-4 [&amp;_strong:has(+br)]:inline-block [&amp;_strong:has(+br)]:pb-2\">Pero otra vez miras tu amor roto,<br \/>\nc\u00f3mo se te caen las piezas de las manos<br \/>\nsin supergl\u00fa para pegarlas.<\/p>\n<p class=\"my-2 [&amp;+p]:mt-4 [&amp;_strong:has(+br)]:inline-block [&amp;_strong:has(+br)]:pb-2\">Corres al m\u00f3vil a buscar por la app<br \/>\notro amor barato y frugal<br \/>\nal que despu\u00e9s poder llorar.<\/p>\n<p>&nbsp;<\/p>\n<span class='bctt-click-to-tweet'><span class='bctt-ctt-text'><a href='https:\/\/x.com\/intent\/tweet?url=https%3A%2F%2Fnuestrosescritores.com%2Falmugambi%2Fpoesias%2F&#038;text=Reclamaci%C3%B3n%20del%20libro%20MARTE%20RETR%C3%93GRADO%2C%20VENUS%20AUSENTE%20de%20ALMU%20GAMBI&#038;via=poesiaerestu&#038;related=poesiaerestu' target='_blank'rel=\"noopener noreferrer\">Reclamaci\u00f3n del libro MARTE RETR\u00d3GRADO, VENUS AUSENTE de ALMU GAMBI <\/a><\/span><a href='https:\/\/x.com\/intent\/tweet?url=https%3A%2F%2Fnuestrosescritores.com%2Falmugambi%2Fpoesias%2F&#038;text=Reclamaci%C3%B3n%20del%20libro%20MARTE%20RETR%C3%93GRADO%2C%20VENUS%20AUSENTE%20de%20ALMU%20GAMBI&#038;via=poesiaerestu&#038;related=poesiaerestu' target='_blank' class='bctt-ctt-btn'rel=\"noopener noreferrer\">Compartir en X<\/a><\/span>[\/vc_column_text][\/vc_column][\/vc_row][vc_row][vc_column extend=&#8221;false&#8221;]<div class='gambit_parallax_row' data-bg-align='' data-direction='fixed' data-opacity='100' data-velocity='-0.3' data-mobile-enabled='' data-bg-height='1536' data-bg-width='1024' data-bg-image='https:\/\/nuestrosescritores.com\/almugambi\/wp-content\/uploads\/sites\/227\/2026\/01\/Firefly_GPT_WhatsApp-notification-bubble-floating-over-scattered-metal-shrapnel-on-concrete-surfa-748834_resultado.webp' data-bg-repeat='false' data-id='' style='display: none'><\/div><div class=\"gambit_fullheight_row\" data-content-location=\"center\" style=\"display: none\"><\/div>[\/vc_column][\/vc_row][vc_row][vc_column extend=&#8221;false&#8221;][vc_column_text]\n<h1><a name=\"_Toc29236770\"><\/a><\/h1>\n<h1><a name=\"_Toc50565544\"><\/a><\/h1>\n<h2 class=\"mb-2 mt-4 font-sans font-semimedium text-base first:mt-0\"><strong>XLVII<\/strong><\/h2>\n<p class=\"my-2 [&amp;+p]:mt-4 [&amp;_strong:has(+br)]:inline-block [&amp;_strong:has(+br)]:pb-2\">Parece que se acab\u00f3 nuestra guerra<br \/>\ny tras firmar el tratado de paz,<br \/>\nqueda en el aire el aroma a napalm<br \/>\ny en el suelo un rastro de sangre seca.<\/p>\n<p class=\"my-2 [&amp;+p]:mt-4 [&amp;_strong:has(+br)]:inline-block [&amp;_strong:has(+br)]:pb-2\">Ya no hay ayuda humanitaria en venta,<br \/>\nsolo unos campos yermos por segar<br \/>\ny como materia prima, la cal.<br \/>\n\u00bfD\u00f3nde est\u00e1 la simiente de esta tierra?<\/p>\n<p class=\"my-2 [&amp;+p]:mt-4 [&amp;_strong:has(+br)]:inline-block [&amp;_strong:has(+br)]:pb-2\">Agotamos las reservas guardadas<br \/>\nen este territorio asediado<br \/>\nque hace no mucho fue Tierra Santa.<\/p>\n<p class=\"my-2 [&amp;+p]:mt-4 [&amp;_strong:has(+br)]:inline-block [&amp;_strong:has(+br)]:pb-2\">Venus, ante el vac\u00edo desolada,<br \/>\nencuentra en el suelo que va pisando<br \/>\nflores blancas, brotando entre las armas.<\/p>\n<p>&nbsp;<\/p>\n<p>&nbsp;<\/p>\n<p>&nbsp;<\/p>\n<p>&nbsp;<\/p>\n<p>&nbsp;<\/p>\n<p>&nbsp;<\/p>\n<span class='bctt-click-to-tweet'><span class='bctt-ctt-text'><a href='https:\/\/x.com\/intent\/tweet?url=https%3A%2F%2Fnuestrosescritores.com%2Falmugambi%2Fpoesias%2F&#038;text=XLVII%20del%20libro%20MARTE%20RETR%C3%93GRADO%2C%20VENUS%20AUSENTE%20de%20ALMU%20GAMBI&#038;via=poesiaerestu&#038;related=poesiaerestu' target='_blank'rel=\"noopener noreferrer\">XLVII del libro MARTE RETR\u00d3GRADO, VENUS AUSENTE de ALMU GAMBI <\/a><\/span><a href='https:\/\/x.com\/intent\/tweet?url=https%3A%2F%2Fnuestrosescritores.com%2Falmugambi%2Fpoesias%2F&#038;text=XLVII%20del%20libro%20MARTE%20RETR%C3%93GRADO%2C%20VENUS%20AUSENTE%20de%20ALMU%20GAMBI&#038;via=poesiaerestu&#038;related=poesiaerestu' target='_blank' class='bctt-ctt-btn'rel=\"noopener noreferrer\">Compartir en X<\/a><\/span>[\/vc_column_text][\/vc_column][\/vc_row][vc_row][vc_column extend=&#8221;false&#8221;]<div class='gambit_parallax_row' data-bg-align='' data-direction='fixed' data-opacity='100' data-velocity='-0.3' data-mobile-enabled='' data-bg-height='1392' data-bg-width='752' data-bg-image='https:\/\/nuestrosescritores.com\/almugambi\/wp-content\/uploads\/sites\/227\/2026\/01\/Firefly_Flux_Hazla-mas-luminosoa-985421_resultado.webp' data-bg-repeat='false' data-id='' style='display: none'><\/div><div class=\"gambit_fullheight_row\" data-content-location=\"center\" style=\"display: none\"><\/div>[vc_column_text css=&#8221;&#8221;]\n<p style=\"text-align: center;\"><a class=\"fasc-button fasc-size-xlarge fasc-type-glossy fasc-rounded-medium\" style=\"background-color: #33809e; color: #ffffff;\" href=\"https:\/\/gepa.es\/producto\/marte-retrogrado-venus-ausente-almu-gambi\/\">Comprar el libro<\/a><\/p>\n[\/vc_column_text][\/vc_column][\/vc_row]\n<\/div>","protected":false},"excerpt":{"rendered":"<p>[vc_row full_width=&#8221;stretch_row_content_no_spaces&#8221;][vc_column extend=&#8221;false&#8221;][\/vc_column][\/vc_row][vc_row][vc_column extend=&#8221;false&#8221;][vc_column_text] II Somos hijos del amor l\u00edquido de ese que se escapa de las manos del que dice ya te llamar\u00e9 y sabes que en muy poco se olvida. Somos hijos del siglo XXI de las resacas por las ma\u00f1anas, de levantarme muy despacito para poder huir de tu cama. Somos hijos [&hellip;]<\/p>\n","protected":false},"author":1,"featured_media":135,"parent":0,"menu_order":0,"comment_status":"closed","ping_status":"closed","template":"","meta":{"_acf_changed":false,"footnotes":""},"class_list":["post-195","page","type-page","status-publish","has-post-thumbnail","hentry"],"acf":[],"yoast_head":"<!-- This site is optimized with the Yoast SEO Premium plugin v24.7 (Yoast SEO v27.4) - https:\/\/yoast.com\/product\/yoast-seo-premium-wordpress\/ -->\n<title>POES\u00cdAS - Almu Gambi<\/title>\n<meta name=\"robots\" content=\"index, follow, max-snippet:-1, max-image-preview:large, max-video-preview:-1\" \/>\n<link rel=\"canonical\" href=\"https:\/\/nuestrosescritores.com\/almugambi\/poesias\/\" \/>\n<meta property=\"og:locale\" content=\"es_ES\" \/>\n<meta property=\"og:type\" content=\"article\" \/>\n<meta property=\"og:title\" content=\"POES\u00cdAS\" \/>\n<meta property=\"og:description\" content=\"[vc_row full_width=&#8221;stretch_row_content_no_spaces&#8221;][vc_column extend=&#8221;false&#8221;][\/vc_column][\/vc_row][vc_row][vc_column extend=&#8221;false&#8221;][vc_column_text] II Somos hijos del amor l\u00edquido de ese que se escapa de las manos del que dice ya te llamar\u00e9 y sabes que en muy poco se olvida. Somos hijos del siglo XXI de las resacas por las ma\u00f1anas, de levantarme muy despacito para poder huir de tu cama. Somos hijos [&hellip;]\" \/>\n<meta property=\"og:url\" content=\"https:\/\/nuestrosescritores.com\/almugambi\/poesias\/\" \/>\n<meta property=\"og:site_name\" content=\"Almu Gambi\" \/>\n<meta property=\"og:image\" content=\"http:\/\/nuestrosescritores.com\/almugambi\/wp-content\/uploads\/sites\/227\/2026\/01\/0_Portado_Marte-retrogrado-Venus-ausente.jpg\" \/>\n\t<meta property=\"og:image:width\" content=\"559\" \/>\n\t<meta property=\"og:image:height\" content=\"794\" \/>\n\t<meta property=\"og:image:type\" content=\"image\/jpeg\" \/>\n<meta name=\"twitter:card\" content=\"summary_large_image\" \/>\n<meta name=\"twitter:label1\" content=\"Tiempo de lectura\" \/>\n\t<meta name=\"twitter:data1\" content=\"4 minutos\" \/>\n<script type=\"application\/ld+json\" class=\"yoast-schema-graph\">{\"@context\":\"https:\\\/\\\/schema.org\",\"@graph\":[{\"@type\":\"WebPage\",\"@id\":\"https:\\\/\\\/nuestrosescritores.com\\\/almugambi\\\/poesias\\\/\",\"url\":\"https:\\\/\\\/nuestrosescritores.com\\\/almugambi\\\/poesias\\\/\",\"name\":\"POES\u00cdAS - Almu Gambi\",\"isPartOf\":{\"@id\":\"https:\\\/\\\/nuestrosescritores.com\\\/almugambi\\\/#website\"},\"primaryImageOfPage\":{\"@id\":\"https:\\\/\\\/nuestrosescritores.com\\\/almugambi\\\/poesias\\\/#primaryimage\"},\"image\":{\"@id\":\"https:\\\/\\\/nuestrosescritores.com\\\/almugambi\\\/poesias\\\/#primaryimage\"},\"thumbnailUrl\":\"https:\\\/\\\/nuestrosescritores.com\\\/almugambi\\\/wp-content\\\/uploads\\\/sites\\\/227\\\/2026\\\/01\\\/0_Portado_Marte-retrogrado-Venus-ausente.jpg\",\"datePublished\":\"2026-01-10T11:43:54+00:00\",\"breadcrumb\":{\"@id\":\"https:\\\/\\\/nuestrosescritores.com\\\/almugambi\\\/poesias\\\/#breadcrumb\"},\"inLanguage\":\"es\",\"potentialAction\":[{\"@type\":\"ReadAction\",\"target\":[\"https:\\\/\\\/nuestrosescritores.com\\\/almugambi\\\/poesias\\\/\"]}]},{\"@type\":\"ImageObject\",\"inLanguage\":\"es\",\"@id\":\"https:\\\/\\\/nuestrosescritores.com\\\/almugambi\\\/poesias\\\/#primaryimage\",\"url\":\"https:\\\/\\\/nuestrosescritores.com\\\/almugambi\\\/wp-content\\\/uploads\\\/sites\\\/227\\\/2026\\\/01\\\/0_Portado_Marte-retrogrado-Venus-ausente.jpg\",\"contentUrl\":\"https:\\\/\\\/nuestrosescritores.com\\\/almugambi\\\/wp-content\\\/uploads\\\/sites\\\/227\\\/2026\\\/01\\\/0_Portado_Marte-retrogrado-Venus-ausente.jpg\",\"width\":559,\"height\":794},{\"@type\":\"BreadcrumbList\",\"@id\":\"https:\\\/\\\/nuestrosescritores.com\\\/almugambi\\\/poesias\\\/#breadcrumb\",\"itemListElement\":[{\"@type\":\"ListItem\",\"position\":1,\"name\":\"Portada\",\"item\":\"https:\\\/\\\/nuestrosescritores.com\\\/almugambi\\\/\"},{\"@type\":\"ListItem\",\"position\":2,\"name\":\"POES\u00cdAS\"}]},{\"@type\":\"WebSite\",\"@id\":\"https:\\\/\\\/nuestrosescritores.com\\\/almugambi\\\/#website\",\"url\":\"https:\\\/\\\/nuestrosescritores.com\\\/almugambi\\\/\",\"name\":\"Nuestros escritores\",\"description\":\"Escritora\",\"potentialAction\":[{\"@type\":\"SearchAction\",\"target\":{\"@type\":\"EntryPoint\",\"urlTemplate\":\"https:\\\/\\\/nuestrosescritores.com\\\/almugambi\\\/?s={search_term_string}\"},\"query-input\":{\"@type\":\"PropertyValueSpecification\",\"valueRequired\":true,\"valueName\":\"search_term_string\"}}],\"inLanguage\":\"es\"}]}<\/script>\n<!-- \/ Yoast SEO Premium plugin. -->","yoast_head_json":{"title":"POES\u00cdAS - Almu Gambi","robots":{"index":"index","follow":"follow","max-snippet":"max-snippet:-1","max-image-preview":"max-image-preview:large","max-video-preview":"max-video-preview:-1"},"canonical":"https:\/\/nuestrosescritores.com\/almugambi\/poesias\/","og_locale":"es_ES","og_type":"article","og_title":"POES\u00cdAS","og_description":"[vc_row full_width=&#8221;stretch_row_content_no_spaces&#8221;][vc_column extend=&#8221;false&#8221;][\/vc_column][\/vc_row][vc_row][vc_column extend=&#8221;false&#8221;][vc_column_text] II Somos hijos del amor l\u00edquido de ese que se escapa de las manos del que dice ya te llamar\u00e9 y sabes que en muy poco se olvida. Somos hijos del siglo XXI de las resacas por las ma\u00f1anas, de levantarme muy despacito para poder huir de tu cama. Somos hijos [&hellip;]","og_url":"https:\/\/nuestrosescritores.com\/almugambi\/poesias\/","og_site_name":"Almu Gambi","og_image":[{"width":559,"height":794,"url":"http:\/\/nuestrosescritores.com\/almugambi\/wp-content\/uploads\/sites\/227\/2026\/01\/0_Portado_Marte-retrogrado-Venus-ausente.jpg","type":"image\/jpeg"}],"twitter_card":"summary_large_image","twitter_misc":{"Tiempo de lectura":"4 minutos"},"schema":{"@context":"https:\/\/schema.org","@graph":[{"@type":"WebPage","@id":"https:\/\/nuestrosescritores.com\/almugambi\/poesias\/","url":"https:\/\/nuestrosescritores.com\/almugambi\/poesias\/","name":"POES\u00cdAS - Almu Gambi","isPartOf":{"@id":"https:\/\/nuestrosescritores.com\/almugambi\/#website"},"primaryImageOfPage":{"@id":"https:\/\/nuestrosescritores.com\/almugambi\/poesias\/#primaryimage"},"image":{"@id":"https:\/\/nuestrosescritores.com\/almugambi\/poesias\/#primaryimage"},"thumbnailUrl":"https:\/\/nuestrosescritores.com\/almugambi\/wp-content\/uploads\/sites\/227\/2026\/01\/0_Portado_Marte-retrogrado-Venus-ausente.jpg","datePublished":"2026-01-10T11:43:54+00:00","breadcrumb":{"@id":"https:\/\/nuestrosescritores.com\/almugambi\/poesias\/#breadcrumb"},"inLanguage":"es","potentialAction":[{"@type":"ReadAction","target":["https:\/\/nuestrosescritores.com\/almugambi\/poesias\/"]}]},{"@type":"ImageObject","inLanguage":"es","@id":"https:\/\/nuestrosescritores.com\/almugambi\/poesias\/#primaryimage","url":"https:\/\/nuestrosescritores.com\/almugambi\/wp-content\/uploads\/sites\/227\/2026\/01\/0_Portado_Marte-retrogrado-Venus-ausente.jpg","contentUrl":"https:\/\/nuestrosescritores.com\/almugambi\/wp-content\/uploads\/sites\/227\/2026\/01\/0_Portado_Marte-retrogrado-Venus-ausente.jpg","width":559,"height":794},{"@type":"BreadcrumbList","@id":"https:\/\/nuestrosescritores.com\/almugambi\/poesias\/#breadcrumb","itemListElement":[{"@type":"ListItem","position":1,"name":"Portada","item":"https:\/\/nuestrosescritores.com\/almugambi\/"},{"@type":"ListItem","position":2,"name":"POES\u00cdAS"}]},{"@type":"WebSite","@id":"https:\/\/nuestrosescritores.com\/almugambi\/#website","url":"https:\/\/nuestrosescritores.com\/almugambi\/","name":"Nuestros escritores","description":"Escritora","potentialAction":[{"@type":"SearchAction","target":{"@type":"EntryPoint","urlTemplate":"https:\/\/nuestrosescritores.com\/almugambi\/?s={search_term_string}"},"query-input":{"@type":"PropertyValueSpecification","valueRequired":true,"valueName":"search_term_string"}}],"inLanguage":"es"}]}},"_links":{"self":[{"href":"https:\/\/nuestrosescritores.com\/almugambi\/wp-json\/wp\/v2\/pages\/195","targetHints":{"allow":["GET"]}}],"collection":[{"href":"https:\/\/nuestrosescritores.com\/almugambi\/wp-json\/wp\/v2\/pages"}],"about":[{"href":"https:\/\/nuestrosescritores.com\/almugambi\/wp-json\/wp\/v2\/types\/page"}],"author":[{"embeddable":true,"href":"https:\/\/nuestrosescritores.com\/almugambi\/wp-json\/wp\/v2\/users\/1"}],"replies":[{"embeddable":true,"href":"https:\/\/nuestrosescritores.com\/almugambi\/wp-json\/wp\/v2\/comments?post=195"}],"version-history":[{"count":0,"href":"https:\/\/nuestrosescritores.com\/almugambi\/wp-json\/wp\/v2\/pages\/195\/revisions"}],"wp:featuredmedia":[{"embeddable":true,"href":"https:\/\/nuestrosescritores.com\/almugambi\/wp-json\/wp\/v2\/media\/135"}],"wp:attachment":[{"href":"https:\/\/nuestrosescritores.com\/almugambi\/wp-json\/wp\/v2\/media?parent=195"}],"curies":[{"name":"wp","href":"https:\/\/api.w.org\/{rel}","templated":true}]}}