{"id":102,"date":"2025-07-13T11:01:33","date_gmt":"2025-07-13T09:01:33","guid":{"rendered":"https:\/\/nuestrosescritores.com\/almudenapaz\/?page_id=102"},"modified":"2025-07-13T12:56:43","modified_gmt":"2025-07-13T10:56:43","slug":"poesia","status":"publish","type":"page","link":"https:\/\/nuestrosescritores.com\/almudenapaz\/poesia\/","title":{"rendered":"POES\u00cdA"},"content":{"rendered":"<div class=\"wpb-content-wrapper\">[vc_row full_width=&#8221;stretch_row_content_no_spaces&#8221;][vc_column extend=&#8221;false&#8221;]<div class='gambit_parallax_row' data-bg-align='' data-direction='fixed' data-opacity='100' data-velocity='-0.3' data-mobile-enabled='' data-bg-height='1024' data-bg-width='1024' data-bg-image='https:\/\/nuestrosescritores.com\/almudenapaz\/wp-content\/uploads\/sites\/207\/2025\/07\/freepik__crea-una-imagen-de-una-puerta-antigua-entreabierta__31865.webp' data-bg-repeat='false' data-id='' style='display: none'><\/div><div class=\"gambit_fullheight_row\" data-content-location=\"center\" style=\"display: none\"><\/div>[\/vc_column][\/vc_row][vc_row][vc_column extend=&#8221;false&#8221;][vc_column_text css=&#8221;.vc_custom_1752397403196{padding: 15% !important;}&#8221;]\n<h1><a name=\"_Toc25777144\"><\/a><\/h1>\n<h1><a name=\"_Toc200898751\"><\/a>PELEA<\/h1>\n<p>&nbsp;<\/p>\n<p>Fuertes ra\u00edces abri\u00e9ndose paso,<\/p>\n<p>finas sutilezas enredando dentro,<\/p>\n<p>horadando el alma doliente.<\/p>\n<p>&nbsp;<\/p>\n<p>Agua que el demonio vierte<\/p>\n<p>para alimentar el desamor,<\/p>\n<p>profundizando en la tierra por<\/p>\n<p>la rutina aireada.<\/p>\n<p>&nbsp;<\/p>\n<p>Ramificaciones de una misma mentira,<\/p>\n<p>mentiras de una misma sinraz\u00f3n,<\/p>\n<p>sinraz\u00f3n de un profundo error<\/p>\n<p>enterrado.<\/p>\n<p>&nbsp;<\/p>\n<p>Transf\u00f3rmate en azada y bucea,<\/p>\n<p>tus palabras cortando ra\u00edces,<\/p>\n<p>tu ser desenterrado,<\/p>\n<p>tu alma resucitada.<\/p>\n<p>&nbsp;<\/p>\n<p>Busca que tu coraz\u00f3n desborde<\/p>\n<p>por tus campos la avenida<\/p>\n<p>de verdad, de raz\u00f3n, de libertad.<\/p>\n<p>&nbsp;<\/p>\n<p>&nbsp;<\/p>\n<span class='bctt-click-to-tweet'><span class='bctt-ctt-text'><a href='https:\/\/x.com\/intent\/tweet?url=https%3A%2F%2Fnuestrosescritores.com%2Falmudenapaz%2Fpoesia%2F&#038;text=PELEA%C2%A0del%20libro%20HAY%20UNA%20PUERTA%20EN%20LA%20POES%C3%8DA.%20OS%20INVITO%20A%20MI%20MUNDO%20de%20ALMUDENA%20PAZ%20GARC%C3%8DA&#038;via=poesiaerestu&#038;related=poesiaerestu' target='_blank'rel=\"noopener noreferrer\">PELEA&nbsp;del libro HAY UNA PUERTA EN LA POES\u00cdA. OS INVITO A MI MUNDO de ALMUDENA PAZ GARC\u00cdA <\/a><\/span><a href='https:\/\/x.com\/intent\/tweet?url=https%3A%2F%2Fnuestrosescritores.com%2Falmudenapaz%2Fpoesia%2F&#038;text=PELEA%C2%A0del%20libro%20HAY%20UNA%20PUERTA%20EN%20LA%20POES%C3%8DA.%20OS%20INVITO%20A%20MI%20MUNDO%20de%20ALMUDENA%20PAZ%20GARC%C3%8DA&#038;via=poesiaerestu&#038;related=poesiaerestu' target='_blank' class='bctt-ctt-btn'rel=\"noopener noreferrer\">Compartir en X<\/a><\/span>\n<p>&nbsp;[\/vc_column_text][\/vc_column][\/vc_row][vc_row full_width=&#8221;stretch_row_content_no_spaces&#8221;][vc_column extend=&#8221;false&#8221;]<div class='gambit_parallax_row' data-bg-align='' data-direction='fixed' data-opacity='100' data-velocity='-0.3' data-mobile-enabled='' data-bg-height='1024' data-bg-width='1024' data-bg-image='https:\/\/nuestrosescritores.com\/almudenapaz\/wp-content\/uploads\/sites\/207\/2025\/07\/freepik__candid-photography-with-natural-textures-and-highl__31868.webp' data-bg-repeat='false' data-id='' style='display: none'><\/div><div class=\"gambit_fullheight_row\" data-content-location=\"center\" style=\"display: none\"><\/div>[\/vc_column][\/vc_row][vc_row][vc_column extend=&#8221;false&#8221;][vc_column_text css=&#8221;.vc_custom_1752397413045{padding: 15% !important;}&#8221;]<a name=\"_Toc200898755\"><\/a><\/p>\n<h1><strong> TODO EST\u00c1 EN TI<\/strong><\/h1>\n<p>&nbsp;<\/p>\n<p>Sal\u00ed buscando un candil<\/p>\n<p>que iluminara mis sombras,<\/p>\n<p>sal\u00ed buscando lo qu\u00e9<\/p>\n<p>pensaba no era mi sayo.<\/p>\n<p>&nbsp;<\/p>\n<p>Cruc\u00e9 las puertas que no<\/p>\n<p>a\u00fan entend\u00eda eran vanas,<\/p>\n<p>y en mi af\u00e1n por encontrar<\/p>\n<p>otro sitio, otro lugar,<\/p>\n<p>me embarqu\u00e9 sin amarrar<\/p>\n<p>al m\u00e1stil mis pertenencias.<\/p>\n<p>&nbsp;<\/p>\n<p>Cruc\u00e9 mares y horizontes no<\/p>\n<p>llegaban, siempre lejos,<\/p>\n<p>hubo tormentas y calmas,<\/p>\n<p>se ahogaron muchos recuerdos,<\/p>\n<p>nada encontr\u00e9 que calmara<\/p>\n<p>ni nada que iluminara.<\/p>\n<p>&nbsp;<\/p>\n<p>Perd\u00ed mucho s\u00ed, verdad,<\/p>\n<p>pero no me perd\u00ed a m\u00ed,<\/p>\n<p>solo yo sobreviv\u00ed.<\/p>\n<p>&nbsp;<\/p>\n<p>Y cuando por fin cre\u00ed<\/p>\n<p>que todo estaba perdido,<\/p>\n<p>justo entonces comprend\u00ed<\/p>\n<p>que todo estaba ganado.<\/p>\n<p>&nbsp;<\/p>\n<p>No hay candiles por ah\u00ed fuera<\/p>\n<p>los horizontes se alejan,<\/p>\n<p>la realidad se refleja<\/p>\n<p>en espejo, espejismos.<\/p>\n<p>&nbsp;<\/p>\n<p>Todo es marco, decorado,<\/p>\n<p>el r\u00edo no se detiene,<\/p>\n<p>nada es calma todo fluye,<\/p>\n<p>nada es el fin en el mundo.<\/p>\n<p>&nbsp;<\/p>\n<p>Solo t\u00fa, si te detienes<\/p>\n<p>y te miras y te buscas<\/p>\n<p>y te das y te diluyes,<\/p>\n<p>&nbsp;<\/p>\n<p>solo en ti hay algo fijo,<\/p>\n<p>ll\u00e1malo equis,<\/p>\n<p>es Dios.<\/p>\n<span class='bctt-click-to-tweet'><span class='bctt-ctt-text'><a href='https:\/\/x.com\/intent\/tweet?url=https%3A%2F%2Fnuestrosescritores.com%2Falmudenapaz%2Fpoesia%2F&#038;text=TODO%20EST%C3%81%20EN%20TI%20del%20libro%20HAY%20UNA%20PUERTA%20EN%20LA%20POES%C3%8DA.%20OS%20INVITO%20A%20MI%20MUNDO%20de%20ALMUDENA%20PAZ%20GARC%C3%8DA&#038;via=poesiaerestu&#038;related=poesiaerestu' target='_blank'rel=\"noopener noreferrer\">TODO EST\u00c1 EN TI del libro HAY UNA PUERTA EN LA POES\u00cdA. OS INVITO A MI MUNDO de ALMUDENA PAZ GARC\u00cdA <\/a><\/span><a href='https:\/\/x.com\/intent\/tweet?url=https%3A%2F%2Fnuestrosescritores.com%2Falmudenapaz%2Fpoesia%2F&#038;text=TODO%20EST%C3%81%20EN%20TI%20del%20libro%20HAY%20UNA%20PUERTA%20EN%20LA%20POES%C3%8DA.%20OS%20INVITO%20A%20MI%20MUNDO%20de%20ALMUDENA%20PAZ%20GARC%C3%8DA&#038;via=poesiaerestu&#038;related=poesiaerestu' target='_blank' class='bctt-ctt-btn'rel=\"noopener noreferrer\">Compartir en X<\/a><\/span>\n<p>&nbsp;<\/p>\n<p>&nbsp;[\/vc_column_text][\/vc_column][\/vc_row][vc_row][vc_column extend=&#8221;false&#8221;]<div class='gambit_parallax_row' data-bg-align='' data-direction='fixed' data-opacity='100' data-velocity='-0.3' data-mobile-enabled='' data-bg-height='2560' data-bg-width='1396' data-bg-image='https:\/\/nuestrosescritores.com\/almudenapaz\/wp-content\/uploads\/sites\/207\/2025\/07\/Gemini_Generated_Image_xzt9xexzt9xexzt9-scaled.webp' data-bg-repeat='false' data-id='' style='display: none'><\/div><div class=\"gambit_fullheight_row\" data-content-location=\"center\" style=\"display: none\"><\/div>[\/vc_column][\/vc_row][vc_row][vc_column extend=&#8221;false&#8221;][vc_column_text css=&#8221;.vc_custom_1752397423589{padding: 15% !important;}&#8221;]\n<h1><a name=\"_Toc25777151\"><\/a><\/h1>\n<p><a name=\"_Toc200898760\"><\/a><\/p>\n<h1><strong> DOS<\/strong><\/h1>\n<p>&nbsp;<\/p>\n<p>El mar en movimiento,<\/p>\n<p>el cielo quieto,<\/p>\n<p>tan distintos<\/p>\n<p>y tan juntos.<\/p>\n<p>&nbsp;<\/p>\n<p>El mar en su quehacer,<\/p>\n<p>el cielo en su cadencia,<\/p>\n<p>son dos velocidades,<\/p>\n<p>son dos mundos,<\/p>\n<p>son tan juntos.<\/p>\n<p>&nbsp;<\/p>\n<p>Las nubes y las olas<\/p>\n<p>juntas, juegan;<\/p>\n<p>blanco, plata, azules, grises,<\/p>\n<p>dejando pasar, unas,<\/p>\n<p>reflejando, otras,<\/p>\n<p>la luz.<\/p>\n<p>&nbsp;<\/p>\n<p>Y el viento armonizando<\/p>\n<p>y t\u00fa mirando.<\/p>\n<p>&nbsp;<\/p>\n<p>La vida y la naturaleza<\/p>\n<p>se entrelazan,<\/p>\n<p>tu ser y el ser del otro,<\/p>\n<p>tan distintos<\/p>\n<p>y tan juntos.<\/p>\n<p>&nbsp;<\/p>\n<p>Son dos velocidades<\/p>\n<p>maravilloso paisaje.<\/p>\n<p>&nbsp;<\/p>\n<p>&nbsp;<\/p>\n<span class='bctt-click-to-tweet'><span class='bctt-ctt-text'><a href='https:\/\/x.com\/intent\/tweet?url=https%3A%2F%2Fnuestrosescritores.com%2Falmudenapaz%2Fpoesia%2F&#038;text=DOS%20del%20libro%20HAY%20UNA%20PUERTA%20EN%20LA%20POES%C3%8DA.%20OS%20INVITO%20A%20MI%20MUNDO%20de%20ALMUDENA%20PAZ%20GARC%C3%8DA&#038;via=poesiaerestu&#038;related=poesiaerestu' target='_blank'rel=\"noopener noreferrer\">DOS del libro HAY UNA PUERTA EN LA POES\u00cdA. OS INVITO A MI MUNDO de ALMUDENA PAZ GARC\u00cdA <\/a><\/span><a href='https:\/\/x.com\/intent\/tweet?url=https%3A%2F%2Fnuestrosescritores.com%2Falmudenapaz%2Fpoesia%2F&#038;text=DOS%20del%20libro%20HAY%20UNA%20PUERTA%20EN%20LA%20POES%C3%8DA.%20OS%20INVITO%20A%20MI%20MUNDO%20de%20ALMUDENA%20PAZ%20GARC%C3%8DA&#038;via=poesiaerestu&#038;related=poesiaerestu' target='_blank' class='bctt-ctt-btn'rel=\"noopener noreferrer\">Compartir en X<\/a><\/span>[\/vc_column_text][\/vc_column][\/vc_row][vc_row][vc_column extend=&#8221;false&#8221;]<div class='gambit_parallax_row' data-bg-align='' data-direction='fixed' data-opacity='100' data-velocity='-0.3' data-mobile-enabled='' data-bg-height='1392' data-bg-width='752' data-bg-image='https:\/\/nuestrosescritores.com\/almudenapaz\/wp-content\/uploads\/sites\/207\/2025\/07\/freepik__crea-una-imagen-de-una-puerta-antigua-entreabierta__71410.webp' data-bg-repeat='false' data-id='' style='display: none'><\/div><div class=\"gambit_fullheight_row\" data-content-location=\"center\" style=\"display: none\"><\/div>[\/vc_column][\/vc_row][vc_row][vc_column extend=&#8221;false&#8221;][vc_column_text css=&#8221;.vc_custom_1752397432429{padding: 15% !important;}&#8221;]\n<h1>&nbsp;<\/h1>\n<p><a name=\"_Toc200898764\"><\/a><\/p>\n<h1><strong> ESCRIBIR O \u00bfVIVIR?<\/strong><\/h1>\n<p>&nbsp;<\/p>\n<p>Pintar escribiendo sin colores,<\/p>\n<p>llevando al pensamiento las figuras<\/p>\n<p>que no son si no fantasmas,<\/p>\n<p>esculpidos por un sentimiento.<\/p>\n<p>&nbsp;<\/p>\n<p>Colorear so\u00f1ando la realidad<\/p>\n<p>que no sabemos si existe,<\/p>\n<p>y mirando condicionados,<\/p>\n<p>sintiendo manipulados.<\/p>\n<p>&nbsp;<\/p>\n<p>Dormir profundamente o<\/p>\n<p>vivir intensamente<\/p>\n<p>y, siempre, sin saber<\/p>\n<p>por qu\u00e9.<\/p>\n<p>&nbsp;<\/p>\n<p>&nbsp;<\/p>\n<p>&nbsp;<\/p>\n<span class='bctt-click-to-tweet'><span class='bctt-ctt-text'><a href='https:\/\/x.com\/intent\/tweet?url=https%3A%2F%2Fnuestrosescritores.com%2Falmudenapaz%2Fpoesia%2F&#038;text=ESCRIBIR%20O%20%C2%BFVIVIR%3F%20del%20libro%20HAY%20UNA%20PUERTA%20EN%20LA%20POES%C3%8DA.%20OS%20INVITO%20A%20MI%20MUNDO%20de%20ALMUDENA%20PAZ%20GARC%C3%8DA&#038;via=poesiaerestu&#038;related=poesiaerestu' target='_blank'rel=\"noopener noreferrer\">ESCRIBIR O \u00bfVIVIR? del libro HAY UNA PUERTA EN LA POES\u00cdA. OS INVITO A MI MUNDO de ALMUDENA PAZ GARC\u00cdA <\/a><\/span><a href='https:\/\/x.com\/intent\/tweet?url=https%3A%2F%2Fnuestrosescritores.com%2Falmudenapaz%2Fpoesia%2F&#038;text=ESCRIBIR%20O%20%C2%BFVIVIR%3F%20del%20libro%20HAY%20UNA%20PUERTA%20EN%20LA%20POES%C3%8DA.%20OS%20INVITO%20A%20MI%20MUNDO%20de%20ALMUDENA%20PAZ%20GARC%C3%8DA&#038;via=poesiaerestu&#038;related=poesiaerestu' target='_blank' class='bctt-ctt-btn'rel=\"noopener noreferrer\">Compartir en X<\/a><\/span>[\/vc_column_text][\/vc_column][\/vc_row][vc_row][vc_column extend=&#8221;false&#8221;]<div class='gambit_parallax_row' data-bg-align='' data-direction='fixed' data-opacity='100' data-velocity='-0.3' data-mobile-enabled='' data-bg-height='1408' data-bg-width='768' data-bg-image='https:\/\/nuestrosescritores.com\/almudenapaz\/wp-content\/uploads\/sites\/207\/2025\/07\/freepik__photorealistic-dark-and-mysterious-style-scary-col__71413.webp' data-bg-repeat='false' data-id='' style='display: none'><\/div><div class=\"gambit_fullheight_row\" data-content-location=\"center\" style=\"display: none\"><\/div>[vc_column_text css=&#8221;&#8221;]\n<p style=\"text-align: center;\"><a class=\"fasc-button fasc-size-xlarge fasc-type-glossy fasc-rounded-medium\" style=\"background-color: #33809e; color: #ffffff;\" href=\"https:\/\/librodepoesia.com\/libro\/hay-una-puerta-en-la-poesia-os-invito-a-mi-mundo-almudena-paz-garcia\/\">Comprar el libro<\/a><\/p>\n[\/vc_column_text][\/vc_column][\/vc_row]\n<\/div>","protected":false},"excerpt":{"rendered":"<p>[vc_row full_width=&#8221;stretch_row_content_no_spaces&#8221;][vc_column extend=&#8221;false&#8221;][\/vc_column][\/vc_row][vc_row][vc_column extend=&#8221;false&#8221;][vc_column_text css=&#8221;.vc_custom_1752397403196{padding: 15% !important;}&#8221;] PELEA &nbsp; Fuertes ra\u00edces abri\u00e9ndose paso, finas sutilezas enredando dentro, horadando el alma doliente. &nbsp; Agua que el demonio vierte para alimentar el desamor, profundizando en la tierra por la rutina aireada. &nbsp; Ramificaciones de una misma mentira, mentiras de una misma sinraz\u00f3n, sinraz\u00f3n de un profundo error [&hellip;]<\/p>\n","protected":false},"author":1,"featured_media":71,"parent":0,"menu_order":0,"comment_status":"closed","ping_status":"closed","template":"","meta":{"_acf_changed":false,"footnotes":""},"class_list":["post-102","page","type-page","status-publish","has-post-thumbnail","hentry"],"acf":[],"yoast_head":"<!-- This site is optimized with the Yoast SEO Premium plugin v24.7 (Yoast SEO v27.4) - https:\/\/yoast.com\/product\/yoast-seo-premium-wordpress\/ -->\n<title>POES\u00cdA - Almudena Paz Garc\u00eda<\/title>\n<meta name=\"description\" content=\"Almudena Paz nos da una muestra de la poes\u00eda de su libro: HAY UNA PUERTA EN LA POES\u00cdA. OS INVITO A MI MUNDO\" \/>\n<meta name=\"robots\" content=\"index, follow, max-snippet:-1, max-image-preview:large, max-video-preview:-1\" \/>\n<link rel=\"canonical\" href=\"https:\/\/nuestrosescritores.com\/almudenapaz\/poesia\/\" \/>\n<meta property=\"og:locale\" content=\"es_ES\" \/>\n<meta property=\"og:type\" content=\"article\" \/>\n<meta property=\"og:title\" content=\"POES\u00cdA\" \/>\n<meta property=\"og:description\" content=\"Almudena Paz nos da una muestra de la poes\u00eda de su libro: HAY UNA PUERTA EN LA POES\u00cdA. OS INVITO A MI MUNDO\" \/>\n<meta property=\"og:url\" content=\"https:\/\/nuestrosescritores.com\/almudenapaz\/poesia\/\" \/>\n<meta property=\"og:site_name\" content=\"Almudena Paz Garc\u00eda\" \/>\n<meta property=\"article:modified_time\" content=\"2025-07-13T10:56:43+00:00\" \/>\n<meta property=\"og:image\" content=\"http:\/\/nuestrosescritores.com\/almudenapaz\/wp-content\/uploads\/sites\/207\/2025\/07\/0_Portada_Hayunapuertaalapoesia.webp\" \/>\n\t<meta property=\"og:image:width\" content=\"559\" \/>\n\t<meta property=\"og:image:height\" content=\"794\" \/>\n\t<meta property=\"og:image:type\" content=\"image\/webp\" \/>\n<meta name=\"twitter:card\" content=\"summary_large_image\" \/>\n<meta name=\"twitter:label1\" content=\"Tiempo de lectura\" \/>\n\t<meta name=\"twitter:data1\" content=\"4 minutos\" \/>\n<script type=\"application\/ld+json\" class=\"yoast-schema-graph\">{\"@context\":\"https:\\\/\\\/schema.org\",\"@graph\":[{\"@type\":\"WebPage\",\"@id\":\"https:\\\/\\\/nuestrosescritores.com\\\/almudenapaz\\\/poesia\\\/\",\"url\":\"https:\\\/\\\/nuestrosescritores.com\\\/almudenapaz\\\/poesia\\\/\",\"name\":\"POES\u00cdA - Almudena Paz Garc\u00eda\",\"isPartOf\":{\"@id\":\"https:\\\/\\\/nuestrosescritores.com\\\/almudenapaz\\\/#website\"},\"primaryImageOfPage\":{\"@id\":\"https:\\\/\\\/nuestrosescritores.com\\\/almudenapaz\\\/poesia\\\/#primaryimage\"},\"image\":{\"@id\":\"https:\\\/\\\/nuestrosescritores.com\\\/almudenapaz\\\/poesia\\\/#primaryimage\"},\"thumbnailUrl\":\"https:\\\/\\\/nuestrosescritores.com\\\/almudenapaz\\\/wp-content\\\/uploads\\\/sites\\\/207\\\/2025\\\/07\\\/0_Portada_Hayunapuertaalapoesia.webp\",\"datePublished\":\"2025-07-13T09:01:33+00:00\",\"dateModified\":\"2025-07-13T10:56:43+00:00\",\"description\":\"Almudena Paz nos da una muestra de la poes\u00eda de su libro: HAY UNA PUERTA EN LA POES\u00cdA. OS INVITO A MI MUNDO\",\"breadcrumb\":{\"@id\":\"https:\\\/\\\/nuestrosescritores.com\\\/almudenapaz\\\/poesia\\\/#breadcrumb\"},\"inLanguage\":\"es\",\"potentialAction\":[{\"@type\":\"ReadAction\",\"target\":[\"https:\\\/\\\/nuestrosescritores.com\\\/almudenapaz\\\/poesia\\\/\"]}]},{\"@type\":\"ImageObject\",\"inLanguage\":\"es\",\"@id\":\"https:\\\/\\\/nuestrosescritores.com\\\/almudenapaz\\\/poesia\\\/#primaryimage\",\"url\":\"https:\\\/\\\/nuestrosescritores.com\\\/almudenapaz\\\/wp-content\\\/uploads\\\/sites\\\/207\\\/2025\\\/07\\\/0_Portada_Hayunapuertaalapoesia.webp\",\"contentUrl\":\"https:\\\/\\\/nuestrosescritores.com\\\/almudenapaz\\\/wp-content\\\/uploads\\\/sites\\\/207\\\/2025\\\/07\\\/0_Portada_Hayunapuertaalapoesia.webp\",\"width\":559,\"height\":794},{\"@type\":\"BreadcrumbList\",\"@id\":\"https:\\\/\\\/nuestrosescritores.com\\\/almudenapaz\\\/poesia\\\/#breadcrumb\",\"itemListElement\":[{\"@type\":\"ListItem\",\"position\":1,\"name\":\"Portada\",\"item\":\"https:\\\/\\\/nuestrosescritores.com\\\/almudenapaz\\\/\"},{\"@type\":\"ListItem\",\"position\":2,\"name\":\"POES\u00cdA\"}]},{\"@type\":\"WebSite\",\"@id\":\"https:\\\/\\\/nuestrosescritores.com\\\/almudenapaz\\\/#website\",\"url\":\"https:\\\/\\\/nuestrosescritores.com\\\/almudenapaz\\\/\",\"name\":\"Nuestros escritores\",\"description\":\"\",\"potentialAction\":[{\"@type\":\"SearchAction\",\"target\":{\"@type\":\"EntryPoint\",\"urlTemplate\":\"https:\\\/\\\/nuestrosescritores.com\\\/almudenapaz\\\/?s={search_term_string}\"},\"query-input\":{\"@type\":\"PropertyValueSpecification\",\"valueRequired\":true,\"valueName\":\"search_term_string\"}}],\"inLanguage\":\"es\"}]}<\/script>\n<!-- \/ Yoast SEO Premium plugin. -->","yoast_head_json":{"title":"POES\u00cdA - Almudena Paz Garc\u00eda","description":"Almudena Paz nos da una muestra de la poes\u00eda de su libro: HAY UNA PUERTA EN LA POES\u00cdA. OS INVITO A MI MUNDO","robots":{"index":"index","follow":"follow","max-snippet":"max-snippet:-1","max-image-preview":"max-image-preview:large","max-video-preview":"max-video-preview:-1"},"canonical":"https:\/\/nuestrosescritores.com\/almudenapaz\/poesia\/","og_locale":"es_ES","og_type":"article","og_title":"POES\u00cdA","og_description":"Almudena Paz nos da una muestra de la poes\u00eda de su libro: HAY UNA PUERTA EN LA POES\u00cdA. OS INVITO A MI MUNDO","og_url":"https:\/\/nuestrosescritores.com\/almudenapaz\/poesia\/","og_site_name":"Almudena Paz Garc\u00eda","article_modified_time":"2025-07-13T10:56:43+00:00","og_image":[{"width":559,"height":794,"url":"http:\/\/nuestrosescritores.com\/almudenapaz\/wp-content\/uploads\/sites\/207\/2025\/07\/0_Portada_Hayunapuertaalapoesia.webp","type":"image\/webp"}],"twitter_card":"summary_large_image","twitter_misc":{"Tiempo de lectura":"4 minutos"},"schema":{"@context":"https:\/\/schema.org","@graph":[{"@type":"WebPage","@id":"https:\/\/nuestrosescritores.com\/almudenapaz\/poesia\/","url":"https:\/\/nuestrosescritores.com\/almudenapaz\/poesia\/","name":"POES\u00cdA - Almudena Paz Garc\u00eda","isPartOf":{"@id":"https:\/\/nuestrosescritores.com\/almudenapaz\/#website"},"primaryImageOfPage":{"@id":"https:\/\/nuestrosescritores.com\/almudenapaz\/poesia\/#primaryimage"},"image":{"@id":"https:\/\/nuestrosescritores.com\/almudenapaz\/poesia\/#primaryimage"},"thumbnailUrl":"https:\/\/nuestrosescritores.com\/almudenapaz\/wp-content\/uploads\/sites\/207\/2025\/07\/0_Portada_Hayunapuertaalapoesia.webp","datePublished":"2025-07-13T09:01:33+00:00","dateModified":"2025-07-13T10:56:43+00:00","description":"Almudena Paz nos da una muestra de la poes\u00eda de su libro: HAY UNA PUERTA EN LA POES\u00cdA. OS INVITO A MI MUNDO","breadcrumb":{"@id":"https:\/\/nuestrosescritores.com\/almudenapaz\/poesia\/#breadcrumb"},"inLanguage":"es","potentialAction":[{"@type":"ReadAction","target":["https:\/\/nuestrosescritores.com\/almudenapaz\/poesia\/"]}]},{"@type":"ImageObject","inLanguage":"es","@id":"https:\/\/nuestrosescritores.com\/almudenapaz\/poesia\/#primaryimage","url":"https:\/\/nuestrosescritores.com\/almudenapaz\/wp-content\/uploads\/sites\/207\/2025\/07\/0_Portada_Hayunapuertaalapoesia.webp","contentUrl":"https:\/\/nuestrosescritores.com\/almudenapaz\/wp-content\/uploads\/sites\/207\/2025\/07\/0_Portada_Hayunapuertaalapoesia.webp","width":559,"height":794},{"@type":"BreadcrumbList","@id":"https:\/\/nuestrosescritores.com\/almudenapaz\/poesia\/#breadcrumb","itemListElement":[{"@type":"ListItem","position":1,"name":"Portada","item":"https:\/\/nuestrosescritores.com\/almudenapaz\/"},{"@type":"ListItem","position":2,"name":"POES\u00cdA"}]},{"@type":"WebSite","@id":"https:\/\/nuestrosescritores.com\/almudenapaz\/#website","url":"https:\/\/nuestrosescritores.com\/almudenapaz\/","name":"Nuestros escritores","description":"","potentialAction":[{"@type":"SearchAction","target":{"@type":"EntryPoint","urlTemplate":"https:\/\/nuestrosescritores.com\/almudenapaz\/?s={search_term_string}"},"query-input":{"@type":"PropertyValueSpecification","valueRequired":true,"valueName":"search_term_string"}}],"inLanguage":"es"}]}},"_links":{"self":[{"href":"https:\/\/nuestrosescritores.com\/almudenapaz\/wp-json\/wp\/v2\/pages\/102","targetHints":{"allow":["GET"]}}],"collection":[{"href":"https:\/\/nuestrosescritores.com\/almudenapaz\/wp-json\/wp\/v2\/pages"}],"about":[{"href":"https:\/\/nuestrosescritores.com\/almudenapaz\/wp-json\/wp\/v2\/types\/page"}],"author":[{"embeddable":true,"href":"https:\/\/nuestrosescritores.com\/almudenapaz\/wp-json\/wp\/v2\/users\/1"}],"replies":[{"embeddable":true,"href":"https:\/\/nuestrosescritores.com\/almudenapaz\/wp-json\/wp\/v2\/comments?post=102"}],"version-history":[{"count":0,"href":"https:\/\/nuestrosescritores.com\/almudenapaz\/wp-json\/wp\/v2\/pages\/102\/revisions"}],"wp:featuredmedia":[{"embeddable":true,"href":"https:\/\/nuestrosescritores.com\/almudenapaz\/wp-json\/wp\/v2\/media\/71"}],"wp:attachment":[{"href":"https:\/\/nuestrosescritores.com\/almudenapaz\/wp-json\/wp\/v2\/media?parent=102"}],"curies":[{"name":"wp","href":"https:\/\/api.w.org\/{rel}","templated":true}]}}