{"id":69,"date":"2020-02-22T12:08:47","date_gmt":"2020-02-22T12:08:47","guid":{"rendered":"https:\/\/nuestrosescritores.com\/alaitzestonbaloinaz\/?page_id=69"},"modified":"2020-02-22T12:33:45","modified_gmt":"2020-02-22T12:33:45","slug":"poesia","status":"publish","type":"page","link":"https:\/\/nuestrosescritores.com\/alaitzestonbaloinaz\/poesia\/","title":{"rendered":"POES\u00cdA"},"content":{"rendered":"<div class=\"wpb-content-wrapper\">[vc_row][vc_column extend=&#8221;false&#8221;][vc_column_text css=&#8221;.vc_custom_1582373099134{margin-top: -30000px !important;}&#8221;]\n<h1><strong><em><u>Poes\u00eda del libro SO\u00d1AR QUE VUELO, VOLAR SO\u00d1ANDO de ALAITZ ESTONBA LOINAZ. El escritor nos da una muestra tras publicar un libro.<\/u><\/em><\/strong><\/h1>\n<h2><strong><em><u><img fetchpriority=\"high\" decoding=\"async\" class=\"alignnone size-full wp-image-8\" src=\"https:\/\/nuestrosescritores.com\/alaitzestonbaloinaz\/wp-content\/uploads\/sites\/29\/2020\/02\/0_Portada_So\u00f1arquevuelo.jpg\" alt=\"\" width=\"559\" height=\"794\">Poes\u00eda del libro SO\u00d1AR QUE VUELO, VOLAR SO\u00d1ANDO de ALAITZ ESTONBA LOINAZ El poeta nos da una muestra tras publicar un libro.<\/u><\/em><\/strong><\/h2>\n<h3><strong><em><u>Poes\u00eda del libro SO\u00d1AR QUE VUELO, VOLAR SO\u00d1ANDO de ALAITZ ESTONBA LOINAZ El autor nos da una muestra tras publicar un libro.<\/u><\/em><\/strong><\/h3>\n<h4><strong><em><u>Poes\u00eda del libro SO\u00d1AR QUE VUELO, VOLAR SO\u00d1ANDO de ALAITZ ESTONBA LOINAZ El autor nos da una muestra tras publicar un libro.<\/u><\/em><\/strong><\/h4>\n<h5><strong><em><u>Poes\u00eda del libro SO\u00d1AR QUE VUELO, VOLAR SO\u00d1ANDO de ALAITZ ESTONBA LOINAZ El autor nos da una muestra tras publicar un libro.<\/u><\/em><\/strong><\/h5>\n[\/vc_column_text][\/vc_column][\/vc_row][vc_row full_width=&#8221;stretch_row_content_no_spaces&#8221;][vc_column extend=&#8221;false&#8221;]<div class='gambit_parallax_row' data-bg-align='' data-direction='fixed' data-opacity='100' data-velocity='-0.3' data-mobile-enabled='' data-bg-height='1200' data-bg-width='789' data-bg-image='https:\/\/nuestrosescritores.com\/alaitzestonbaloinaz\/wp-content\/uploads\/sites\/29\/2020\/02\/dntde1u86ha.jpg' data-bg-repeat='false' data-id='' style='display: none'><\/div><div class=\"gambit_fullheight_row\" data-content-location=\"center\" style=\"display: none\"><\/div>[\/vc_column][\/vc_row][vc_row][vc_column extend=&#8221;false&#8221;][vc_column_text]\n<h1><a name=\"_Toc30875639\"><\/a><strong>Te perdono<\/strong><\/h1>\n<p>&nbsp;<\/p>\n<p>Te odi\u00e9 un poco al principio. Bueno, si te soy sincera, te odi\u00e9 durante casi toda mi adolescencia. No me mires as\u00ed, tuve que luchar contra cada obst\u00e1culo que t\u00fa hab\u00edas dejado en nuestro camino, y no fue nada f\u00e1cil. No ve\u00eda peligros a mi alrededor, pero t\u00fa hab\u00edas vivido con un miedo constante bajo tu pecho y tuve que ingeni\u00e1rmelas para deshacerme de \u00e9l. No sab\u00eda a qu\u00e9 ten\u00edas tanto miedo. Sigo sin saberlo.<\/p>\n<p>Te record\u00e9 con impotencia durante mucho tiempo, porque cre\u00eda que el miedo que ten\u00eda dentro de m\u00ed era invento tuyo. Siempre hemos sido bastante creativas y s\u00e9 que la mayor\u00eda de tus temores eran fruto de tu imaginaci\u00f3n. No te preocupes, he aprendido a lidiar con ello, y he aprendido a perdonarte.<\/p>\n<p>No puedo culparte de nada cuando veo tus ojos a trav\u00e9s de una foto: aquellos ojos vac\u00edos de vida. Nunca llegar\u00e9 a entenderte del todo, pero prometo recordarte con nostalgia y cari\u00f1o y no guardarte rencor.<\/p>\n<p>&nbsp;<\/p>\n<p>&nbsp;<\/p>\n<p>&nbsp;<\/p>\n<span class='bctt-click-to-tweet'><span class='bctt-ctt-text'><a href='https:\/\/x.com\/intent\/tweet?url=https%3A%2F%2Fnuestrosescritores.com%2Falaitzestonbaloinaz%2Fpoesia%2F&#038;text=Te%20perdono%C2%A0del%20libro%20SO%C3%91AR%20QUE%20VUELO%2C%20VOLAR%20SO%C3%91ANDO%20de%20ALAITZ%20ESTONBA%20LOINAZ&#038;via=poesiaerestu&#038;related=poesiaerestu' target='_blank'rel=\"noopener noreferrer\">Te perdono&nbsp;del libro SO\u00d1AR QUE VUELO, VOLAR SO\u00d1ANDO de ALAITZ ESTONBA LOINAZ <\/a><\/span><a href='https:\/\/x.com\/intent\/tweet?url=https%3A%2F%2Fnuestrosescritores.com%2Falaitzestonbaloinaz%2Fpoesia%2F&#038;text=Te%20perdono%C2%A0del%20libro%20SO%C3%91AR%20QUE%20VUELO%2C%20VOLAR%20SO%C3%91ANDO%20de%20ALAITZ%20ESTONBA%20LOINAZ&#038;via=poesiaerestu&#038;related=poesiaerestu' target='_blank' class='bctt-ctt-btn'rel=\"noopener noreferrer\">Compartir en X<\/a><\/span>\n<p>&nbsp;[\/vc_column_text][\/vc_column][\/vc_row][vc_row full_width=&#8221;stretch_row_content_no_spaces&#8221;][vc_column extend=&#8221;false&#8221;]<div class='gambit_parallax_row' data-bg-align='' data-direction='fixed' data-opacity='100' data-velocity='-0.3' data-mobile-enabled='' data-bg-height='1200' data-bg-width='733' data-bg-image='https:\/\/nuestrosescritores.com\/alaitzestonbaloinaz\/wp-content\/uploads\/sites\/29\/2020\/02\/qle96-qbxm4.jpg' data-bg-repeat='false' data-id='' style='display: none'><\/div><div class=\"gambit_fullheight_row\" data-content-location=\"center\" style=\"display: none\"><\/div>[\/vc_column][\/vc_row][vc_row][vc_column extend=&#8221;false&#8221;][vc_column_text]\n<h1><a name=\"_Toc30875644\"><\/a><strong>Mirar tu dolor<\/strong><\/h1>\n<p>&nbsp;<\/p>\n<p>Nunca hab\u00eda visto tanto dolor en una mirada. Las pocas semanas despu\u00e9s de salir del m\u00e9dico con una fecha l\u00edmite, tu cuerpo empez\u00f3 a fallar. Como si, despu\u00e9s de tantos a\u00f1os ya no pudiera seguir sosteni\u00e9ndote. En tu mirada solo hab\u00eda incomprensi\u00f3n e impotencia ante un cuerpo que ya no era capaz de seguir tus \u00f3rdenes.<\/p>\n<p>No llegu\u00e9 a saber si eras completamente consciente de la situaci\u00f3n. Nunca hablamos del tema. Todos \u00edbamos viendo c\u00f3mo dejabas de ser el mismo poco a poco, c\u00f3mo tu cuerpo te dejaba abandonado en el camino\u2026 Pero t\u00fa siempre sonre\u00edas, suspirabas y segu\u00edas adelante como pod\u00edas. Siempre te admirar\u00e9 por tu fuerza.<\/p>\n<p>Hasta que sonre\u00edr fue casi imposible tanto para ti como para nosotros. Solo hab\u00eda dolor en aquellos ojos verdes que siempre hab\u00edan estado llenos de serenidad y alegr\u00eda. Solo hab\u00eda dolor en tus expresiones, que ya no eran capaces de sonre\u00edr y fingir que todo iba bien. El final, por muy duro que fuera, tambi\u00e9n, hizo que el dolor que te estaba matando poco a poco se rindiera y te dejara ir por fin.<\/p>\n<p>El \u00faltimo respiro, aunque casi nos mata por dentro, tambi\u00e9n supuso respirar por primera vez al saber que tu sufrimiento hab\u00eda acabado.<\/p>\n<p>&nbsp;<\/p>\n<span class='bctt-click-to-tweet'><span class='bctt-ctt-text'><a href='https:\/\/x.com\/intent\/tweet?url=https%3A%2F%2Fnuestrosescritores.com%2Falaitzestonbaloinaz%2Fpoesia%2F&#038;text=Mirar%20tu%20dolor%20del%20libro%20SO%C3%91AR%20QUE%20VUELO%2C%20VOLAR%20SO%C3%91ANDO%20de%20ALAITZ%20ESTONBA%20LOINAZ&#038;via=poesiaerestu&#038;related=poesiaerestu' target='_blank'rel=\"noopener noreferrer\">Mirar tu dolor del libro SO\u00d1AR QUE VUELO, VOLAR SO\u00d1ANDO de ALAITZ ESTONBA LOINAZ <\/a><\/span><a href='https:\/\/x.com\/intent\/tweet?url=https%3A%2F%2Fnuestrosescritores.com%2Falaitzestonbaloinaz%2Fpoesia%2F&#038;text=Mirar%20tu%20dolor%20del%20libro%20SO%C3%91AR%20QUE%20VUELO%2C%20VOLAR%20SO%C3%91ANDO%20de%20ALAITZ%20ESTONBA%20LOINAZ&#038;via=poesiaerestu&#038;related=poesiaerestu' target='_blank' class='bctt-ctt-btn'rel=\"noopener noreferrer\">Compartir en X<\/a><\/span>\n<p>&nbsp;<\/p>\n<p>&nbsp;[\/vc_column_text][\/vc_column][\/vc_row][vc_row][vc_column extend=&#8221;false&#8221;]<div class='gambit_parallax_row' data-bg-align='' data-direction='fixed' data-opacity='100' data-velocity='-0.3' data-mobile-enabled='' data-bg-height='1200' data-bg-width='1200' data-bg-image='https:\/\/nuestrosescritores.com\/alaitzestonbaloinaz\/wp-content\/uploads\/sites\/29\/2020\/02\/kmdojysqcti.jpg' data-bg-repeat='false' data-id='' style='display: none'><\/div><div class=\"gambit_fullheight_row\" data-content-location=\"center\" style=\"display: none\"><\/div>[\/vc_column][\/vc_row][vc_row][vc_column extend=&#8221;false&#8221;][vc_column_text]\n<h1><a name=\"_Toc30875660\"><\/a><strong>Aprenderme<\/strong><\/h1>\n<p>&nbsp;<\/p>\n<p>Me he memorizado frente al espejo y sobre la hoja en blanco.<\/p>\n<p>He memorizado la mirada fija que deja ver todos los sentimientos que ni siquiera intento esconder.<\/p>\n<p>He aprendido todas mis curvas, cada bache y recta. He descubierto todos mis secretos, para que ahora nadie pueda adelantarse y utilizarlos en mi contra.<\/p>\n<p>He escrito mis miedos, porque sobre el papel ya no son una amenaza, ya no cogen forma en la profundidad de la oscura noche.<\/p>\n<p>He cantado mi locura, porque por fin s\u00e9 que soy m\u00e1s bonita volando libre, y para ser libre hay que dejar que la locura baile en mitad de la calle, bajo la lluvia.<\/p>\n<p>&nbsp;<\/p>\n<p>&nbsp;<\/p>\n<p>&nbsp;<\/p>\n<p>&nbsp;<\/p>\n<span class='bctt-click-to-tweet'><span class='bctt-ctt-text'><a href='https:\/\/x.com\/intent\/tweet?url=https%3A%2F%2Fnuestrosescritores.com%2Falaitzestonbaloinaz%2Fpoesia%2F&#038;text=Aprenderme%20del%20libro%20SO%C3%91AR%20QUE%20VUELO%2C%20VOLAR%20SO%C3%91ANDO%20de%20ALAITZ%20ESTONBA%20LOINAZ&#038;via=poesiaerestu&#038;related=poesiaerestu' target='_blank'rel=\"noopener noreferrer\">Aprenderme del libro SO\u00d1AR QUE VUELO, VOLAR SO\u00d1ANDO de ALAITZ ESTONBA LOINAZ <\/a><\/span><a href='https:\/\/x.com\/intent\/tweet?url=https%3A%2F%2Fnuestrosescritores.com%2Falaitzestonbaloinaz%2Fpoesia%2F&#038;text=Aprenderme%20del%20libro%20SO%C3%91AR%20QUE%20VUELO%2C%20VOLAR%20SO%C3%91ANDO%20de%20ALAITZ%20ESTONBA%20LOINAZ&#038;via=poesiaerestu&#038;related=poesiaerestu' target='_blank' class='bctt-ctt-btn'rel=\"noopener noreferrer\">Compartir en X<\/a><\/span>[\/vc_column_text][\/vc_column][\/vc_row][vc_row][vc_column extend=&#8221;false&#8221;]<div class='gambit_parallax_row' data-bg-align='' data-direction='fixed' data-opacity='100' data-velocity='-0.3' data-mobile-enabled='' data-bg-height='1200' data-bg-width='800' data-bg-image='https:\/\/nuestrosescritores.com\/alaitzestonbaloinaz\/wp-content\/uploads\/sites\/29\/2020\/02\/skdmxl-onfa.jpg' data-bg-repeat='false' data-id='' style='display: none'><\/div><div class=\"gambit_fullheight_row\" data-content-location=\"center\" style=\"display: none\"><\/div>[\/vc_column][\/vc_row][vc_row][vc_column extend=&#8221;false&#8221;][vc_column_text]\n<h1><a name=\"_Toc30875671\"><\/a><strong>Ser libre<\/strong><\/h1>\n<p>&nbsp;<\/p>\n<p>La libertad no puede tener una definici\u00f3n exacta, porque atraparla en una ya ser\u00eda enjaularla. No se sabe lo que es la libertad hasta que la sientes, hasta que echas a volar y ya no hay nada que te ate.<\/p>\n<p>Podr\u00eda escribir mil poemas sobre la libertad, pero es que ella no entiende de rimas o estructuras, as\u00ed que prefiero hablar de ella en prosa libre. Igual que no podemos encerrarla en una definici\u00f3n, tampoco podemos encajarla en un verso.<\/p>\n<p>Aprend\u00ed a ser libre como la \u00fanica forma de vivir. Porque desde que me sub\u00ed a ese tren no me apetece sobrevivir.<\/p>\n<p>&nbsp;<\/p>\n<span class='bctt-click-to-tweet'><span class='bctt-ctt-text'><a href='https:\/\/x.com\/intent\/tweet?url=https%3A%2F%2Fnuestrosescritores.com%2Falaitzestonbaloinaz%2Fpoesia%2F&#038;text=Ser%20libre%20del%20libro%20SO%C3%91AR%20QUE%20VUELO%2C%20VOLAR%20SO%C3%91ANDO%20de%20ALAITZ%20ESTONBA%20LOINAZ&#038;via=poesiaerestu&#038;related=poesiaerestu' target='_blank'rel=\"noopener noreferrer\">Ser libre del libro SO\u00d1AR QUE VUELO, VOLAR SO\u00d1ANDO de ALAITZ ESTONBA LOINAZ <\/a><\/span><a href='https:\/\/x.com\/intent\/tweet?url=https%3A%2F%2Fnuestrosescritores.com%2Falaitzestonbaloinaz%2Fpoesia%2F&#038;text=Ser%20libre%20del%20libro%20SO%C3%91AR%20QUE%20VUELO%2C%20VOLAR%20SO%C3%91ANDO%20de%20ALAITZ%20ESTONBA%20LOINAZ&#038;via=poesiaerestu&#038;related=poesiaerestu' target='_blank' class='bctt-ctt-btn'rel=\"noopener noreferrer\">Compartir en X<\/a><\/span>[\/vc_column_text][\/vc_column][\/vc_row][vc_row][vc_column extend=&#8221;false&#8221;]<div class='gambit_parallax_row' data-bg-align='' data-direction='fixed' data-opacity='100' data-velocity='-0.3' data-mobile-enabled='' data-bg-height='1200' data-bg-width='800' data-bg-image='https:\/\/nuestrosescritores.com\/alaitzestonbaloinaz\/wp-content\/uploads\/sites\/29\/2020\/02\/gfkhlbk2dcq.jpg' data-bg-repeat='false' data-id='' style='display: none'><\/div><div class=\"gambit_fullheight_row\" data-content-location=\"center\" style=\"display: none\"><\/div>[\/vc_column][\/vc_row][vc_row][vc_column extend=&#8221;false&#8221;][vc_column_text]\n<h1>&nbsp;<\/h1>\n<h1><a name=\"_Toc30875683\"><\/a><strong>11 besos<\/strong><\/h1>\n<p>&nbsp;<\/p>\n<p>El primer beso en la terraza del puerto, el sello de una promesa que estaba cogiendo forma. Los besos en aquel banco, mientras me mirabas tan profundamente que todo el mundo dej\u00f3 de existir. El primer beso de despedida y el primero de encuentro, cuando al bajar del autob\u00fas nuestras miradas se encontraron. Los besos rodeados de abrazos, mientras nos iluminaba una fuente m\u00e1gica y sonaban las que ser\u00edan nuestras primeras canciones. La primera noche en tus brazos, los primeros besos de buenos d\u00edas que querr\u00e9 todos los d\u00edas de mi vida. El beso interminable que me regalaste el d\u00eda que fui a buscarte al trabajo y no me esperabas ah\u00ed. Los besos llenos de amor que nos regalamos con los primeros poemas escritos. El beso detr\u00e1s del primer \u201cte amo\u201d. Nuestro primer concierto, arropados con las letras de Morat: todas las canciones se terminaban con un beso. Todos los besos que me faltaron en nuestras primeras navidades separados. Tu beso en mi frente, prometi\u00e9ndome que podr\u00e9 vivir la vida bes\u00e1ndote.<\/p>\n<p>&nbsp;<\/p>\n<p>&nbsp;<\/p>\n<p>&nbsp;<\/p>\n<p>&nbsp;<\/p>\n<p>&nbsp;<\/p>\n<span class='bctt-click-to-tweet'><span class='bctt-ctt-text'><a href='https:\/\/x.com\/intent\/tweet?url=https%3A%2F%2Fnuestrosescritores.com%2Falaitzestonbaloinaz%2Fpoesia%2F&#038;text=11%20besos%20del%20libro%20SO%C3%91AR%20QUE%20VUELO%2C%20VOLAR%20SO%C3%91ANDO%20de%20ALAITZ%20ESTONBA%20LOINAZ&#038;via=poesiaerestu&#038;related=poesiaerestu' target='_blank'rel=\"noopener noreferrer\">11 besos del libro SO\u00d1AR QUE VUELO, VOLAR SO\u00d1ANDO de ALAITZ ESTONBA LOINAZ <\/a><\/span><a href='https:\/\/x.com\/intent\/tweet?url=https%3A%2F%2Fnuestrosescritores.com%2Falaitzestonbaloinaz%2Fpoesia%2F&#038;text=11%20besos%20del%20libro%20SO%C3%91AR%20QUE%20VUELO%2C%20VOLAR%20SO%C3%91ANDO%20de%20ALAITZ%20ESTONBA%20LOINAZ&#038;via=poesiaerestu&#038;related=poesiaerestu' target='_blank' class='bctt-ctt-btn'rel=\"noopener noreferrer\">Compartir en X<\/a><\/span>[\/vc_column_text][\/vc_column][\/vc_row][vc_row][vc_column extend=&#8221;false&#8221;]<div class='gambit_parallax_row' data-bg-align='' data-direction='fixed' data-opacity='100' data-velocity='-0.3' data-mobile-enabled='' data-bg-height='468' data-bg-width='1366' data-bg-image='https:\/\/nuestrosescritores.com\/alaitzestonbaloinaz\/wp-content\/uploads\/sites\/29\/2020\/02\/IMG_20200125_121337-SSquare_Alargado-Mediano.jpg' data-bg-repeat='false' data-id='' style='display: none'><\/div><div class=\"gambit_fullheight_row\" data-content-location=\"center\" style=\"display: none\"><\/div>[vc_column_text]\n<p style=\"text-align: center;\"><a class=\"fasc-button fasc-size-xlarge fasc-type-glossy fasc-rounded-medium\" style=\"background-color: #33809e; color: #ffffff;\" href=\"https:\/\/librodepoesia.com\/producto\/sonar-que-vuelo-volar-sonando-alaitz-estonba-loinaz\/\">Comprar el libro<\/a><\/p>\n[\/vc_column_text][\/vc_column][\/vc_row][vc_row][vc_column extend=&#8221;false&#8221;][vc_column_text css=&#8221;.vc_custom_1549215104378{margin-top: -30000px !important;}&#8221;]\n<h1><strong><em><u>Poes\u00eda del libro SO\u00d1AR QUE VUELO, VOLAR SO\u00d1ANDO de ALAITZ ESTONBA LOINAZ. El escritor nos da una muestra tras publicar un libro.<\/u><\/em><\/strong><\/h1>\n<h2><strong><em><u>Poes\u00eda del libro SO\u00d1AR QUE VUELO, VOLAR SO\u00d1ANDO de ALAITZ ESTONBA LOINAZ El poeta nos da una muestra tras publicar un libro.<\/u><\/em><\/strong><\/h2>\n<h3><strong><em><u>Poes\u00eda del libro SO\u00d1AR QUE VUELO, VOLAR SO\u00d1ANDO de ALAITZ ESTONBA LOINAZ El autor nos da una muestra tras publicar un libro.<\/u><\/em><\/strong><\/h3>\n<h4><strong><em><u>Poes\u00eda del libro SO\u00d1AR QUE VUELO, VOLAR SO\u00d1ANDO de ALAITZ ESTONBA LOINAZ El autor nos da una muestra tras publicar un libro.<\/u><\/em><\/strong><\/h4>\n<h5><strong><em><u>Poes\u00eda del libro SO\u00d1AR QUE VUELO, VOLAR SO\u00d1ANDO de ALAITZ ESTONBA LOINAZ El autor nos da una muestra tras publicar un libro.<\/u><\/em><\/strong><\/h5>\n[\/vc_column_text][\/vc_column][\/vc_row]\n<\/div>","protected":false},"excerpt":{"rendered":"<p>[vc_row][vc_column extend=&#8221;false&#8221;][vc_column_text css=&#8221;.vc_custom_1582373099134{margin-top: -30000px !important;}&#8221;] Poes\u00eda del libro SO\u00d1AR QUE VUELO, VOLAR SO\u00d1ANDO de ALAITZ ESTONBA LOINAZ. El escritor nos da una muestra tras publicar un libro. Poes\u00eda del libro SO\u00d1AR QUE VUELO, VOLAR SO\u00d1ANDO de ALAITZ ESTONBA LOINAZ El poeta nos da una muestra tras publicar un libro. Poes\u00eda del libro SO\u00d1AR QUE VUELO, [&hellip;]<\/p>\n","protected":false},"author":1,"featured_media":0,"parent":0,"menu_order":3,"comment_status":"closed","ping_status":"closed","template":"","meta":{"_acf_changed":false,"footnotes":""},"class_list":["post-69","page","type-page","status-publish","hentry"],"acf":[],"yoast_head":"<!-- This site is optimized with the Yoast SEO Premium plugin v24.7 (Yoast SEO v27.5) - https:\/\/yoast.com\/product\/yoast-seo-premium-wordpress\/ -->\n<title>POES\u00cdA - Alaitz Estonba Loinaz<\/title>\n<meta name=\"description\" content=\"Poes\u00eda del libro SO\u00d1AR QUE VUELO, VOLAR SO\u00d1ANDO la escritora ALAITZ ESTONBA LOINAZ nos da una muestra tras publicar un libro con la Editorial Poes\u00eda eres t\u00fa\" \/>\n<meta name=\"robots\" content=\"index, follow, max-snippet:-1, max-image-preview:large, max-video-preview:-1\" \/>\n<link rel=\"canonical\" href=\"https:\/\/nuestrosescritores.com\/alaitzestonbaloinaz\/poesia\/\" \/>\n<meta property=\"og:locale\" content=\"es_ES\" \/>\n<meta property=\"og:type\" content=\"article\" \/>\n<meta property=\"og:title\" content=\"POES\u00cdA\" \/>\n<meta property=\"og:description\" content=\"Poes\u00eda del libro SO\u00d1AR QUE VUELO, VOLAR SO\u00d1ANDO la escritora ALAITZ ESTONBA LOINAZ nos da una muestra tras publicar un libro con la Editorial Poes\u00eda eres t\u00fa\" \/>\n<meta property=\"og:url\" content=\"https:\/\/nuestrosescritores.com\/alaitzestonbaloinaz\/poesia\/\" \/>\n<meta property=\"og:site_name\" content=\"Alaitz Estonba Loinaz\" \/>\n<meta property=\"article:modified_time\" content=\"2020-02-22T12:33:45+00:00\" \/>\n<meta property=\"og:image\" content=\"https:\/\/nuestrosescritores.com\/alaitzestonbaloinaz\/wp-content\/uploads\/sites\/29\/2020\/02\/0_Portada_So\u00f1arquevuelo.jpg\" \/>\n<meta name=\"twitter:card\" content=\"summary_large_image\" \/>\n<meta name=\"twitter:label1\" content=\"Tiempo de lectura\" \/>\n\t<meta name=\"twitter:data1\" content=\"7 minutos\" \/>\n<script type=\"application\/ld+json\" class=\"yoast-schema-graph\">{\"@context\":\"https:\\\/\\\/schema.org\",\"@graph\":[{\"@type\":\"WebPage\",\"@id\":\"https:\\\/\\\/nuestrosescritores.com\\\/alaitzestonbaloinaz\\\/poesia\\\/\",\"url\":\"https:\\\/\\\/nuestrosescritores.com\\\/alaitzestonbaloinaz\\\/poesia\\\/\",\"name\":\"POES\u00cdA - Alaitz Estonba Loinaz\",\"isPartOf\":{\"@id\":\"https:\\\/\\\/nuestrosescritores.com\\\/alaitzestonbaloinaz\\\/#website\"},\"datePublished\":\"2020-02-22T12:08:47+00:00\",\"dateModified\":\"2020-02-22T12:33:45+00:00\",\"description\":\"Poes\u00eda del libro SO\u00d1AR QUE VUELO, VOLAR SO\u00d1ANDO la escritora ALAITZ ESTONBA LOINAZ nos da una muestra tras publicar un libro con la Editorial Poes\u00eda eres t\u00fa\",\"breadcrumb\":{\"@id\":\"https:\\\/\\\/nuestrosescritores.com\\\/alaitzestonbaloinaz\\\/poesia\\\/#breadcrumb\"},\"inLanguage\":\"es\",\"potentialAction\":[{\"@type\":\"ReadAction\",\"target\":[\"https:\\\/\\\/nuestrosescritores.com\\\/alaitzestonbaloinaz\\\/poesia\\\/\"]}]},{\"@type\":\"BreadcrumbList\",\"@id\":\"https:\\\/\\\/nuestrosescritores.com\\\/alaitzestonbaloinaz\\\/poesia\\\/#breadcrumb\",\"itemListElement\":[{\"@type\":\"ListItem\",\"position\":1,\"name\":\"Portada\",\"item\":\"https:\\\/\\\/nuestrosescritores.com\\\/alaitzestonbaloinaz\\\/\"},{\"@type\":\"ListItem\",\"position\":2,\"name\":\"POES\u00cdA\"}]},{\"@type\":\"WebSite\",\"@id\":\"https:\\\/\\\/nuestrosescritores.com\\\/alaitzestonbaloinaz\\\/#website\",\"url\":\"https:\\\/\\\/nuestrosescritores.com\\\/alaitzestonbaloinaz\\\/\",\"name\":\"Nuestros escritores\",\"description\":\"Escritora\",\"potentialAction\":[{\"@type\":\"SearchAction\",\"target\":{\"@type\":\"EntryPoint\",\"urlTemplate\":\"https:\\\/\\\/nuestrosescritores.com\\\/alaitzestonbaloinaz\\\/?s={search_term_string}\"},\"query-input\":{\"@type\":\"PropertyValueSpecification\",\"valueRequired\":true,\"valueName\":\"search_term_string\"}}],\"inLanguage\":\"es\"}]}<\/script>\n<!-- \/ Yoast SEO Premium plugin. -->","yoast_head_json":{"title":"POES\u00cdA - Alaitz Estonba Loinaz","description":"Poes\u00eda del libro SO\u00d1AR QUE VUELO, VOLAR SO\u00d1ANDO la escritora ALAITZ ESTONBA LOINAZ nos da una muestra tras publicar un libro con la Editorial Poes\u00eda eres t\u00fa","robots":{"index":"index","follow":"follow","max-snippet":"max-snippet:-1","max-image-preview":"max-image-preview:large","max-video-preview":"max-video-preview:-1"},"canonical":"https:\/\/nuestrosescritores.com\/alaitzestonbaloinaz\/poesia\/","og_locale":"es_ES","og_type":"article","og_title":"POES\u00cdA","og_description":"Poes\u00eda del libro SO\u00d1AR QUE VUELO, VOLAR SO\u00d1ANDO la escritora ALAITZ ESTONBA LOINAZ nos da una muestra tras publicar un libro con la Editorial Poes\u00eda eres t\u00fa","og_url":"https:\/\/nuestrosescritores.com\/alaitzestonbaloinaz\/poesia\/","og_site_name":"Alaitz Estonba Loinaz","article_modified_time":"2020-02-22T12:33:45+00:00","og_image":[{"url":"https:\/\/nuestrosescritores.com\/alaitzestonbaloinaz\/wp-content\/uploads\/sites\/29\/2020\/02\/0_Portada_So\u00f1arquevuelo.jpg","type":"","width":"","height":""}],"twitter_card":"summary_large_image","twitter_misc":{"Tiempo de lectura":"7 minutos"},"schema":{"@context":"https:\/\/schema.org","@graph":[{"@type":"WebPage","@id":"https:\/\/nuestrosescritores.com\/alaitzestonbaloinaz\/poesia\/","url":"https:\/\/nuestrosescritores.com\/alaitzestonbaloinaz\/poesia\/","name":"POES\u00cdA - Alaitz Estonba Loinaz","isPartOf":{"@id":"https:\/\/nuestrosescritores.com\/alaitzestonbaloinaz\/#website"},"datePublished":"2020-02-22T12:08:47+00:00","dateModified":"2020-02-22T12:33:45+00:00","description":"Poes\u00eda del libro SO\u00d1AR QUE VUELO, VOLAR SO\u00d1ANDO la escritora ALAITZ ESTONBA LOINAZ nos da una muestra tras publicar un libro con la Editorial Poes\u00eda eres t\u00fa","breadcrumb":{"@id":"https:\/\/nuestrosescritores.com\/alaitzestonbaloinaz\/poesia\/#breadcrumb"},"inLanguage":"es","potentialAction":[{"@type":"ReadAction","target":["https:\/\/nuestrosescritores.com\/alaitzestonbaloinaz\/poesia\/"]}]},{"@type":"BreadcrumbList","@id":"https:\/\/nuestrosescritores.com\/alaitzestonbaloinaz\/poesia\/#breadcrumb","itemListElement":[{"@type":"ListItem","position":1,"name":"Portada","item":"https:\/\/nuestrosescritores.com\/alaitzestonbaloinaz\/"},{"@type":"ListItem","position":2,"name":"POES\u00cdA"}]},{"@type":"WebSite","@id":"https:\/\/nuestrosescritores.com\/alaitzestonbaloinaz\/#website","url":"https:\/\/nuestrosescritores.com\/alaitzestonbaloinaz\/","name":"Nuestros escritores","description":"Escritora","potentialAction":[{"@type":"SearchAction","target":{"@type":"EntryPoint","urlTemplate":"https:\/\/nuestrosescritores.com\/alaitzestonbaloinaz\/?s={search_term_string}"},"query-input":{"@type":"PropertyValueSpecification","valueRequired":true,"valueName":"search_term_string"}}],"inLanguage":"es"}]}},"_links":{"self":[{"href":"https:\/\/nuestrosescritores.com\/alaitzestonbaloinaz\/wp-json\/wp\/v2\/pages\/69","targetHints":{"allow":["GET"]}}],"collection":[{"href":"https:\/\/nuestrosescritores.com\/alaitzestonbaloinaz\/wp-json\/wp\/v2\/pages"}],"about":[{"href":"https:\/\/nuestrosescritores.com\/alaitzestonbaloinaz\/wp-json\/wp\/v2\/types\/page"}],"author":[{"embeddable":true,"href":"https:\/\/nuestrosescritores.com\/alaitzestonbaloinaz\/wp-json\/wp\/v2\/users\/1"}],"replies":[{"embeddable":true,"href":"https:\/\/nuestrosescritores.com\/alaitzestonbaloinaz\/wp-json\/wp\/v2\/comments?post=69"}],"version-history":[{"count":0,"href":"https:\/\/nuestrosescritores.com\/alaitzestonbaloinaz\/wp-json\/wp\/v2\/pages\/69\/revisions"}],"wp:attachment":[{"href":"https:\/\/nuestrosescritores.com\/alaitzestonbaloinaz\/wp-json\/wp\/v2\/media?parent=69"}],"curies":[{"name":"wp","href":"https:\/\/api.w.org\/{rel}","templated":true}]}}