{"id":89,"date":"2020-03-21T19:14:49","date_gmt":"2020-03-21T19:14:49","guid":{"rendered":"https:\/\/nuestrosescritores.com\/agustinherreraredondo\/?page_id=89"},"modified":"2020-03-21T19:56:56","modified_gmt":"2020-03-21T19:56:56","slug":"poesia","status":"publish","type":"page","link":"https:\/\/nuestrosescritores.com\/agustinherreraredondo\/poesia\/","title":{"rendered":"Poes\u00eda"},"content":{"rendered":"<div class=\"wpb-content-wrapper\">[vc_row][vc_column extend=&#8221;false&#8221;][vc_column_text css=&#8221;.vc_custom_1582373099134{margin-top: -30000px !important;}&#8221;]\n<h1><strong><em><u>Poes\u00eda del libro LOS HIJOS DE LA MAR de AGUST\u00cdN HERRERA REDONDO. El escritor nos da una muestra tras publicar un libro.<\/u><\/em><\/strong><\/h1>\n<h2><strong><em><u><img fetchpriority=\"high\" decoding=\"async\" class=\"alignnone size-full wp-image-85\" src=\"https:\/\/nuestrosescritores.com\/agustinherreraredondo\/wp-content\/uploads\/sites\/33\/2020\/03\/0_Portada_Loshijosdelamar-Mediano-1.jpg\" alt=\"\" width=\"768\" height=\"1097\">Poes\u00eda del libro LOS HIJOS DE LA MAR de AGUST\u00cdN HERRERA REDONDO El poeta nos da una muestra tras publicar un libro.<\/u><\/em><\/strong><\/h2>\n<h3><strong><em><u>Poes\u00eda del libro LOS HIJOS DE LA MAR de AGUST\u00cdN HERRERA REDONDO El autor nos da una muestra tras publicar un libro.<\/u><\/em><\/strong><\/h3>\n<h4><strong><em><u>Poes\u00eda del libro LOS HIJOS DE LA MAR de AGUST\u00cdN HERRERA REDONDO El autor nos da una muestra tras publicar un libro.<\/u><\/em><\/strong><\/h4>\n<h5><strong><em><u>Poes\u00eda del libro LOS HIJOS DE LA MAR de AGUST\u00cdN HERRERA REDONDO El autor nos da una muestra tras publicar un libro.<\/u><\/em><\/strong><\/h5>\n[\/vc_column_text][\/vc_column][\/vc_row][vc_row full_width=&#8221;stretch_row_content_no_spaces&#8221;][vc_column extend=&#8221;false&#8221;]<div class='gambit_parallax_row' data-bg-align='' data-direction='fixed' data-opacity='100' data-velocity='-0.3' data-mobile-enabled='' data-bg-height='1200' data-bg-width='800' data-bg-image='https:\/\/nuestrosescritores.com\/agustinherreraredondo\/wp-content\/uploads\/sites\/33\/2020\/03\/otn91wycgcy.jpg' data-bg-repeat='false' data-id='' style='display: none'><\/div><div class=\"gambit_fullheight_row\" data-content-location=\"center\" style=\"display: none\"><\/div>[\/vc_column][\/vc_row][vc_row][vc_column extend=&#8221;false&#8221;][vc_column_text]\n<h1><a name=\"_Toc34417149\"><\/a><strong>EL PLACER DE LO INCIERTO<\/strong><\/h1>\n<p><u>&nbsp;<\/u><\/p>\n<p>Colgado de un hilo\u2026 Como la ara\u00f1a<\/p>\n<p>que ha tejido laboriosa y resignada<\/p>\n<p>lo que el viento y la lluvia una ma\u00f1ana<\/p>\n<p>borrar\u00e1n entre las ramas del sarmiento.<\/p>\n<p>&nbsp;<\/p>\n<p>Hoy en esta ciudad al norte,<\/p>\n<p>ma\u00f1ana en otra al occidente.<\/p>\n<p>En esta nueva casa, en estas ruinas,<\/p>\n<p>en este nuevo clima de lluvias y de brumas,<\/p>\n<p>en estas alamedas de soles y de lunas,<\/p>\n<p>en estos pl\u00e1cidos jardines con sus fuentes.<\/p>\n<p>&nbsp;<\/p>\n<p>Frente al precipicio suspiro y sue\u00f1o,<\/p>\n<p>en la playa borrascosa alargo mi mirada al horizonte,<\/p>\n<p>sacio mi sed en las fuentes escondidas,<\/p>\n<p>me alimento con el pan de los hambrientos.<\/p>\n<p>No encuentro el camino de la huida<\/p>\n<p>ni el lugar donde esconder pudiera;<\/p>\n<p>no me queda otra salida que aceptar mi destino:<\/p>\n<p>el del rat\u00f3n que va escapando de las garras de la fiera.<\/p>\n<p>&nbsp;<\/p>\n<p>Y el alma se estremece a cada instante,<\/p>\n<p>teme, goza y enloquece abrazada al vac\u00edo.<\/p>\n<p>\u00a1El aire siempre limpio, siempre puro!<\/p>\n<p>M\u00e1s all\u00e1 de los montes, los mares y los r\u00edos.<\/p>\n<p>En la noche estrellada, bajo el sol y el fr\u00edo.<\/p>\n<p>Delante de mis ojos todos los caminos.<\/p>\n<p>El placer de lo inalcanzable, de lo incierto.<\/p>\n<p>&nbsp;<\/p>\n<p>&nbsp;<\/p>\n<span class='bctt-click-to-tweet'><span class='bctt-ctt-text'><a href='https:\/\/x.com\/intent\/tweet?url=https%3A%2F%2Fnuestrosescritores.com%2Fagustinherreraredondo%2Fpoesia%2F&#038;text=EL%20PLACER%20DE%20LO%20INCIERTO%C2%A0del%20libro%20LOS%20HIJOS%20DE%20LA%20MAR%20de%20AGUST%C3%8DN%20HERRERA%20REDONDO&#038;via=poesiaerestu&#038;related=poesiaerestu' target='_blank'rel=\"noopener noreferrer\">EL PLACER DE LO INCIERTO&nbsp;del libro LOS HIJOS DE LA MAR de AGUST\u00cdN HERRERA REDONDO <\/a><\/span><a href='https:\/\/x.com\/intent\/tweet?url=https%3A%2F%2Fnuestrosescritores.com%2Fagustinherreraredondo%2Fpoesia%2F&#038;text=EL%20PLACER%20DE%20LO%20INCIERTO%C2%A0del%20libro%20LOS%20HIJOS%20DE%20LA%20MAR%20de%20AGUST%C3%8DN%20HERRERA%20REDONDO&#038;via=poesiaerestu&#038;related=poesiaerestu' target='_blank' class='bctt-ctt-btn'rel=\"noopener noreferrer\">Compartir en X<\/a><\/span>\n<p>&nbsp;[\/vc_column_text][\/vc_column][\/vc_row][vc_row full_width=&#8221;stretch_row_content_no_spaces&#8221;][vc_column extend=&#8221;false&#8221;]<div class='gambit_parallax_row' data-bg-align='' data-direction='fixed' data-opacity='100' data-velocity='-0.3' data-mobile-enabled='' data-bg-height='1200' data-bg-width='960' data-bg-image='https:\/\/nuestrosescritores.com\/agustinherreraredondo\/wp-content\/uploads\/sites\/33\/2020\/03\/mmokrnkiggq.jpg' data-bg-repeat='false' data-id='' style='display: none'><\/div><div class=\"gambit_fullheight_row\" data-content-location=\"center\" style=\"display: none\"><\/div>[\/vc_column][\/vc_row][vc_row][vc_column extend=&#8221;false&#8221;][vc_column_text]\n<h1>&nbsp;<\/h1>\n<h1><a name=\"_Toc34417151\"><\/a><strong>UNA MA\u00d1ANA<\/strong><\/h1>\n<p><u>&nbsp;<\/u><\/p>\n<p>Cuando la aurora t\u00edmidamente<\/p>\n<p>penetra por las rendijas de tu ventana<\/p>\n<p>y la penumbra se resiste a rasgar su manto;<\/p>\n<p>se oyen, a\u00fan lejanos,<\/p>\n<p>los primeros trinos de los p\u00e1jaros<\/p>\n<p>y la niebla se arrastra por el patio.<\/p>\n<p>No vuelvas a ocultarte en tu c\u00e1lida cobija,<\/p>\n<p>deja salir el aire viciado que te embarga,<\/p>\n<p>deja escapar la angustia que envenena tu alma.<\/p>\n<p>Sal fuera aunque tengas el est\u00f3mago vac\u00edo,<\/p>\n<p>aunque tengas el alma vac\u00eda,<\/p>\n<p>aunque los primeros rayos del sol te ofendan.<\/p>\n<p>El aire di\u00e1fano de la ma\u00f1ana<\/p>\n<p>ahuyentar\u00e1 tus monstruos.<\/p>\n<p>La clara luz del nuevo d\u00eda<\/p>\n<p>borrar\u00e1 tus trasl\u00facidas sombras<\/p>\n<p>y caminar\u00e1s junto a ellos,<\/p>\n<p>a los que no conoces,<\/p>\n<p>a los que no recuerdas.<\/p>\n<p>Sin apenas darte cuenta,<\/p>\n<p>compartir\u00e1s su destino,<\/p>\n<p>como amigos que no te abandonan.<\/p>\n<p>.<\/p>\n<p>&nbsp;<\/p>\n<span class='bctt-click-to-tweet'><span class='bctt-ctt-text'><a href='https:\/\/x.com\/intent\/tweet?url=https%3A%2F%2Fnuestrosescritores.com%2Fagustinherreraredondo%2Fpoesia%2F&#038;text=UNA%20MA%C3%91ANA%20del%20libro%20LOS%20HIJOS%20DE%20LA%20MAR%20de%20AGUST%C3%8DN%20HERRERA%20REDONDO&#038;via=poesiaerestu&#038;related=poesiaerestu' target='_blank'rel=\"noopener noreferrer\">UNA MA\u00d1ANA del libro LOS HIJOS DE LA MAR de AGUST\u00cdN HERRERA REDONDO <\/a><\/span><a href='https:\/\/x.com\/intent\/tweet?url=https%3A%2F%2Fnuestrosescritores.com%2Fagustinherreraredondo%2Fpoesia%2F&#038;text=UNA%20MA%C3%91ANA%20del%20libro%20LOS%20HIJOS%20DE%20LA%20MAR%20de%20AGUST%C3%8DN%20HERRERA%20REDONDO&#038;via=poesiaerestu&#038;related=poesiaerestu' target='_blank' class='bctt-ctt-btn'rel=\"noopener noreferrer\">Compartir en X<\/a><\/span>\n<p>&nbsp;<\/p>\n<p>&nbsp;[\/vc_column_text][\/vc_column][\/vc_row][vc_row][vc_column extend=&#8221;false&#8221;]<div class='gambit_parallax_row' data-bg-align='' data-direction='fixed' data-opacity='100' data-velocity='-0.3' data-mobile-enabled='' data-bg-height='1200' data-bg-width='800' data-bg-image='https:\/\/nuestrosescritores.com\/agustinherreraredondo\/wp-content\/uploads\/sites\/33\/2020\/03\/jc3w4lmqwck.jpg' data-bg-repeat='false' data-id='' style='display: none'><\/div><div class=\"gambit_fullheight_row\" data-content-location=\"center\" style=\"display: none\"><\/div>[\/vc_column][\/vc_row][vc_row][vc_column extend=&#8221;false&#8221;][vc_column_text]\n<h1><a name=\"_Toc34417156\"><\/a><strong>HOY HA SIDO UN GRAN D\u00cdA<\/strong><\/h1>\n<p>&nbsp;<\/p>\n<p>Hoy he visto caer de un 5\u00ba piso<\/p>\n<p>a un hombre orondo, pulcro y afeitado.<\/p>\n<p>Unos dicen que es un banquero<\/p>\n<p>otros que un concejal o un diputado.<\/p>\n<p>A fin de cuentas, un ser humano.<\/p>\n<p>En la oficina de empleo<\/p>\n<p>me ha dicho una amable se\u00f1orita<\/p>\n<p>que ya no me pertenece el paro,<\/p>\n<p>tan atenta, tan encantadora su sonrisa,<\/p>\n<p>que me he sentido afortunado,<\/p>\n<p>porque me ha tratado dignamente.<\/p>\n<p>A fin de cuentas, como a un ser humano.<\/p>\n<p>Mi colega me ha invitado<\/p>\n<p>a una botella de vino (Rioja, gran reserva)<\/p>\n<p>que ha tomado prestada de un supermercado.<\/p>\n<p>Mi colega es un gran tipo<\/p>\n<p>todo lo que tiene lo comparte.<\/p>\n<p>A fin de cuentas, es un gran ser humano.<\/p>\n<p>&nbsp;<\/p>\n<p>&nbsp;<\/p>\n<p>&nbsp;<\/p>\n<p>&nbsp;<\/p>\n<p>&nbsp;<\/p>\n<p>&nbsp;<\/p>\n<span class='bctt-click-to-tweet'><span class='bctt-ctt-text'><a href='https:\/\/x.com\/intent\/tweet?url=https%3A%2F%2Fnuestrosescritores.com%2Fagustinherreraredondo%2Fpoesia%2F&#038;text=HOY%20HA%20SIDO%20UN%20GRAN%20D%C3%8DA%20del%20libro%20LOS%20HIJOS%20DE%20LA%20MAR%20de%20AGUST%C3%8DN%20HERRERA%20REDONDO&#038;via=poesiaerestu&#038;related=poesiaerestu' target='_blank'rel=\"noopener noreferrer\">HOY HA SIDO UN GRAN D\u00cdA del libro LOS HIJOS DE LA MAR de AGUST\u00cdN HERRERA REDONDO <\/a><\/span><a href='https:\/\/x.com\/intent\/tweet?url=https%3A%2F%2Fnuestrosescritores.com%2Fagustinherreraredondo%2Fpoesia%2F&#038;text=HOY%20HA%20SIDO%20UN%20GRAN%20D%C3%8DA%20del%20libro%20LOS%20HIJOS%20DE%20LA%20MAR%20de%20AGUST%C3%8DN%20HERRERA%20REDONDO&#038;via=poesiaerestu&#038;related=poesiaerestu' target='_blank' class='bctt-ctt-btn'rel=\"noopener noreferrer\">Compartir en X<\/a><\/span>[\/vc_column_text][\/vc_column][\/vc_row][vc_row][vc_column extend=&#8221;false&#8221;]<div class='gambit_parallax_row' data-bg-align='' data-direction='fixed' data-opacity='100' data-velocity='-0.3' data-mobile-enabled='' data-bg-height='1200' data-bg-width='800' data-bg-image='https:\/\/nuestrosescritores.com\/agustinherreraredondo\/wp-content\/uploads\/sites\/33\/2020\/03\/vumjuuizsnk.jpg' data-bg-repeat='false' data-id='' style='display: none'><\/div><div class=\"gambit_fullheight_row\" data-content-location=\"center\" style=\"display: none\"><\/div>[\/vc_column][\/vc_row][vc_row][vc_column extend=&#8221;false&#8221;][vc_column_text]\n<h1><a name=\"_Toc34417169\"><\/a><strong>DESENCUENTRO<\/strong><\/h1>\n<p><u>&nbsp;<\/u><\/p>\n<p>Te amaba lo s\u00e9. Pero ya no s\u00e9 si te amo.<\/p>\n<p>Era mi amor un sentimiento tan seguro<\/p>\n<p>que lo fui dejando lentamente adormecido.<\/p>\n<p>Era mi amor un sentimiento tan maduro<\/p>\n<p>que fue muriendo entre las brumas del olvido.<\/p>\n<p>&nbsp;<\/p>\n<p>&nbsp;<\/p>\n<p>Y el cari\u00f1o, que yo cre\u00ed sereno,<\/p>\n<p>dej\u00f3 a la pasi\u00f3n tan olvidada<\/p>\n<p>que cuando se apag\u00f3 el fuego en que se sustentaba<\/p>\n<p>invadi\u00f3 la eterna noche la g\u00e9lida morada;<\/p>\n<p>y entre los dos sentados frente a frente,<\/p>\n<p>en la oscura b\u00f3veda del silencio,<\/p>\n<p>pasaron r\u00e1fagas calladas de amargura y desaliento,<\/p>\n<p>mientras, taimado e inexorable, entre nosotros<\/p>\n<p>se instala para siempre el desencuentro.<\/p>\n<p>&nbsp;<\/p>\n<span class='bctt-click-to-tweet'><span class='bctt-ctt-text'><a href='https:\/\/x.com\/intent\/tweet?url=https%3A%2F%2Fnuestrosescritores.com%2Fagustinherreraredondo%2Fpoesia%2F&#038;text=DESENCUENTRO%20del%20libro%20LOS%20HIJOS%20DE%20LA%20MAR%20de%20AGUST%C3%8DN%20HERRERA%20REDONDO&#038;via=poesiaerestu&#038;related=poesiaerestu' target='_blank'rel=\"noopener noreferrer\">DESENCUENTRO del libro LOS HIJOS DE LA MAR de AGUST\u00cdN HERRERA REDONDO <\/a><\/span><a href='https:\/\/x.com\/intent\/tweet?url=https%3A%2F%2Fnuestrosescritores.com%2Fagustinherreraredondo%2Fpoesia%2F&#038;text=DESENCUENTRO%20del%20libro%20LOS%20HIJOS%20DE%20LA%20MAR%20de%20AGUST%C3%8DN%20HERRERA%20REDONDO&#038;via=poesiaerestu&#038;related=poesiaerestu' target='_blank' class='bctt-ctt-btn'rel=\"noopener noreferrer\">Compartir en X<\/a><\/span>[\/vc_column_text][\/vc_column][\/vc_row][vc_row][vc_column extend=&#8221;false&#8221;]<div class='gambit_parallax_row' data-bg-align='' data-direction='fixed' data-opacity='100' data-velocity='-0.3' data-mobile-enabled='' data-bg-height='1200' data-bg-width='800' data-bg-image='https:\/\/nuestrosescritores.com\/agustinherreraredondo\/wp-content\/uploads\/sites\/33\/2020\/03\/si9udqkzdik.jpg' data-bg-repeat='false' data-id='' style='display: none'><\/div><div class=\"gambit_fullheight_row\" data-content-location=\"center\" style=\"display: none\"><\/div>[\/vc_column][\/vc_row][vc_row][vc_column extend=&#8221;false&#8221;][vc_column_text]\n<h1>&nbsp;<\/h1>\n<h1><a name=\"_Toc34417171\"><\/a><strong>PRESENCIA<\/strong><\/h1>\n<p>&nbsp;<\/p>\n<p>S\u00f3lo en la soledad te siento,<\/p>\n<p>s\u00f3lo en la soledad noto tu aliento<\/p>\n<p>y escucho el rumor de tus vestidos<\/p>\n<p>cuando te sientas a mi lado en el silencio,<\/p>\n<p>y rozas con tus labios mis h\u00famedas mejillas,<\/p>\n<p>y la levedad de tus manos se posan en mi cuerpo.<\/p>\n<p>&nbsp;<\/p>\n<p>Cada noche, interminable y quieta,<\/p>\n<p>la estancia en penumbra, desnuda y fr\u00eda,<\/p>\n<p>se llena con el vaho de tu presencia.<\/p>\n<p>Y si cuando estabas a mi lado<\/p>\n<p>eras el torbellino de mi vida;<\/p>\n<p>ahora, en mi soledad amada<\/p>\n<p>eres la paz desde tu ausencia.<\/p>\n<p>&nbsp;<\/p>\n<p>&nbsp;<\/p>\n<p>&nbsp;<\/p>\n<span class='bctt-click-to-tweet'><span class='bctt-ctt-text'><a href='https:\/\/x.com\/intent\/tweet?url=https%3A%2F%2Fnuestrosescritores.com%2Fagustinherreraredondo%2Fpoesia%2F&#038;text=PRESENCIA%20del%20libro%20LOS%20HIJOS%20DE%20LA%20MAR%20de%20AGUST%C3%8DN%20HERRERA%20REDONDO&#038;via=poesiaerestu&#038;related=poesiaerestu' target='_blank'rel=\"noopener noreferrer\">PRESENCIA del libro LOS HIJOS DE LA MAR de AGUST\u00cdN HERRERA REDONDO <\/a><\/span><a href='https:\/\/x.com\/intent\/tweet?url=https%3A%2F%2Fnuestrosescritores.com%2Fagustinherreraredondo%2Fpoesia%2F&#038;text=PRESENCIA%20del%20libro%20LOS%20HIJOS%20DE%20LA%20MAR%20de%20AGUST%C3%8DN%20HERRERA%20REDONDO&#038;via=poesiaerestu&#038;related=poesiaerestu' target='_blank' class='bctt-ctt-btn'rel=\"noopener noreferrer\">Compartir en X<\/a><\/span>[\/vc_column_text][\/vc_column][\/vc_row][vc_row][vc_column extend=&#8221;false&#8221;]<div class='gambit_parallax_row' data-bg-align='' data-direction='fixed' data-opacity='100' data-velocity='-0.3' data-mobile-enabled='' data-bg-height='514' data-bg-width='1366' data-bg-image='https:\/\/nuestrosescritores.com\/agustinherreraredondo\/wp-content\/uploads\/sites\/33\/2020\/03\/FOTO-Agusti\u0117n-HERRERA-Ssquare_Alargado-Mediano.jpg' data-bg-repeat='false' data-id='' style='display: none'><\/div><div class=\"gambit_fullheight_row\" data-content-location=\"center\" style=\"display: none\"><\/div>[vc_column_text]\n<p style=\"text-align: center;\"><a class=\"fasc-button fasc-size-xlarge fasc-type-glossy fasc-rounded-medium\" style=\"background-color: #33809e; color: #ffffff;\" href=\"https:\/\/librodepoesia.com\/producto\/los-hijos-de-la-mar-agustin-herrera-redondo\/\">Comprar el libro<\/a><\/p>\n[\/vc_column_text][\/vc_column][\/vc_row][vc_row][vc_column extend=&#8221;false&#8221;][vc_column_text css=&#8221;.vc_custom_1549215104378{margin-top: -30000px !important;}&#8221;]\n<h1><strong><em><u>Poes\u00eda del libro LOS HIJOS DE LA MAR de AGUST\u00cdN HERRERA REDONDO. El escritor nos da una muestra tras publicar un libro.<\/u><\/em><\/strong><\/h1>\n<h2><strong><em><u>Poes\u00eda del libro LOS HIJOS DE LA MAR de AGUST\u00cdN HERRERA REDONDO El poeta nos da una muestra tras publicar un libro.<\/u><\/em><\/strong><\/h2>\n<h3><strong><em><u>Poes\u00eda del libro LOS HIJOS DE LA MAR de AGUST\u00cdN HERRERA REDONDO El autor nos da una muestra tras publicar un libro.<\/u><\/em><\/strong><\/h3>\n<h4><strong><em><u>Poes\u00eda del libro LOS HIJOS DE LA MAR de AGUST\u00cdN HERRERA REDONDO El autor nos da una muestra tras publicar un libro.<\/u><\/em><\/strong><\/h4>\n<h5><strong><em><u>Poes\u00eda del libro LOS HIJOS DE LA MAR de AGUST\u00cdN HERRERA REDONDO El autor nos da una muestra tras publicar un libro.<\/u><\/em><\/strong><\/h5>\n[\/vc_column_text][\/vc_column][\/vc_row]\n<\/div>","protected":false},"excerpt":{"rendered":"<p>[vc_row][vc_column extend=&#8221;false&#8221;][vc_column_text css=&#8221;.vc_custom_1582373099134{margin-top: -30000px !important;}&#8221;] Poes\u00eda del libro LOS HIJOS DE LA MAR de AGUST\u00cdN HERRERA REDONDO. El escritor nos da una muestra tras publicar un libro. Poes\u00eda del libro LOS HIJOS DE LA MAR de AGUST\u00cdN HERRERA REDONDO El poeta nos da una muestra tras publicar un libro. Poes\u00eda del libro LOS HIJOS DE [&hellip;]<\/p>\n","protected":false},"author":1,"featured_media":0,"parent":0,"menu_order":3,"comment_status":"closed","ping_status":"closed","template":"","meta":{"_acf_changed":false,"footnotes":""},"class_list":["post-89","page","type-page","status-publish","hentry"],"acf":[],"yoast_head":"<!-- This site is optimized with the Yoast SEO Premium plugin v24.7 (Yoast SEO v27.4) - https:\/\/yoast.com\/product\/yoast-seo-premium-wordpress\/ -->\n<title>Poes\u00eda - Agust\u00edn Herrera Redondo<\/title>\n<meta name=\"description\" content=\"Poes\u00eda del libro LOS HIJOS DE LA MAR de AGUST\u00cdN HERRERA REDONDO publicado por la Editorial Poes\u00eda eres t\u00fa en el a\u00f1o 2020\" \/>\n<meta name=\"robots\" content=\"index, follow, max-snippet:-1, max-image-preview:large, max-video-preview:-1\" \/>\n<link rel=\"canonical\" href=\"https:\/\/nuestrosescritores.com\/agustinherreraredondo\/poesia\/\" \/>\n<meta property=\"og:locale\" content=\"es_ES\" \/>\n<meta property=\"og:type\" content=\"article\" \/>\n<meta property=\"og:title\" content=\"Poes\u00eda\" \/>\n<meta property=\"og:description\" content=\"Poes\u00eda del libro LOS HIJOS DE LA MAR de AGUST\u00cdN HERRERA REDONDO publicado por la Editorial Poes\u00eda eres t\u00fa en el a\u00f1o 2020\" \/>\n<meta property=\"og:url\" content=\"https:\/\/nuestrosescritores.com\/agustinherreraredondo\/poesia\/\" \/>\n<meta property=\"og:site_name\" content=\"Agust\u00edn Herrera Redondo\" \/>\n<meta property=\"article:modified_time\" content=\"2020-03-21T19:56:56+00:00\" \/>\n<meta property=\"og:image\" content=\"https:\/\/nuestrosescritores.com\/agustinherreraredondo\/wp-content\/uploads\/sites\/33\/2020\/03\/0_Portada_Loshijosdelamar-Mediano-1.jpg\" \/>\n<meta name=\"twitter:card\" content=\"summary_large_image\" \/>\n<meta name=\"twitter:label1\" content=\"Tiempo de lectura\" \/>\n\t<meta name=\"twitter:data1\" content=\"7 minutos\" \/>\n<script type=\"application\/ld+json\" class=\"yoast-schema-graph\">{\"@context\":\"https:\\\/\\\/schema.org\",\"@graph\":[{\"@type\":\"WebPage\",\"@id\":\"https:\\\/\\\/nuestrosescritores.com\\\/agustinherreraredondo\\\/poesia\\\/\",\"url\":\"https:\\\/\\\/nuestrosescritores.com\\\/agustinherreraredondo\\\/poesia\\\/\",\"name\":\"Poes\u00eda - Agust\u00edn Herrera Redondo\",\"isPartOf\":{\"@id\":\"https:\\\/\\\/nuestrosescritores.com\\\/agustinherreraredondo\\\/#website\"},\"primaryImageOfPage\":{\"@id\":\"https:\\\/\\\/nuestrosescritores.com\\\/agustinherreraredondo\\\/poesia\\\/#primaryimage\"},\"image\":{\"@id\":\"https:\\\/\\\/nuestrosescritores.com\\\/agustinherreraredondo\\\/poesia\\\/#primaryimage\"},\"thumbnailUrl\":\"https:\\\/\\\/nuestrosescritores.com\\\/agustinherreraredondo\\\/wp-content\\\/uploads\\\/sites\\\/33\\\/2020\\\/03\\\/0_Portada_Loshijosdelamar-Mediano-1.jpg\",\"datePublished\":\"2020-03-21T19:14:49+00:00\",\"dateModified\":\"2020-03-21T19:56:56+00:00\",\"description\":\"Poes\u00eda del libro LOS HIJOS DE LA MAR de AGUST\u00cdN HERRERA REDONDO publicado por la Editorial Poes\u00eda eres t\u00fa en el a\u00f1o 2020\",\"breadcrumb\":{\"@id\":\"https:\\\/\\\/nuestrosescritores.com\\\/agustinherreraredondo\\\/poesia\\\/#breadcrumb\"},\"inLanguage\":\"es\",\"potentialAction\":[{\"@type\":\"ReadAction\",\"target\":[\"https:\\\/\\\/nuestrosescritores.com\\\/agustinherreraredondo\\\/poesia\\\/\"]}]},{\"@type\":\"ImageObject\",\"inLanguage\":\"es\",\"@id\":\"https:\\\/\\\/nuestrosescritores.com\\\/agustinherreraredondo\\\/poesia\\\/#primaryimage\",\"url\":\"https:\\\/\\\/nuestrosescritores.com\\\/agustinherreraredondo\\\/wp-content\\\/uploads\\\/sites\\\/33\\\/2020\\\/03\\\/0_Portada_Loshijosdelamar-Mediano-1.jpg\",\"contentUrl\":\"https:\\\/\\\/nuestrosescritores.com\\\/agustinherreraredondo\\\/wp-content\\\/uploads\\\/sites\\\/33\\\/2020\\\/03\\\/0_Portada_Loshijosdelamar-Mediano-1.jpg\",\"width\":768,\"height\":1097},{\"@type\":\"BreadcrumbList\",\"@id\":\"https:\\\/\\\/nuestrosescritores.com\\\/agustinherreraredondo\\\/poesia\\\/#breadcrumb\",\"itemListElement\":[{\"@type\":\"ListItem\",\"position\":1,\"name\":\"Portada\",\"item\":\"https:\\\/\\\/nuestrosescritores.com\\\/agustinherreraredondo\\\/\"},{\"@type\":\"ListItem\",\"position\":2,\"name\":\"Poes\u00eda\"}]},{\"@type\":\"WebSite\",\"@id\":\"https:\\\/\\\/nuestrosescritores.com\\\/agustinherreraredondo\\\/#website\",\"url\":\"https:\\\/\\\/nuestrosescritores.com\\\/agustinherreraredondo\\\/\",\"name\":\"Nuestros escritores\",\"description\":\"Escritor\",\"potentialAction\":[{\"@type\":\"SearchAction\",\"target\":{\"@type\":\"EntryPoint\",\"urlTemplate\":\"https:\\\/\\\/nuestrosescritores.com\\\/agustinherreraredondo\\\/?s={search_term_string}\"},\"query-input\":{\"@type\":\"PropertyValueSpecification\",\"valueRequired\":true,\"valueName\":\"search_term_string\"}}],\"inLanguage\":\"es\"}]}<\/script>\n<!-- \/ Yoast SEO Premium plugin. -->","yoast_head_json":{"title":"Poes\u00eda - Agust\u00edn Herrera Redondo","description":"Poes\u00eda del libro LOS HIJOS DE LA MAR de AGUST\u00cdN HERRERA REDONDO publicado por la Editorial Poes\u00eda eres t\u00fa en el a\u00f1o 2020","robots":{"index":"index","follow":"follow","max-snippet":"max-snippet:-1","max-image-preview":"max-image-preview:large","max-video-preview":"max-video-preview:-1"},"canonical":"https:\/\/nuestrosescritores.com\/agustinherreraredondo\/poesia\/","og_locale":"es_ES","og_type":"article","og_title":"Poes\u00eda","og_description":"Poes\u00eda del libro LOS HIJOS DE LA MAR de AGUST\u00cdN HERRERA REDONDO publicado por la Editorial Poes\u00eda eres t\u00fa en el a\u00f1o 2020","og_url":"https:\/\/nuestrosescritores.com\/agustinherreraredondo\/poesia\/","og_site_name":"Agust\u00edn Herrera Redondo","article_modified_time":"2020-03-21T19:56:56+00:00","og_image":[{"url":"https:\/\/nuestrosescritores.com\/agustinherreraredondo\/wp-content\/uploads\/sites\/33\/2020\/03\/0_Portada_Loshijosdelamar-Mediano-1.jpg","type":"","width":"","height":""}],"twitter_card":"summary_large_image","twitter_misc":{"Tiempo de lectura":"7 minutos"},"schema":{"@context":"https:\/\/schema.org","@graph":[{"@type":"WebPage","@id":"https:\/\/nuestrosescritores.com\/agustinherreraredondo\/poesia\/","url":"https:\/\/nuestrosescritores.com\/agustinherreraredondo\/poesia\/","name":"Poes\u00eda - Agust\u00edn Herrera Redondo","isPartOf":{"@id":"https:\/\/nuestrosescritores.com\/agustinherreraredondo\/#website"},"primaryImageOfPage":{"@id":"https:\/\/nuestrosescritores.com\/agustinherreraredondo\/poesia\/#primaryimage"},"image":{"@id":"https:\/\/nuestrosescritores.com\/agustinherreraredondo\/poesia\/#primaryimage"},"thumbnailUrl":"https:\/\/nuestrosescritores.com\/agustinherreraredondo\/wp-content\/uploads\/sites\/33\/2020\/03\/0_Portada_Loshijosdelamar-Mediano-1.jpg","datePublished":"2020-03-21T19:14:49+00:00","dateModified":"2020-03-21T19:56:56+00:00","description":"Poes\u00eda del libro LOS HIJOS DE LA MAR de AGUST\u00cdN HERRERA REDONDO publicado por la Editorial Poes\u00eda eres t\u00fa en el a\u00f1o 2020","breadcrumb":{"@id":"https:\/\/nuestrosescritores.com\/agustinherreraredondo\/poesia\/#breadcrumb"},"inLanguage":"es","potentialAction":[{"@type":"ReadAction","target":["https:\/\/nuestrosescritores.com\/agustinherreraredondo\/poesia\/"]}]},{"@type":"ImageObject","inLanguage":"es","@id":"https:\/\/nuestrosescritores.com\/agustinherreraredondo\/poesia\/#primaryimage","url":"https:\/\/nuestrosescritores.com\/agustinherreraredondo\/wp-content\/uploads\/sites\/33\/2020\/03\/0_Portada_Loshijosdelamar-Mediano-1.jpg","contentUrl":"https:\/\/nuestrosescritores.com\/agustinherreraredondo\/wp-content\/uploads\/sites\/33\/2020\/03\/0_Portada_Loshijosdelamar-Mediano-1.jpg","width":768,"height":1097},{"@type":"BreadcrumbList","@id":"https:\/\/nuestrosescritores.com\/agustinherreraredondo\/poesia\/#breadcrumb","itemListElement":[{"@type":"ListItem","position":1,"name":"Portada","item":"https:\/\/nuestrosescritores.com\/agustinherreraredondo\/"},{"@type":"ListItem","position":2,"name":"Poes\u00eda"}]},{"@type":"WebSite","@id":"https:\/\/nuestrosescritores.com\/agustinherreraredondo\/#website","url":"https:\/\/nuestrosescritores.com\/agustinherreraredondo\/","name":"Nuestros escritores","description":"Escritor","potentialAction":[{"@type":"SearchAction","target":{"@type":"EntryPoint","urlTemplate":"https:\/\/nuestrosescritores.com\/agustinherreraredondo\/?s={search_term_string}"},"query-input":{"@type":"PropertyValueSpecification","valueRequired":true,"valueName":"search_term_string"}}],"inLanguage":"es"}]}},"_links":{"self":[{"href":"https:\/\/nuestrosescritores.com\/agustinherreraredondo\/wp-json\/wp\/v2\/pages\/89","targetHints":{"allow":["GET"]}}],"collection":[{"href":"https:\/\/nuestrosescritores.com\/agustinherreraredondo\/wp-json\/wp\/v2\/pages"}],"about":[{"href":"https:\/\/nuestrosescritores.com\/agustinherreraredondo\/wp-json\/wp\/v2\/types\/page"}],"author":[{"embeddable":true,"href":"https:\/\/nuestrosescritores.com\/agustinherreraredondo\/wp-json\/wp\/v2\/users\/1"}],"replies":[{"embeddable":true,"href":"https:\/\/nuestrosescritores.com\/agustinherreraredondo\/wp-json\/wp\/v2\/comments?post=89"}],"version-history":[{"count":0,"href":"https:\/\/nuestrosescritores.com\/agustinherreraredondo\/wp-json\/wp\/v2\/pages\/89\/revisions"}],"wp:attachment":[{"href":"https:\/\/nuestrosescritores.com\/agustinherreraredondo\/wp-json\/wp\/v2\/media?parent=89"}],"curies":[{"name":"wp","href":"https:\/\/api.w.org\/{rel}","templated":true}]}}