{"id":71,"date":"2020-05-31T21:24:25","date_gmt":"2020-05-31T21:24:25","guid":{"rendered":"https:\/\/nuestrosescritores.com\/agustincorrales\/?page_id=71"},"modified":"2020-06-01T11:22:02","modified_gmt":"2020-06-01T11:22:02","slug":"poesia","status":"publish","type":"page","link":"https:\/\/nuestrosescritores.com\/agustincorrales\/poesia\/","title":{"rendered":"Poes\u00eda"},"content":{"rendered":"<div class=\"wpb-content-wrapper\">[vc_row][vc_column extend=&#8221;false&#8221;][vc_column_text css=&#8221;.vc_custom_1582373099134{margin-top: -30000px !important;}&#8221;]\n&lt;h1&gt;&lt;strong&gt;&lt;em&gt;&lt;u&gt;Poes\u00eda del libro COCINA R\u00c1PIDA de AGUST\u00cdN CORRALES. El escritor nos da una muestra tras publicar un libro.&lt;\/u&gt;&lt;\/em&gt;&lt;\/strong&gt;&lt;\/h1&gt;<br \/>\n&lt;h2&gt;&lt;strong&gt;&lt;em&gt;&lt;u&gt;&lt;img class=&#8221;alignnone size-full wp-image-52&#8243; src=&#8221;https:\/\/nuestrosescritores.com\/andreaquintela\/wp-content\/uploads\/sites\/36\/2020\/05\/0_PortadaBesamelasheridas-1.jpg&#8221; alt=&#8221;&#8221; width=&#8221;559&#8243; height=&#8221;794&#8243;&gt;Poes\u00eda del libro COCINA R\u00c1PIDA de AGUST\u00cdN CORRALES El poeta nos da una muestra tras publicar un libro.&lt;\/u&gt;&lt;\/em&gt;&lt;\/strong&gt;&lt;\/h2&gt;<br \/>\n&lt;h3&gt;&lt;strong&gt;&lt;em&gt;&lt;u&gt;Poes\u00eda del libro COCINA R\u00c1PIDA de AGUST\u00cdN CORRALES El autor nos da una muestra tras publicar un libro.&lt;\/u&gt;&lt;\/em&gt;&lt;\/strong&gt;&lt;\/h3&gt;<br \/>\n&lt;h4&gt;&lt;strong&gt;&lt;em&gt;&lt;u&gt;Poes\u00eda del libro COCINA R\u00c1PIDA de AGUST\u00cdN CORRALES El autor nos da una muestra tras publicar un libro.&lt;\/u&gt;&lt;\/em&gt;&lt;\/strong&gt;&lt;\/h4&gt;<br \/>\n&lt;h5&gt;&lt;strong&gt;&lt;em&gt;&lt;u&gt;Poes\u00eda del libro COCINA R\u00c1PIDA de AGUST\u00cdN CORRALES El autor nos da una muestra tras publicar un libro.&lt;\/u&gt;&lt;\/em&gt;&lt;\/strong&gt;&lt;\/h5&gt;<br \/>\n[\/vc_column_text][\/vc_column][\/vc_row][vc_row full_width=&#8221;stretch_row_content_no_spaces&#8221;][vc_column extend=&#8221;false&#8221;]<div class='gambit_parallax_row' data-bg-align='' data-direction='fixed' data-opacity='100' data-velocity='-0.3' data-mobile-enabled='' data-bg-height='1152' data-bg-width='768' data-bg-image='https:\/\/nuestrosescritores.com\/agustincorrales\/wp-content\/uploads\/sites\/41\/2020\/05\/view-of-corridor-256477-Mediano.jpg' data-bg-repeat='false' data-id='' style='display: none'><\/div><div class=\"gambit_fullheight_row\" data-content-location=\"center\" style=\"display: none\"><\/div>[\/vc_column][\/vc_row][vc_row][vc_column extend=&#8221;false&#8221;][vc_column_text]\n<h1><a name=\"_Toc38999032\"><\/a><\/h1>\n<h1><a name=\"_Toc38642706\"><\/a><strong>TU DESEO<\/strong><\/h1>\n<p>&nbsp;<\/p>\n<p>Era apenas<\/p>\n<p>una gota obstinada<\/p>\n<p>buscando el centro de la roca.<\/p>\n<p>Ahora,<\/p>\n<p>galope de ojos por la curva de mi hombro,<\/p>\n<p>espumas que llegan derribando catedrales,<\/p>\n<p>un azul que desplaza continentes<\/p>\n<p>y es capaz de mover tu carne hacia la m\u00eda.<\/p>\n<span class='bctt-click-to-tweet'><span class='bctt-ctt-text'><a href='https:\/\/x.com\/intent\/tweet?url=https%3A%2F%2Fnuestrosescritores.com%2Fagustincorrales%2Fpoesia%2F&#038;text=TU%20DESEO%20del%20libro%20COCINA%20R%C3%81PIDA%20de%20AGUST%C3%8DN%20CORRALES&#038;via=poesiaerestu&#038;related=poesiaerestu' target='_blank'rel=\"noopener noreferrer\">TU DESEO del libro COCINA R\u00c1PIDA de AGUST\u00cdN CORRALES <\/a><\/span><a href='https:\/\/x.com\/intent\/tweet?url=https%3A%2F%2Fnuestrosescritores.com%2Fagustincorrales%2Fpoesia%2F&#038;text=TU%20DESEO%20del%20libro%20COCINA%20R%C3%81PIDA%20de%20AGUST%C3%8DN%20CORRALES&#038;via=poesiaerestu&#038;related=poesiaerestu' target='_blank' class='bctt-ctt-btn'rel=\"noopener noreferrer\">Compartir en X<\/a><\/span>\n<p>&amp;nbsp;[\/vc_column_text][\/vc_column][\/vc_row][vc_row full_width=&#8221;stretch_row_content_no_spaces&#8221;][vc_column extend=&#8221;false&#8221;]<div class='gambit_parallax_row' data-bg-align='' data-direction='fixed' data-opacity='100' data-velocity='-0.3' data-mobile-enabled='' data-bg-height='960' data-bg-width='768' data-bg-image='https:\/\/nuestrosescritores.com\/agustincorrales\/wp-content\/uploads\/sites\/41\/2020\/05\/ocean-wave-1656579-Mediano.jpg' data-bg-repeat='false' data-id='' style='display: none'><\/div><div class=\"gambit_fullheight_row\" data-content-location=\"center\" style=\"display: none\"><\/div>[\/vc_column][\/vc_row][vc_row][vc_column extend=&#8221;false&#8221;][vc_column_text]\n<h1><a name=\"_Toc38642711\"><\/a><strong>TRANSPARENTE<\/strong><\/h1>\n<p>&nbsp;<\/p>\n<p><a name=\"_Toc38642712\"><\/a><a name=\"_Toc37269951\"><\/a>Ning\u00fan vestido<\/p>\n<p>puede ocultar ese amor<\/p>\n<p>que te habita<\/p>\n<p>y te desborda.<\/p>\n<p><a name=\"_Toc38642713\"><\/a><a name=\"_Toc37269952\"><\/a>No es el tuyo,<\/p>\n<p>no es el m\u00edo.<\/p>\n<p><a name=\"_Toc38642714\"><\/a><a name=\"_Toc37269953\"><\/a>Es el nuestro.<\/p>\n<p>&nbsp;<\/p>\n<span class='bctt-click-to-tweet'><span class='bctt-ctt-text'><a href='https:\/\/x.com\/intent\/tweet?url=https%3A%2F%2Fnuestrosescritores.com%2Fagustincorrales%2Fpoesia%2F&#038;text=TRANSPARENTE%C2%A0del%20libro%20COCINA%20R%C3%81PIDA%20de%20AGUST%C3%8DN%20CORRALES&#038;via=poesiaerestu&#038;related=poesiaerestu' target='_blank'rel=\"noopener noreferrer\">TRANSPARENTE&nbsp;del libro COCINA R\u00c1PIDA de AGUST\u00cdN CORRALES <\/a><\/span><a href='https:\/\/x.com\/intent\/tweet?url=https%3A%2F%2Fnuestrosescritores.com%2Fagustincorrales%2Fpoesia%2F&#038;text=TRANSPARENTE%C2%A0del%20libro%20COCINA%20R%C3%81PIDA%20de%20AGUST%C3%8DN%20CORRALES&#038;via=poesiaerestu&#038;related=poesiaerestu' target='_blank' class='bctt-ctt-btn'rel=\"noopener noreferrer\">Compartir en X<\/a><\/span>\n<p>&nbsp;<\/p>\n<p>&nbsp;[\/vc_column_text][\/vc_column][\/vc_row][vc_row][vc_column extend=&#8221;false&#8221;]<div class='gambit_parallax_row' data-bg-align='' data-direction='fixed' data-opacity='100' data-velocity='-0.3' data-mobile-enabled='' data-bg-height='768' data-bg-width='1152' data-bg-image='https:\/\/nuestrosescritores.com\/agustincorrales\/wp-content\/uploads\/sites\/41\/2020\/05\/body-of-water-between-green-leaf-trees-709552-Mediano.jpg' data-bg-repeat='false' data-id='' style='display: none'><\/div><div class=\"gambit_fullheight_row\" data-content-location=\"center\" style=\"display: none\"><\/div>[\/vc_column][\/vc_row][vc_row][vc_column extend=&#8221;false&#8221;][vc_column_text]\n<h1>MANUAL DE INSTRUCCIONES PARA AMAR<\/h1>\n<p>Ordena las caricias al azar.<br \/>\nDesliza las palabras<br \/>\nentre la piel y el hueso.<br \/>\nInventa miradas<br \/>\nque inunden la risa<br \/>\nde peces azules.<br \/>\nAbre un volc\u00e1n<br \/>\nen cada poro.<br \/>\nCrea la lluvia.<br \/>\nSacia la lujuria y la sed.<br \/>\nConstruye un puente<br \/>\nlento e invisible<br \/>\npara unir cuerpo y cuerpo<br \/>\nvida y vida.<\/p>\n<p>&nbsp;<\/p>\n<span class='bctt-click-to-tweet'><span class='bctt-ctt-text'><a href='https:\/\/x.com\/intent\/tweet?url=https%3A%2F%2Fnuestrosescritores.com%2Fagustincorrales%2Fpoesia%2F&#038;text=MANUAL%20DE%20INSTRUCCIONES%20PARA%20AMAR%C2%A0del%20libro%20COCINA%20R%C3%81PIDA%20de%20AGUST%C3%8DN%20CORRALES&#038;via=poesiaerestu&#038;related=poesiaerestu' target='_blank'rel=\"noopener noreferrer\">MANUAL DE INSTRUCCIONES PARA AMAR&nbsp;del libro COCINA R\u00c1PIDA de AGUST\u00cdN CORRALES <\/a><\/span><a href='https:\/\/x.com\/intent\/tweet?url=https%3A%2F%2Fnuestrosescritores.com%2Fagustincorrales%2Fpoesia%2F&#038;text=MANUAL%20DE%20INSTRUCCIONES%20PARA%20AMAR%C2%A0del%20libro%20COCINA%20R%C3%81PIDA%20de%20AGUST%C3%8DN%20CORRALES&#038;via=poesiaerestu&#038;related=poesiaerestu' target='_blank' class='bctt-ctt-btn'rel=\"noopener noreferrer\">Compartir en X<\/a><\/span>[\/vc_column_text][\/vc_column][\/vc_row][vc_row][vc_column extend=&#8221;false&#8221;]<div class='gambit_parallax_row' data-bg-align='' data-direction='fixed' data-opacity='100' data-velocity='-0.3' data-mobile-enabled='' data-bg-height='768' data-bg-width='1152' data-bg-image='https:\/\/nuestrosescritores.com\/agustincorrales\/wp-content\/uploads\/sites\/41\/2020\/05\/books-sculpture-write-reading-34627-Mediano.jpg' data-bg-repeat='false' data-id='' style='display: none'><\/div><div class=\"gambit_fullheight_row\" data-content-location=\"center\" style=\"display: none\"><\/div>[\/vc_column][\/vc_row][vc_row][vc_column extend=&#8221;false&#8221;][vc_column_text]\n<h1>FICCIORREALIDAD<\/h1>\n<p>De lo que inventan mis palabras<br \/>\ny mis manos<br \/>\nsurge un ser exacto a ti,<br \/>\ncon tu forma de volar,<br \/>\ntu risa libre,<br \/>\ntu mudo llanto,<br \/>\ntus ojos que me arrastran<br \/>\nhasta el borde de tu boca<br \/>\ny el tama\u00f1o caprichoso de tu cuerpo.<\/p>\n<span class='bctt-click-to-tweet'><span class='bctt-ctt-text'><a href='https:\/\/x.com\/intent\/tweet?url=https%3A%2F%2Fnuestrosescritores.com%2Fagustincorrales%2Fpoesia%2F&#038;text=FICCIORREALIDAD%20del%20libro%20COCINA%20R%C3%81PIDA%20de%20AGUST%C3%8DN%20CORRALES&#038;via=poesiaerestu&#038;related=poesiaerestu' target='_blank'rel=\"noopener noreferrer\">FICCIORREALIDAD del libro COCINA R\u00c1PIDA de AGUST\u00cdN CORRALES <\/a><\/span><a href='https:\/\/x.com\/intent\/tweet?url=https%3A%2F%2Fnuestrosescritores.com%2Fagustincorrales%2Fpoesia%2F&#038;text=FICCIORREALIDAD%20del%20libro%20COCINA%20R%C3%81PIDA%20de%20AGUST%C3%8DN%20CORRALES&#038;via=poesiaerestu&#038;related=poesiaerestu' target='_blank' class='bctt-ctt-btn'rel=\"noopener noreferrer\">Compartir en X<\/a><\/span>[\/vc_column_text][\/vc_column][\/vc_row][vc_row][vc_column extend=&#8221;false&#8221;]<div class='gambit_parallax_row' data-bg-align='' data-direction='fixed' data-opacity='100' data-velocity='-0.3' data-mobile-enabled='' data-bg-height='1092' data-bg-width='768' data-bg-image='https:\/\/nuestrosescritores.com\/agustincorrales\/wp-content\/uploads\/sites\/41\/2020\/05\/tilt-shift-lens-photo-of-blue-flowers-673857-Mediano.jpg' data-bg-repeat='false' data-id='' style='display: none'><\/div><div class=\"gambit_fullheight_row\" data-content-location=\"center\" style=\"display: none\"><\/div>[\/vc_column][\/vc_row][vc_row][vc_column extend=&#8221;false&#8221;][vc_column_text]\n<h1><a name=\"_Toc38642752\"><\/a><strong>DESASTRES<\/strong><\/h1>\n<p>&nbsp;<\/p>\n<p>No sabr\u00e1s defenderte<\/p>\n<p>del met\u00e1lico roce de mi voz<\/p>\n<p>que propaga incendios por tu nuca,<\/p>\n<p>de mi mano entre tu pelo<\/p>\n<p>talando voluntad y firmeza,<\/p>\n<p>del rel\u00e1mpago del beso<\/p>\n<p>que abre tu pecho en dos mitades.<\/p>\n<p>&nbsp;<\/p>\n<p>No podr\u00e1s ni intentar\u00e1s defenderte<\/p>\n<p>de mi caricia creadora de desiertos,<\/p>\n<p>de mi mirada con promesa de naufragios.<\/p>\n<span class='bctt-click-to-tweet'><span class='bctt-ctt-text'><a href='https:\/\/x.com\/intent\/tweet?url=https%3A%2F%2Fnuestrosescritores.com%2Fagustincorrales%2Fpoesia%2F&#038;text=DESASTRES%20del%20libro%20COCINA%20R%C3%81PIDA%20de%20AGUST%C3%8DN%20CORRALES&#038;via=poesiaerestu&#038;related=poesiaerestu' target='_blank'rel=\"noopener noreferrer\">DESASTRES del libro COCINA R\u00c1PIDA de AGUST\u00cdN CORRALES <\/a><\/span><a href='https:\/\/x.com\/intent\/tweet?url=https%3A%2F%2Fnuestrosescritores.com%2Fagustincorrales%2Fpoesia%2F&#038;text=DESASTRES%20del%20libro%20COCINA%20R%C3%81PIDA%20de%20AGUST%C3%8DN%20CORRALES&#038;via=poesiaerestu&#038;related=poesiaerestu' target='_blank' class='bctt-ctt-btn'rel=\"noopener noreferrer\">Compartir en X<\/a><\/span>[\/vc_column_text][\/vc_column][\/vc_row][vc_row][vc_column extend=&#8221;false&#8221;]<div class='gambit_parallax_row' data-bg-align='' data-direction='fixed' data-opacity='100' data-velocity='-0.3' data-mobile-enabled='' data-bg-height='381' data-bg-width='1366' data-bg-image='https:\/\/nuestrosescritores.com\/agustincorrales\/wp-content\/uploads\/sites\/41\/2020\/05\/IMG-20160306-WA0038_Ssquare_Alargado-Mediano.jpg' data-bg-repeat='false' data-id='' style='display: none'><\/div><div class=\"gambit_fullheight_row\" data-content-location=\"center\" style=\"display: none\"><\/div>[vc_column_text]\n<p style=\"text-align: center;\"><a class=\"fasc-button fasc-size-xlarge fasc-type-glossy fasc-rounded-medium\" style=\"background-color: #33809e; color: #ffffff;\" href=\"https:\/\/librodepoesia.com\/producto\/cocina-rapida-poesia-romantica-y-erotica-agustin-corrales\/\">Comprar el libro<\/a><\/p>\n[\/vc_column_text][\/vc_column][\/vc_row][vc_row][vc_column extend=&#8221;false&#8221;][vc_column_text css=&#8221;.vc_custom_1549215104378{margin-top: -30000px !important;}&#8221;]\n&lt;h1&gt;&lt;strong&gt;&lt;em&gt;&lt;u&gt;Poes\u00eda del libro COCINA R\u00c1PIDA de AGUST\u00cdN CORRALES. El escritor nos da una muestra tras publicar un libro.&lt;\/u&gt;&lt;\/em&gt;&lt;\/strong&gt;&lt;\/h1&gt;<br \/>\n&lt;h2&gt;&lt;strong&gt;&lt;em&gt;&lt;u&gt;Poes\u00eda del libro COCINA R\u00c1PIDA de AGUST\u00cdN CORRALES El poeta nos da una muestra tras publicar un libro.&lt;\/u&gt;&lt;\/em&gt;&lt;\/strong&gt;&lt;\/h2&gt;<br \/>\n&lt;h3&gt;&lt;strong&gt;&lt;em&gt;&lt;u&gt;Poes\u00eda del libro COCINA R\u00c1PIDA de AGUST\u00cdN CORRALES El autor nos da una muestra tras publicar un libro.&lt;\/u&gt;&lt;\/em&gt;&lt;\/strong&gt;&lt;\/h3&gt;<br \/>\n&lt;h4&gt;&lt;strong&gt;&lt;em&gt;&lt;u&gt;Poes\u00eda del libro COCINA R\u00c1PIDA de AGUST\u00cdN CORRALES El autor nos da una muestra tras publicar un libro.&lt;\/u&gt;&lt;\/em&gt;&lt;\/strong&gt;&lt;\/h4&gt;<br \/>\n&lt;h5&gt;&lt;strong&gt;&lt;em&gt;&lt;u&gt;Poes\u00eda del libro COCINA R\u00c1PIDA de AGUST\u00cdN CORRALES El autor nos da una muestra tras publicar un libro.&lt;\/u&gt;&lt;\/em&gt;&lt;\/strong&gt;&lt;\/h5&gt;<br \/>\n[\/vc_column_text][\/vc_column][\/vc_row]\n<\/div>","protected":false},"excerpt":{"rendered":"<p>[vc_row][vc_column extend=&#8221;false&#8221;][vc_column_text css=&#8221;.vc_custom_1582373099134{margin-top: -30000px !important;}&#8221;] &lt;h1&gt;&lt;strong&gt;&lt;em&gt;&lt;u&gt;Poes\u00eda del libro COCINA R\u00c1PIDA de AGUST\u00cdN CORRALES. El escritor nos da una muestra tras publicar un libro.&lt;\/u&gt;&lt;\/em&gt;&lt;\/strong&gt;&lt;\/h1&gt; &lt;h2&gt;&lt;strong&gt;&lt;em&gt;&lt;u&gt;&lt;img class=&#8221;alignnone size-full wp-image-52&#8243; src=&#8221;https:\/\/nuestrosescritores.com\/andreaquintela\/wp-content\/uploads\/sites\/36\/2020\/05\/0_PortadaBesamelasheridas-1.jpg&#8221; alt=&#8221;&#8221; width=&#8221;559&#8243; height=&#8221;794&#8243;&gt;Poes\u00eda del libro COCINA R\u00c1PIDA de AGUST\u00cdN CORRALES El poeta nos da una muestra tras publicar un libro.&lt;\/u&gt;&lt;\/em&gt;&lt;\/strong&gt;&lt;\/h2&gt; &lt;h3&gt;&lt;strong&gt;&lt;em&gt;&lt;u&gt;Poes\u00eda del libro COCINA R\u00c1PIDA de AGUST\u00cdN [&hellip;]<\/p>\n","protected":false},"author":1,"featured_media":0,"parent":0,"menu_order":3,"comment_status":"closed","ping_status":"closed","template":"","meta":{"_acf_changed":false,"footnotes":""},"class_list":["post-71","page","type-page","status-publish","hentry"],"acf":[],"yoast_head":"<!-- This site is optimized with the Yoast SEO Premium plugin v24.7 (Yoast SEO v27.4) - https:\/\/yoast.com\/product\/yoast-seo-premium-wordpress\/ -->\n<title>Poes\u00eda - Agust\u00edn Corrales<\/title>\n<meta name=\"robots\" content=\"index, follow, max-snippet:-1, max-image-preview:large, max-video-preview:-1\" \/>\n<link rel=\"canonical\" href=\"https:\/\/nuestrosescritores.com\/agustincorrales\/poesia\/\" \/>\n<meta property=\"og:locale\" content=\"es_ES\" \/>\n<meta property=\"og:type\" content=\"article\" \/>\n<meta property=\"og:title\" content=\"Poes\u00eda\" \/>\n<meta property=\"og:description\" content=\"[vc_row][vc_column extend=&#8221;false&#8221;][vc_column_text css=&#8221;.vc_custom_1582373099134{margin-top: -30000px !important;}&#8221;] &lt;h1&gt;&lt;strong&gt;&lt;em&gt;&lt;u&gt;Poes\u00eda del libro COCINA R\u00c1PIDA de AGUST\u00cdN CORRALES. El escritor nos da una muestra tras publicar un libro.&lt;\/u&gt;&lt;\/em&gt;&lt;\/strong&gt;&lt;\/h1&gt; &lt;h2&gt;&lt;strong&gt;&lt;em&gt;&lt;u&gt;&lt;img class=&#8221;alignnone size-full wp-image-52&#8243; src=&#8221;https:\/\/nuestrosescritores.com\/andreaquintela\/wp-content\/uploads\/sites\/36\/2020\/05\/0_PortadaBesamelasheridas-1.jpg&#8221; alt=&#8221;&#8221; width=&#8221;559&#8243; height=&#8221;794&#8243;&gt;Poes\u00eda del libro COCINA R\u00c1PIDA de AGUST\u00cdN CORRALES El poeta nos da una muestra tras publicar un libro.&lt;\/u&gt;&lt;\/em&gt;&lt;\/strong&gt;&lt;\/h2&gt; &lt;h3&gt;&lt;strong&gt;&lt;em&gt;&lt;u&gt;Poes\u00eda del libro COCINA R\u00c1PIDA de AGUST\u00cdN [&hellip;]\" \/>\n<meta property=\"og:url\" content=\"https:\/\/nuestrosescritores.com\/agustincorrales\/poesia\/\" \/>\n<meta property=\"og:site_name\" content=\"Agust\u00edn Corrales\" \/>\n<meta property=\"article:modified_time\" content=\"2020-06-01T11:22:02+00:00\" \/>\n<meta name=\"twitter:card\" content=\"summary_large_image\" \/>\n<meta name=\"twitter:label1\" content=\"Tiempo de lectura\" \/>\n\t<meta name=\"twitter:data1\" content=\"5 minutos\" \/>\n<script type=\"application\/ld+json\" class=\"yoast-schema-graph\">{\"@context\":\"https:\\\/\\\/schema.org\",\"@graph\":[{\"@type\":\"WebPage\",\"@id\":\"https:\\\/\\\/nuestrosescritores.com\\\/agustincorrales\\\/poesia\\\/\",\"url\":\"https:\\\/\\\/nuestrosescritores.com\\\/agustincorrales\\\/poesia\\\/\",\"name\":\"Poes\u00eda - Agust\u00edn Corrales\",\"isPartOf\":{\"@id\":\"https:\\\/\\\/nuestrosescritores.com\\\/agustincorrales\\\/#website\"},\"datePublished\":\"2020-05-31T21:24:25+00:00\",\"dateModified\":\"2020-06-01T11:22:02+00:00\",\"breadcrumb\":{\"@id\":\"https:\\\/\\\/nuestrosescritores.com\\\/agustincorrales\\\/poesia\\\/#breadcrumb\"},\"inLanguage\":\"es\",\"potentialAction\":[{\"@type\":\"ReadAction\",\"target\":[\"https:\\\/\\\/nuestrosescritores.com\\\/agustincorrales\\\/poesia\\\/\"]}]},{\"@type\":\"BreadcrumbList\",\"@id\":\"https:\\\/\\\/nuestrosescritores.com\\\/agustincorrales\\\/poesia\\\/#breadcrumb\",\"itemListElement\":[{\"@type\":\"ListItem\",\"position\":1,\"name\":\"Portada\",\"item\":\"https:\\\/\\\/nuestrosescritores.com\\\/agustincorrales\\\/\"},{\"@type\":\"ListItem\",\"position\":2,\"name\":\"Poes\u00eda\"}]},{\"@type\":\"WebSite\",\"@id\":\"https:\\\/\\\/nuestrosescritores.com\\\/agustincorrales\\\/#website\",\"url\":\"https:\\\/\\\/nuestrosescritores.com\\\/agustincorrales\\\/\",\"name\":\"Nuestros escritores\",\"description\":\"Escritor\",\"potentialAction\":[{\"@type\":\"SearchAction\",\"target\":{\"@type\":\"EntryPoint\",\"urlTemplate\":\"https:\\\/\\\/nuestrosescritores.com\\\/agustincorrales\\\/?s={search_term_string}\"},\"query-input\":{\"@type\":\"PropertyValueSpecification\",\"valueRequired\":true,\"valueName\":\"search_term_string\"}}],\"inLanguage\":\"es\"}]}<\/script>\n<!-- \/ Yoast SEO Premium plugin. -->","yoast_head_json":{"title":"Poes\u00eda - Agust\u00edn Corrales","robots":{"index":"index","follow":"follow","max-snippet":"max-snippet:-1","max-image-preview":"max-image-preview:large","max-video-preview":"max-video-preview:-1"},"canonical":"https:\/\/nuestrosescritores.com\/agustincorrales\/poesia\/","og_locale":"es_ES","og_type":"article","og_title":"Poes\u00eda","og_description":"[vc_row][vc_column extend=&#8221;false&#8221;][vc_column_text css=&#8221;.vc_custom_1582373099134{margin-top: -30000px !important;}&#8221;] &lt;h1&gt;&lt;strong&gt;&lt;em&gt;&lt;u&gt;Poes\u00eda del libro COCINA R\u00c1PIDA de AGUST\u00cdN CORRALES. El escritor nos da una muestra tras publicar un libro.&lt;\/u&gt;&lt;\/em&gt;&lt;\/strong&gt;&lt;\/h1&gt; &lt;h2&gt;&lt;strong&gt;&lt;em&gt;&lt;u&gt;&lt;img class=&#8221;alignnone size-full wp-image-52&#8243; src=&#8221;https:\/\/nuestrosescritores.com\/andreaquintela\/wp-content\/uploads\/sites\/36\/2020\/05\/0_PortadaBesamelasheridas-1.jpg&#8221; alt=&#8221;&#8221; width=&#8221;559&#8243; height=&#8221;794&#8243;&gt;Poes\u00eda del libro COCINA R\u00c1PIDA de AGUST\u00cdN CORRALES El poeta nos da una muestra tras publicar un libro.&lt;\/u&gt;&lt;\/em&gt;&lt;\/strong&gt;&lt;\/h2&gt; &lt;h3&gt;&lt;strong&gt;&lt;em&gt;&lt;u&gt;Poes\u00eda del libro COCINA R\u00c1PIDA de AGUST\u00cdN [&hellip;]","og_url":"https:\/\/nuestrosescritores.com\/agustincorrales\/poesia\/","og_site_name":"Agust\u00edn Corrales","article_modified_time":"2020-06-01T11:22:02+00:00","twitter_card":"summary_large_image","twitter_misc":{"Tiempo de lectura":"5 minutos"},"schema":{"@context":"https:\/\/schema.org","@graph":[{"@type":"WebPage","@id":"https:\/\/nuestrosescritores.com\/agustincorrales\/poesia\/","url":"https:\/\/nuestrosescritores.com\/agustincorrales\/poesia\/","name":"Poes\u00eda - Agust\u00edn Corrales","isPartOf":{"@id":"https:\/\/nuestrosescritores.com\/agustincorrales\/#website"},"datePublished":"2020-05-31T21:24:25+00:00","dateModified":"2020-06-01T11:22:02+00:00","breadcrumb":{"@id":"https:\/\/nuestrosescritores.com\/agustincorrales\/poesia\/#breadcrumb"},"inLanguage":"es","potentialAction":[{"@type":"ReadAction","target":["https:\/\/nuestrosescritores.com\/agustincorrales\/poesia\/"]}]},{"@type":"BreadcrumbList","@id":"https:\/\/nuestrosescritores.com\/agustincorrales\/poesia\/#breadcrumb","itemListElement":[{"@type":"ListItem","position":1,"name":"Portada","item":"https:\/\/nuestrosescritores.com\/agustincorrales\/"},{"@type":"ListItem","position":2,"name":"Poes\u00eda"}]},{"@type":"WebSite","@id":"https:\/\/nuestrosescritores.com\/agustincorrales\/#website","url":"https:\/\/nuestrosescritores.com\/agustincorrales\/","name":"Nuestros escritores","description":"Escritor","potentialAction":[{"@type":"SearchAction","target":{"@type":"EntryPoint","urlTemplate":"https:\/\/nuestrosescritores.com\/agustincorrales\/?s={search_term_string}"},"query-input":{"@type":"PropertyValueSpecification","valueRequired":true,"valueName":"search_term_string"}}],"inLanguage":"es"}]}},"_links":{"self":[{"href":"https:\/\/nuestrosescritores.com\/agustincorrales\/wp-json\/wp\/v2\/pages\/71","targetHints":{"allow":["GET"]}}],"collection":[{"href":"https:\/\/nuestrosescritores.com\/agustincorrales\/wp-json\/wp\/v2\/pages"}],"about":[{"href":"https:\/\/nuestrosescritores.com\/agustincorrales\/wp-json\/wp\/v2\/types\/page"}],"author":[{"embeddable":true,"href":"https:\/\/nuestrosescritores.com\/agustincorrales\/wp-json\/wp\/v2\/users\/1"}],"replies":[{"embeddable":true,"href":"https:\/\/nuestrosescritores.com\/agustincorrales\/wp-json\/wp\/v2\/comments?post=71"}],"version-history":[{"count":0,"href":"https:\/\/nuestrosescritores.com\/agustincorrales\/wp-json\/wp\/v2\/pages\/71\/revisions"}],"wp:attachment":[{"href":"https:\/\/nuestrosescritores.com\/agustincorrales\/wp-json\/wp\/v2\/media?parent=71"}],"curies":[{"name":"wp","href":"https:\/\/api.w.org\/{rel}","templated":true}]}}