{"id":114,"date":"2019-08-31T18:02:17","date_gmt":"2019-08-31T16:02:17","guid":{"rendered":"https:\/\/nuestrosescritores.com\/agatajoannakornacka\/?page_id=114"},"modified":"2019-08-31T18:37:06","modified_gmt":"2019-08-31T16:37:06","slug":"poesia","status":"publish","type":"page","link":"https:\/\/nuestrosescritores.com\/agatajoannakornacka\/poesia\/","title":{"rendered":"Poes\u00eda"},"content":{"rendered":"<div class=\"wpb-content-wrapper\">[vc_row][vc_column extend=&#8221;false&#8221;][vc_column_text css=&#8221;.vc_custom_1567267026553{margin-top: -30000px !important;}&#8221;]\n<h1><strong><em><u>Poes\u00eda del libro AQU\u00cd DONDE LA VES de AGATA JOANNA KORNACKA. El escritor nos da una muestra tras publicar un libro.<\/u><\/em><\/strong><\/h1>\n<h2><strong><em><u><img fetchpriority=\"high\" decoding=\"async\" class=\"alignnone size-full wp-image-105\" src=\"https:\/\/nuestrosescritores.com\/agatajoannakornacka\/wp-content\/uploads\/sites\/4\/2019\/08\/0_PortadaAquidondelaves_Espa\u00f1a3-1.jpg\" alt=\"\" width=\"1748\" height=\"2480\">Poes\u00eda del libro AQU\u00cd DONDE LA VES de AGATA JOANNA KORNACKA El poeta nos da una muestra tras publicar un libro.<\/u><\/em><\/strong><\/h2>\n<h3><strong><em><u>Poes\u00eda del libro AQU\u00cd DONDE LA VES de AGATA JOANNA KORNACKA El autor nos da una muestra tras publicar un libro.<\/u><\/em><\/strong><\/h3>\n<h4><strong><em><u>Poes\u00eda del libro AQU\u00cd DONDE LA VES de AGATA JOANNA KORNACKA El autor nos da una muestra tras publicar un libro.<\/u><\/em><\/strong><\/h4>\n<h5><strong><em><u>Poes\u00eda del libro AQU\u00cd DONDE LA VES de AGATA JOANNA KORNACKA El autor nos da una muestra tras publicar un libro.<\/u><\/em><\/strong><\/h5>\n[\/vc_column_text][\/vc_column][\/vc_row][vc_row full_width=&#8221;stretch_row_content_no_spaces&#8221;][vc_column extend=&#8221;false&#8221;]<div class='gambit_parallax_row' data-bg-align='' data-direction='fixed' data-opacity='100' data-velocity='-0.3' data-mobile-enabled='' data-bg-height='1024' data-bg-width='683' data-bg-image='https:\/\/nuestrosescritores.com\/agatajoannakornacka\/wp-content\/uploads\/sites\/4\/2019\/08\/p6uqpnyxci4.jpg' data-bg-repeat='false' data-id='' style='display: none'><\/div><div class=\"gambit_fullheight_row\" data-content-location=\"center\" style=\"display: none\"><\/div>[\/vc_column][\/vc_row][vc_row][vc_column extend=&#8221;false&#8221;][vc_column_text]\n<h1><a name=\"_Toc15656987\"><\/a><strong>1.<\/strong><\/h1>\n<p>&nbsp;<\/p>\n<p>T\u00fa.<\/p>\n<p>Mi mejor fracaso.<\/p>\n<p>El triunfo del todo sobre la nada.<\/p>\n<p>&nbsp;<\/p>\n<span class='bctt-click-to-tweet'><span class='bctt-ctt-text'><a href='https:\/\/x.com\/intent\/tweet?url=https%3A%2F%2Fnuestrosescritores.com%2Fagatajoannakornacka%2Fpoesia%2F&#038;text=1.%C2%A0del%20libro%20AQU%C3%8D%20DONDE%20LA%20VES%20de%20AGATA%20JOANNA%20KORNACKA&#038;via=poesiaerestu&#038;related=poesiaerestu' target='_blank'rel=\"noopener noreferrer\">1.&nbsp;del libro AQU\u00cd DONDE LA VES de AGATA JOANNA KORNACKA <\/a><\/span><a href='https:\/\/x.com\/intent\/tweet?url=https%3A%2F%2Fnuestrosescritores.com%2Fagatajoannakornacka%2Fpoesia%2F&#038;text=1.%C2%A0del%20libro%20AQU%C3%8D%20DONDE%20LA%20VES%20de%20AGATA%20JOANNA%20KORNACKA&#038;via=poesiaerestu&#038;related=poesiaerestu' target='_blank' class='bctt-ctt-btn'rel=\"noopener noreferrer\">Compartir en X<\/a><\/span>\n<p>&nbsp;[\/vc_column_text][\/vc_column][\/vc_row][vc_row full_width=&#8221;stretch_row_content_no_spaces&#8221;][vc_column extend=&#8221;false&#8221;]<div class='gambit_parallax_row' data-bg-align='' data-direction='fixed' data-opacity='100' data-velocity='-0.3' data-mobile-enabled='' data-bg-height='683' data-bg-width='1024' data-bg-image='https:\/\/nuestrosescritores.com\/agatajoannakornacka\/wp-content\/uploads\/sites\/4\/2019\/08\/chris-panas-Am0VlIEiVgw-unsplash.jpg' data-bg-repeat='false' data-id='' style='display: none'><\/div><div class=\"gambit_fullheight_row\" data-content-location=\"center\" style=\"display: none\"><\/div>[\/vc_column][\/vc_row][vc_row][vc_column extend=&#8221;false&#8221;][vc_column_text]\n<h1><a name=\"_Toc13998792\"><\/a><\/h1>\n<h1><a name=\"_Toc15656992\"><\/a><strong>6.<\/strong><\/h1>\n<p>&nbsp;<\/p>\n<p>\u00bfQue d\u00f3nde est\u00e1 mi dignidad?<\/p>\n<p>La cambi\u00e9 por tu camisa del rev\u00e9s<\/p>\n<p>despu\u00e9s de una noche menos con ella.<\/p>\n<p>&nbsp;<\/p>\n<span class='bctt-click-to-tweet'><span class='bctt-ctt-text'><a href='https:\/\/x.com\/intent\/tweet?url=https%3A%2F%2Fnuestrosescritores.com%2Fagatajoannakornacka%2Fpoesia%2F&#038;text=6.%C2%A0del%20libro%20AQU%C3%8D%20DONDE%20LA%20VES%20de%20AGATA%20JOANNA%20KORNACKA&#038;via=poesiaerestu&#038;related=poesiaerestu' target='_blank'rel=\"noopener noreferrer\">6.&nbsp;del libro AQU\u00cd DONDE LA VES de AGATA JOANNA KORNACKA <\/a><\/span><a href='https:\/\/x.com\/intent\/tweet?url=https%3A%2F%2Fnuestrosescritores.com%2Fagatajoannakornacka%2Fpoesia%2F&#038;text=6.%C2%A0del%20libro%20AQU%C3%8D%20DONDE%20LA%20VES%20de%20AGATA%20JOANNA%20KORNACKA&#038;via=poesiaerestu&#038;related=poesiaerestu' target='_blank' class='bctt-ctt-btn'rel=\"noopener noreferrer\">Compartir en X<\/a><\/span>\n<p>&nbsp;<\/p>\n<p>&nbsp;[\/vc_column_text][\/vc_column][\/vc_row][vc_row][vc_column extend=&#8221;false&#8221;]<div class='gambit_parallax_row' data-bg-align='' data-direction='fixed' data-opacity='100' data-velocity='-0.3' data-mobile-enabled='' data-bg-height='1024' data-bg-width='819' data-bg-image='https:\/\/nuestrosescritores.com\/agatajoannakornacka\/wp-content\/uploads\/sites\/4\/2019\/08\/yann-allegre-lYXPWETLqdU-unsplash.jpg' data-bg-repeat='false' data-id='' style='display: none'><\/div><div class=\"gambit_fullheight_row\" data-content-location=\"center\" style=\"display: none\"><\/div>[\/vc_column][\/vc_row][vc_row][vc_column extend=&#8221;false&#8221;][vc_column_text]\n<h1><a name=\"_Toc15657011\"><\/a><strong>24.<\/strong><\/h1>\n<p>&nbsp;<\/p>\n<p>\u00bfC\u00f3mo haces para<\/p>\n<p>desaparecer de tal forma<\/p>\n<p>que si te he visto, me acuerdo?<\/p>\n<p>&nbsp;<\/p>\n<p>&nbsp;<\/p>\n<p>&nbsp;<\/p>\n<p>&nbsp;<\/p>\n<span class='bctt-click-to-tweet'><span class='bctt-ctt-text'><a href='https:\/\/x.com\/intent\/tweet?url=https%3A%2F%2Fnuestrosescritores.com%2Fagatajoannakornacka%2Fpoesia%2F&#038;text=24.%20del%20libro%20AQU%C3%8D%20DONDE%20LA%20VES%20de%20AGATA%20JOANNA%20KORNACKA&#038;via=poesiaerestu&#038;related=poesiaerestu' target='_blank'rel=\"noopener noreferrer\">24. del libro AQU\u00cd DONDE LA VES de AGATA JOANNA KORNACKA <\/a><\/span><a href='https:\/\/x.com\/intent\/tweet?url=https%3A%2F%2Fnuestrosescritores.com%2Fagatajoannakornacka%2Fpoesia%2F&#038;text=24.%20del%20libro%20AQU%C3%8D%20DONDE%20LA%20VES%20de%20AGATA%20JOANNA%20KORNACKA&#038;via=poesiaerestu&#038;related=poesiaerestu' target='_blank' class='bctt-ctt-btn'rel=\"noopener noreferrer\">Compartir en X<\/a><\/span>[\/vc_column_text][\/vc_column][\/vc_row][vc_row][vc_column extend=&#8221;false&#8221;]<div class='gambit_parallax_row' data-bg-align='' data-direction='fixed' data-opacity='100' data-velocity='-0.3' data-mobile-enabled='' data-bg-height='1024' data-bg-width='683' data-bg-image='https:\/\/nuestrosescritores.com\/agatajoannakornacka\/wp-content\/uploads\/sites\/4\/2019\/08\/p6uqpnyxci4.jpg' data-bg-repeat='false' data-id='' style='display: none'><\/div><div class=\"gambit_fullheight_row\" data-content-location=\"center\" style=\"display: none\"><\/div>[\/vc_column][\/vc_row][vc_row][vc_column extend=&#8221;false&#8221;][vc_column_text]\n<h1><a name=\"_Toc15657013\"><\/a><strong>26.<\/strong><\/h1>\n<p>&nbsp;<\/p>\n<p>Susurro mi vida<\/p>\n<p>por temor a despertarla.<\/p>\n<p>No la he visto nunca sin pijama.<\/p>\n<p>&nbsp;<\/p>\n<p>&nbsp;<\/p>\n<h1>&nbsp;<\/h1>\n<span class='bctt-click-to-tweet'><span class='bctt-ctt-text'><a href='https:\/\/x.com\/intent\/tweet?url=https%3A%2F%2Fnuestrosescritores.com%2Fagatajoannakornacka%2Fpoesia%2F&#038;text=26.%20del%20libro%20AQU%C3%8D%20DONDE%20LA%20VES%20de%20AGATA%20JOANNA%20KORNACKA&#038;via=poesiaerestu&#038;related=poesiaerestu' target='_blank'rel=\"noopener noreferrer\">26. del libro AQU\u00cd DONDE LA VES de AGATA JOANNA KORNACKA <\/a><\/span><a href='https:\/\/x.com\/intent\/tweet?url=https%3A%2F%2Fnuestrosescritores.com%2Fagatajoannakornacka%2Fpoesia%2F&#038;text=26.%20del%20libro%20AQU%C3%8D%20DONDE%20LA%20VES%20de%20AGATA%20JOANNA%20KORNACKA&#038;via=poesiaerestu&#038;related=poesiaerestu' target='_blank' class='bctt-ctt-btn'rel=\"noopener noreferrer\">Compartir en X<\/a><\/span>[\/vc_column_text][\/vc_column][\/vc_row][vc_row][vc_column extend=&#8221;false&#8221;]<div class='gambit_parallax_row' data-bg-align='' data-direction='fixed' data-opacity='100' data-velocity='-0.3' data-mobile-enabled='' data-bg-height='450' data-bg-width='675' data-bg-image='https:\/\/nuestrosescritores.com\/agatajoannakornacka\/wp-content\/uploads\/sites\/4\/2019\/08\/pet2.jpg' data-bg-repeat='false' data-id='' style='display: none'><\/div><div class=\"gambit_fullheight_row\" data-content-location=\"center\" style=\"display: none\"><\/div>[vc_column_text]\n<p style=\"text-align: center;\"><a class=\"fasc-button fasc-size-xlarge fasc-type-glossy fasc-rounded-medium\" style=\"background-color: #33809e; color: #ffffff;\" href=\"https:\/\/librodepoesia.com\/producto\/imperfecciones-en-prosa-santiago-pedrosa-barrachina\/\">Comprar el libro<\/a><\/p>\n[\/vc_column_text][\/vc_column][\/vc_row][vc_row][vc_column extend=&#8221;false&#8221;][vc_column_text css=&#8221;.vc_custom_1549215104378{margin-top: -30000px !important;}&#8221;]\n<h1><strong><em><u>Poes\u00eda del libro AQU\u00cd DONDE LA VES de AGATA JOANNA KORNACKA. El escritor nos da una muestra tras publicar un libro.<\/u><\/em><\/strong><\/h1>\n<h2><strong><em><u>Poes\u00eda del libro AQU\u00cd DONDE LA VES de AGATA JOANNA KORNACKA El poeta nos da una muestra tras publicar un libro.<\/u><\/em><\/strong><\/h2>\n<h3><strong><em><u>Poes\u00eda del libro AQU\u00cd DONDE LA VES de AGATA JOANNA KORNACKA El autor nos da una muestra tras publicar un libro.<\/u><\/em><\/strong><\/h3>\n<h4><strong><em><u>Poes\u00eda del libro AQU\u00cd DONDE LA VES de AGATA JOANNA KORNACKA El autor nos da una muestra tras publicar un libro.<\/u><\/em><\/strong><\/h4>\n<h5><strong><em><u>Poes\u00eda del libro AQU\u00cd DONDE LA VES de AGATA JOANNA KORNACKA El autor nos da una muestra tras publicar un libro.<\/u><\/em><\/strong><\/h5>\n[\/vc_column_text][\/vc_column][\/vc_row]\n<\/div>","protected":false},"excerpt":{"rendered":"<p>[vc_row][vc_column extend=&#8221;false&#8221;][vc_column_text css=&#8221;.vc_custom_1567267026553{margin-top: -30000px !important;}&#8221;] Poes\u00eda del libro AQU\u00cd DONDE LA VES de AGATA JOANNA KORNACKA. El escritor nos da una muestra tras publicar un libro. Poes\u00eda del libro AQU\u00cd DONDE LA VES de AGATA JOANNA KORNACKA El poeta nos da una muestra tras publicar un libro. Poes\u00eda del libro AQU\u00cd DONDE LA VES de [&hellip;]<\/p>\n","protected":false},"author":1,"featured_media":0,"parent":0,"menu_order":3,"comment_status":"closed","ping_status":"closed","template":"","meta":{"_acf_changed":false,"footnotes":""},"class_list":["post-114","page","type-page","status-publish","hentry"],"acf":[],"yoast_head":"<!-- This site is optimized with the Yoast SEO Premium plugin v24.7 (Yoast SEO v27.3) - https:\/\/yoast.com\/product\/yoast-seo-premium-wordpress\/ -->\n<title>Poes\u00eda - Agata Joanna Kornacka<\/title>\n<meta name=\"description\" content=\"Poes\u00eda del libro AQU\u00cd DONDE LA VES de AGATA JOANNA KORNACKA, la autora nos da una muestra tras publicar un libro.\" \/>\n<meta name=\"robots\" content=\"index, follow, max-snippet:-1, max-image-preview:large, max-video-preview:-1\" \/>\n<link rel=\"canonical\" href=\"https:\/\/nuestrosescritores.com\/agatajoannakornacka\/poesia\/\" \/>\n<meta property=\"og:locale\" content=\"es_ES\" \/>\n<meta property=\"og:type\" content=\"article\" \/>\n<meta property=\"og:title\" content=\"Poes\u00eda\" \/>\n<meta property=\"og:description\" content=\"Poes\u00eda del libro AQU\u00cd DONDE LA VES de AGATA JOANNA KORNACKA, la autora nos da una muestra tras publicar un libro.\" \/>\n<meta property=\"og:url\" content=\"https:\/\/nuestrosescritores.com\/agatajoannakornacka\/poesia\/\" \/>\n<meta property=\"og:site_name\" content=\"Agata Joanna Kornacka\" \/>\n<meta property=\"article:modified_time\" content=\"2019-08-31T16:37:06+00:00\" \/>\n<meta property=\"og:image\" content=\"https:\/\/nuestrosescritores.com\/agatajoannakornacka\/wp-content\/uploads\/sites\/4\/2019\/08\/0_PortadaAquidondelaves_Espa\u00f1a3-1.jpg\" \/>\n<meta name=\"twitter:card\" content=\"summary_large_image\" \/>\n<meta name=\"twitter:label1\" content=\"Tiempo de lectura\" \/>\n\t<meta name=\"twitter:data1\" content=\"3 minutos\" \/>\n<script type=\"application\/ld+json\" class=\"yoast-schema-graph\">{\"@context\":\"https:\\\/\\\/schema.org\",\"@graph\":[{\"@type\":\"WebPage\",\"@id\":\"https:\\\/\\\/nuestrosescritores.com\\\/agatajoannakornacka\\\/poesia\\\/\",\"url\":\"https:\\\/\\\/nuestrosescritores.com\\\/agatajoannakornacka\\\/poesia\\\/\",\"name\":\"Poes\u00eda - Agata Joanna Kornacka\",\"isPartOf\":{\"@id\":\"https:\\\/\\\/nuestrosescritores.com\\\/agatajoannakornacka\\\/#website\"},\"datePublished\":\"2019-08-31T16:02:17+00:00\",\"dateModified\":\"2019-08-31T16:37:06+00:00\",\"description\":\"Poes\u00eda del libro AQU\u00cd DONDE LA VES de AGATA JOANNA KORNACKA, la autora nos da una muestra tras publicar un libro.\",\"breadcrumb\":{\"@id\":\"https:\\\/\\\/nuestrosescritores.com\\\/agatajoannakornacka\\\/poesia\\\/#breadcrumb\"},\"inLanguage\":\"es\",\"potentialAction\":[{\"@type\":\"ReadAction\",\"target\":[\"https:\\\/\\\/nuestrosescritores.com\\\/agatajoannakornacka\\\/poesia\\\/\"]}]},{\"@type\":\"BreadcrumbList\",\"@id\":\"https:\\\/\\\/nuestrosescritores.com\\\/agatajoannakornacka\\\/poesia\\\/#breadcrumb\",\"itemListElement\":[{\"@type\":\"ListItem\",\"position\":1,\"name\":\"Portada\",\"item\":\"https:\\\/\\\/nuestrosescritores.com\\\/agatajoannakornacka\\\/\"},{\"@type\":\"ListItem\",\"position\":2,\"name\":\"Poes\u00eda\"}]},{\"@type\":\"WebSite\",\"@id\":\"https:\\\/\\\/nuestrosescritores.com\\\/agatajoannakornacka\\\/#website\",\"url\":\"https:\\\/\\\/nuestrosescritores.com\\\/agatajoannakornacka\\\/\",\"name\":\"Nuestros escritores\",\"description\":\"Escritora\",\"potentialAction\":[{\"@type\":\"SearchAction\",\"target\":{\"@type\":\"EntryPoint\",\"urlTemplate\":\"https:\\\/\\\/nuestrosescritores.com\\\/agatajoannakornacka\\\/?s={search_term_string}\"},\"query-input\":{\"@type\":\"PropertyValueSpecification\",\"valueRequired\":true,\"valueName\":\"search_term_string\"}}],\"inLanguage\":\"es\"}]}<\/script>\n<!-- \/ Yoast SEO Premium plugin. -->","yoast_head_json":{"title":"Poes\u00eda - Agata Joanna Kornacka","description":"Poes\u00eda del libro AQU\u00cd DONDE LA VES de AGATA JOANNA KORNACKA, la autora nos da una muestra tras publicar un libro.","robots":{"index":"index","follow":"follow","max-snippet":"max-snippet:-1","max-image-preview":"max-image-preview:large","max-video-preview":"max-video-preview:-1"},"canonical":"https:\/\/nuestrosescritores.com\/agatajoannakornacka\/poesia\/","og_locale":"es_ES","og_type":"article","og_title":"Poes\u00eda","og_description":"Poes\u00eda del libro AQU\u00cd DONDE LA VES de AGATA JOANNA KORNACKA, la autora nos da una muestra tras publicar un libro.","og_url":"https:\/\/nuestrosescritores.com\/agatajoannakornacka\/poesia\/","og_site_name":"Agata Joanna Kornacka","article_modified_time":"2019-08-31T16:37:06+00:00","og_image":[{"url":"https:\/\/nuestrosescritores.com\/agatajoannakornacka\/wp-content\/uploads\/sites\/4\/2019\/08\/0_PortadaAquidondelaves_Espa\u00f1a3-1.jpg","type":"","width":"","height":""}],"twitter_card":"summary_large_image","twitter_misc":{"Tiempo de lectura":"3 minutos"},"schema":{"@context":"https:\/\/schema.org","@graph":[{"@type":"WebPage","@id":"https:\/\/nuestrosescritores.com\/agatajoannakornacka\/poesia\/","url":"https:\/\/nuestrosescritores.com\/agatajoannakornacka\/poesia\/","name":"Poes\u00eda - Agata Joanna Kornacka","isPartOf":{"@id":"https:\/\/nuestrosescritores.com\/agatajoannakornacka\/#website"},"datePublished":"2019-08-31T16:02:17+00:00","dateModified":"2019-08-31T16:37:06+00:00","description":"Poes\u00eda del libro AQU\u00cd DONDE LA VES de AGATA JOANNA KORNACKA, la autora nos da una muestra tras publicar un libro.","breadcrumb":{"@id":"https:\/\/nuestrosescritores.com\/agatajoannakornacka\/poesia\/#breadcrumb"},"inLanguage":"es","potentialAction":[{"@type":"ReadAction","target":["https:\/\/nuestrosescritores.com\/agatajoannakornacka\/poesia\/"]}]},{"@type":"BreadcrumbList","@id":"https:\/\/nuestrosescritores.com\/agatajoannakornacka\/poesia\/#breadcrumb","itemListElement":[{"@type":"ListItem","position":1,"name":"Portada","item":"https:\/\/nuestrosescritores.com\/agatajoannakornacka\/"},{"@type":"ListItem","position":2,"name":"Poes\u00eda"}]},{"@type":"WebSite","@id":"https:\/\/nuestrosescritores.com\/agatajoannakornacka\/#website","url":"https:\/\/nuestrosescritores.com\/agatajoannakornacka\/","name":"Nuestros escritores","description":"Escritora","potentialAction":[{"@type":"SearchAction","target":{"@type":"EntryPoint","urlTemplate":"https:\/\/nuestrosescritores.com\/agatajoannakornacka\/?s={search_term_string}"},"query-input":{"@type":"PropertyValueSpecification","valueRequired":true,"valueName":"search_term_string"}}],"inLanguage":"es"}]}},"_links":{"self":[{"href":"https:\/\/nuestrosescritores.com\/agatajoannakornacka\/wp-json\/wp\/v2\/pages\/114","targetHints":{"allow":["GET"]}}],"collection":[{"href":"https:\/\/nuestrosescritores.com\/agatajoannakornacka\/wp-json\/wp\/v2\/pages"}],"about":[{"href":"https:\/\/nuestrosescritores.com\/agatajoannakornacka\/wp-json\/wp\/v2\/types\/page"}],"author":[{"embeddable":true,"href":"https:\/\/nuestrosescritores.com\/agatajoannakornacka\/wp-json\/wp\/v2\/users\/1"}],"replies":[{"embeddable":true,"href":"https:\/\/nuestrosescritores.com\/agatajoannakornacka\/wp-json\/wp\/v2\/comments?post=114"}],"version-history":[{"count":0,"href":"https:\/\/nuestrosescritores.com\/agatajoannakornacka\/wp-json\/wp\/v2\/pages\/114\/revisions"}],"wp:attachment":[{"href":"https:\/\/nuestrosescritores.com\/agatajoannakornacka\/wp-json\/wp\/v2\/media?parent=114"}],"curies":[{"name":"wp","href":"https:\/\/api.w.org\/{rel}","templated":true}]}}