{"id":85,"date":"2021-05-02T09:06:49","date_gmt":"2021-05-02T09:06:49","guid":{"rendered":"https:\/\/nuestrosescritores.com\/adrianmedes\/?page_id=85"},"modified":"2021-05-02T09:41:56","modified_gmt":"2021-05-02T09:41:56","slug":"poesia","status":"publish","type":"page","link":"https:\/\/nuestrosescritores.com\/adrianmedes\/poesia\/","title":{"rendered":"Poes\u00eda"},"content":{"rendered":"<div class=\"wpb-content-wrapper\">[vc_row full_width=&#8221;stretch_row_content_no_spaces&#8221;][vc_column extend=&#8221;false&#8221;]<div class='gambit_parallax_row' data-bg-align='' data-direction='fixed' data-opacity='100' data-velocity='-0.3' data-mobile-enabled='' data-bg-height='1200' data-bg-width='800' data-bg-image='https:\/\/nuestrosescritores.com\/adrianmedes\/wp-content\/uploads\/sites\/86\/2021\/05\/z_sgz8wth6y.jpg' data-bg-repeat='false' data-id='' style='display: none'><\/div><div class=\"gambit_fullheight_row\" data-content-location=\"center\" style=\"display: none\"><\/div>[\/vc_column][\/vc_row][vc_row][vc_column extend=&#8221;false&#8221;][vc_column_text]\n<h1>&nbsp;<\/h1>\n<h1><a name=\"_Toc69141032\"><\/a><\/h1>\n<ol>\n<li><a name=\"_Toc66991299\"><\/a><br \/>\n<h1><strong> T\u00c1MESIS<\/strong><\/h1>\n<\/li>\n<\/ol>\n<p>&nbsp;<\/p>\n<p>Portada abierta por manos de vinilo,<\/p>\n<p>coraz\u00f3n en tumba de cemento.<\/p>\n<p>Mi amor es muerto, mi amor es ido;<\/p>\n<p>adornan blancas flores mi lucero.<\/p>\n<p>Vuelan sonrisas en cielo ca\u00eddo,<\/p>\n<p>pintada mi cara con viento marinero.<\/p>\n<p>Bravas olas consumidas en T\u00e1mesis tard\u00edo,<\/p>\n<p>no es agua \u2014pens\u00e9\u2014 aquello es todo fuego.<\/p>\n<p>&nbsp;<\/p>\n<p>&nbsp;<\/p>\n<p>&nbsp;<\/p>\n<span class='bctt-click-to-tweet'><span class='bctt-ctt-text'><a href='https:\/\/x.com\/intent\/tweet?url=https%3A%2F%2Fnuestrosescritores.com%2Fadrianmedes%2Fpoesia%2F&#038;text=I.%20T%C3%81MESISdel%20libro%20A%20LA%20B%C3%9ASQUEDA%20DE%20SUS%20OJOS%20DE%20PLATA%20de%20ADRI%C3%81N%20MEDES&#038;via=poesiaerestu&#038;related=poesiaerestu' target='_blank'rel=\"noopener noreferrer\">I. T\u00c1MESIS\ndel libro A LA B\u00daSQUEDA DE SUS OJOS DE PLATA de ADRI\u00c1N MEDES <\/a><\/span><a href='https:\/\/x.com\/intent\/tweet?url=https%3A%2F%2Fnuestrosescritores.com%2Fadrianmedes%2Fpoesia%2F&#038;text=I.%20T%C3%81MESISdel%20libro%20A%20LA%20B%C3%9ASQUEDA%20DE%20SUS%20OJOS%20DE%20PLATA%20de%20ADRI%C3%81N%20MEDES&#038;via=poesiaerestu&#038;related=poesiaerestu' target='_blank' class='bctt-ctt-btn'rel=\"noopener noreferrer\">Compartir en X<\/a><\/span>[\/vc_column_text][\/vc_column][\/vc_row][vc_row full_width=&#8221;stretch_row_content_no_spaces&#8221;][vc_column extend=&#8221;false&#8221;]<div class='gambit_parallax_row' data-bg-align='' data-direction='fixed' data-opacity='100' data-velocity='-0.3' data-mobile-enabled='' data-bg-height='1200' data-bg-width='800' data-bg-image='https:\/\/nuestrosescritores.com\/adrianmedes\/wp-content\/uploads\/sites\/86\/2021\/05\/m6uy4e1osvo.jpg' data-bg-repeat='false' data-id='' style='display: none'><\/div><div class=\"gambit_fullheight_row\" data-content-location=\"center\" style=\"display: none\"><\/div>[\/vc_column][\/vc_row][vc_row][vc_column extend=&#8221;false&#8221;][vc_column_text]\n<h1><a name=\"_Toc66730071\"><\/a><\/h1>\n<h1><a name=\"_Toc69141033\"><\/a><strong>II<\/strong><\/h1>\n<p>&nbsp;<\/p>\n<p>Hice con mi intento de olvidarte<\/p>\n<p>lo mismo que hago cuando tengo un morat\u00f3n,<\/p>\n<p>que lo toco de vez en cuando<\/p>\n<p>solo para saber si sigue doliendo.<\/p>\n<p>A ti te pensaba solo para ver si segu\u00edas doli\u00e9ndome;<\/p>\n<p>lo hac\u00eda por instinto,<\/p>\n<p>porque necesitamos saber que a\u00fan podemos sentir dolor<\/p>\n<p>y por puro masoquismo.<\/p>\n<p>&nbsp;<\/p>\n<p>&nbsp;<\/p>\n<span class='bctt-click-to-tweet'><span class='bctt-ctt-text'><a href='https:\/\/x.com\/intent\/tweet?url=https%3A%2F%2Fnuestrosescritores.com%2Fadrianmedes%2Fpoesia%2F&#038;text=II%20del%20libro%20A%20LA%20B%C3%9ASQUEDA%20DE%20SUS%20OJOS%20DE%20PLATA%20de%20ADRI%C3%81N%20MEDES&#038;via=poesiaerestu&#038;related=poesiaerestu' target='_blank'rel=\"noopener noreferrer\">II del libro A LA B\u00daSQUEDA DE SUS OJOS DE PLATA de ADRI\u00c1N MEDES <\/a><\/span><a href='https:\/\/x.com\/intent\/tweet?url=https%3A%2F%2Fnuestrosescritores.com%2Fadrianmedes%2Fpoesia%2F&#038;text=II%20del%20libro%20A%20LA%20B%C3%9ASQUEDA%20DE%20SUS%20OJOS%20DE%20PLATA%20de%20ADRI%C3%81N%20MEDES&#038;via=poesiaerestu&#038;related=poesiaerestu' target='_blank' class='bctt-ctt-btn'rel=\"noopener noreferrer\">Compartir en X<\/a><\/span>\n<p>&nbsp;<\/p>\n<p>&nbsp;[\/vc_column_text][\/vc_column][\/vc_row][vc_row][vc_column extend=&#8221;false&#8221;]<div class='gambit_parallax_row' data-bg-align='' data-direction='fixed' data-opacity='100' data-velocity='-0.3' data-mobile-enabled='' data-bg-height='1067' data-bg-width='1600' data-bg-image='https:\/\/nuestrosescritores.com\/adrianmedes\/wp-content\/uploads\/sites\/86\/2021\/05\/aumcawrepk8.jpg' data-bg-repeat='false' data-id='' style='display: none'><\/div><div class=\"gambit_fullheight_row\" data-content-location=\"center\" style=\"display: none\"><\/div>[\/vc_column][\/vc_row][vc_row][vc_column extend=&#8221;false&#8221;][vc_column_text]\n<h1><a name=\"_Toc66730089\"><\/a><\/h1>\n<h1><a name=\"_Toc69141039\"><\/a><\/h1>\n<ol>\n<li><a name=\"_Toc66991304\"><\/a><br \/>\n<h1><strong> BALLET MORTAL<\/strong><\/h1>\n<\/li>\n<\/ol>\n<p>&nbsp;<\/p>\n<p>Ya sabemos que no entiende a razones\u2026<\/p>\n<p>Bailando sobre baldosas que siempre se rompen.<\/p>\n<p>Qui\u00e9n sabe si en mis labios a\u00fan bailan perdigones,<\/p>\n<p>disparados por la pistola del desorden.<\/p>\n<p>&nbsp;<\/p>\n<p>Y un vestido en su cadera se mueve al comp\u00e1s<\/p>\n<p>de un pli\u00e9 de madera que vuela fugaz.<\/p>\n<p>Reflejada en un espejo que t\u00fa nunca ver\u00e1s,<\/p>\n<p>pues se extiende una cortina de l\u00e1grima voraz.<\/p>\n<p>&nbsp;<\/p>\n<p>Y veloz, contundente,<\/p>\n<p>r\u00e1pida y valiente,<\/p>\n<p>te la encuentras de frente:<\/p>\n<p>\u00a1detente!<\/p>\n<p>&nbsp;<\/p>\n<p>&nbsp;<\/p>\n<p>&nbsp;<\/p>\n<p>&nbsp;<\/p>\n<p>&nbsp;<\/p>\n<p>&nbsp;<\/p>\n<span class='bctt-click-to-tweet'><span class='bctt-ctt-text'><a href='https:\/\/x.com\/intent\/tweet?url=https%3A%2F%2Fnuestrosescritores.com%2Fadrianmedes%2Fpoesia%2F&#038;text=%20BALLET%20MORTAL%20del%20libro%20A%20LA%20B%C3%9ASQUEDA%20DE%20SUS%20OJOS%20DE%20PLATA%20de%20ADRI%C3%81N%20MEDES&#038;via=poesiaerestu&#038;related=poesiaerestu' target='_blank'rel=\"noopener noreferrer\"> BALLET MORTAL del libro A LA B\u00daSQUEDA DE SUS OJOS DE PLATA de ADRI\u00c1N MEDES <\/a><\/span><a href='https:\/\/x.com\/intent\/tweet?url=https%3A%2F%2Fnuestrosescritores.com%2Fadrianmedes%2Fpoesia%2F&#038;text=%20BALLET%20MORTAL%20del%20libro%20A%20LA%20B%C3%9ASQUEDA%20DE%20SUS%20OJOS%20DE%20PLATA%20de%20ADRI%C3%81N%20MEDES&#038;via=poesiaerestu&#038;related=poesiaerestu' target='_blank' class='bctt-ctt-btn'rel=\"noopener noreferrer\">Compartir en X<\/a><\/span>[\/vc_column_text][\/vc_column][\/vc_row][vc_row][vc_column extend=&#8221;false&#8221;]<div class='gambit_parallax_row' data-bg-align='' data-direction='fixed' data-opacity='100' data-velocity='-0.3' data-mobile-enabled='' data-bg-height='1200' data-bg-width='800' data-bg-image='https:\/\/nuestrosescritores.com\/adrianmedes\/wp-content\/uploads\/sites\/86\/2021\/05\/hh_3nqa__mi.jpg' data-bg-repeat='false' data-id='' style='display: none'><\/div><div class=\"gambit_fullheight_row\" data-content-location=\"center\" style=\"display: none\"><\/div>[\/vc_column][\/vc_row][vc_row][vc_column extend=&#8221;false&#8221;][vc_column_text]<a name=\"_Toc67933181\"><\/a>Somos extra\u00f1os,<\/p>\n<p>&nbsp;<\/p>\n<h1><a name=\"_Toc66991310\"><\/a><strong>XII. EL CANTO DE LAS SIRENAS<\/strong><\/h1>\n<p>&nbsp;<\/p>\n<p>Entierro ya el hacha de guerra,<\/p>\n<p>venid a por m\u00ed junto a la luna llena.<\/p>\n<p>Llevad mi alma a las fronteras<\/p>\n<p>de sus ojos de sal y azucena.<\/p>\n<p>&nbsp;<\/p>\n<p>Ya no escribo esto en mi habitaci\u00f3n,<\/p>\n<p>sino en el fr\u00edo hogar de las discusiones.<\/p>\n<p>Las ojeras tatuadas en mi calavera,<\/p>\n<p>tronando un mill\u00f3n de perdones.<\/p>\n<p><em>&nbsp;<\/em><\/p>\n<p>Anuncia el final de una era<\/p>\n<p>mi cuerpo tumbado en la arena.<\/p>\n<p>Y retumba en el cielo que truena<\/p>\n<p>el hipn\u00f3tico canto de las sirenas.<\/p>\n<p>&nbsp;<\/p>\n<p>&nbsp;<\/p>\n<p>&nbsp;<\/p>\n<span class='bctt-click-to-tweet'><span class='bctt-ctt-text'><a href='https:\/\/x.com\/intent\/tweet?url=https%3A%2F%2Fnuestrosescritores.com%2Fadrianmedes%2Fpoesia%2F&#038;text=XII.%20EL%20CANTO%20DE%20LAS%20SIRENAS%C2%A0del%20libro%20A%20LA%20B%C3%9ASQUEDA%20DE%20SUS%20OJOS%20DE%20PLATA%20de%20ADRI%C3%81N%20MEDES&#038;via=poesiaerestu&#038;related=poesiaerestu' target='_blank'rel=\"noopener noreferrer\">XII. EL CANTO DE LAS SIRENAS&nbsp;del libro A LA B\u00daSQUEDA DE SUS OJOS DE PLATA de ADRI\u00c1N MEDES <\/a><\/span><a href='https:\/\/x.com\/intent\/tweet?url=https%3A%2F%2Fnuestrosescritores.com%2Fadrianmedes%2Fpoesia%2F&#038;text=XII.%20EL%20CANTO%20DE%20LAS%20SIRENAS%C2%A0del%20libro%20A%20LA%20B%C3%9ASQUEDA%20DE%20SUS%20OJOS%20DE%20PLATA%20de%20ADRI%C3%81N%20MEDES&#038;via=poesiaerestu&#038;related=poesiaerestu' target='_blank' class='bctt-ctt-btn'rel=\"noopener noreferrer\">Compartir en X<\/a><\/span>[\/vc_column_text][\/vc_column][\/vc_row][vc_row][vc_column extend=&#8221;false&#8221;]<div class='gambit_parallax_row' data-bg-align='' data-direction='fixed' data-opacity='100' data-velocity='-0.3' data-mobile-enabled='' data-bg-height='513' data-bg-width='1366' data-bg-image='https:\/\/nuestrosescritores.com\/adrianmedes\/wp-content\/uploads\/sites\/86\/2021\/05\/AdrianMedesMonedero_SSQuare_Alaragdo-Mediano.jpg' data-bg-repeat='false' data-id='' style='display: none'><\/div><div class=\"gambit_fullheight_row\" data-content-location=\"center\" style=\"display: none\"><\/div>[vc_column_text]\n<p style=\"text-align: center;\"><a class=\"fasc-button fasc-size-xlarge fasc-type-glossy fasc-rounded-medium\" style=\"background-color: #33809e; color: #ffffff;\" href=\"https:\/\/librodepoesia.com\/producto\/a-la-busqueda-de-sus-ojos-de-plata-adrian-medes\/\">Comprar el libro<\/a><\/p>\n[\/vc_column_text][\/vc_column][\/vc_row]\n<\/div>","protected":false},"excerpt":{"rendered":"<p>[vc_row full_width=&#8221;stretch_row_content_no_spaces&#8221;][vc_column extend=&#8221;false&#8221;][\/vc_column][\/vc_row][vc_row][vc_column extend=&#8221;false&#8221;][vc_column_text] &nbsp; T\u00c1MESIS &nbsp; Portada abierta por manos de vinilo, coraz\u00f3n en tumba de cemento. Mi amor es muerto, mi amor es ido; adornan blancas flores mi lucero. Vuelan sonrisas en cielo ca\u00eddo, pintada mi cara con viento marinero. Bravas olas consumidas en T\u00e1mesis tard\u00edo, no es agua \u2014pens\u00e9\u2014 aquello es todo [&hellip;]<\/p>\n","protected":false},"author":1,"featured_media":0,"parent":0,"menu_order":0,"comment_status":"closed","ping_status":"closed","template":"","meta":{"_acf_changed":false,"footnotes":""},"class_list":["post-85","page","type-page","status-publish","hentry"],"acf":[],"yoast_head":"<!-- This site is optimized with the Yoast SEO Premium plugin v24.7 (Yoast SEO v27.4) - https:\/\/yoast.com\/product\/yoast-seo-premium-wordpress\/ -->\n<title>Poes\u00eda - Adrian Medes<\/title>\n<meta name=\"description\" content=\"Poes\u00eda del libro A LA B\u00daSQUEDA DE SUS OJOS DE PLATA de Adri\u00e1n Medes el escritor nos da una muestra tras publicar un libro de poes\u00eda.\" \/>\n<meta name=\"robots\" content=\"index, follow, max-snippet:-1, max-image-preview:large, max-video-preview:-1\" \/>\n<link rel=\"canonical\" href=\"https:\/\/nuestrosescritores.com\/adrianmedes\/poesia\/\" \/>\n<meta property=\"og:locale\" content=\"es_ES\" \/>\n<meta property=\"og:type\" content=\"article\" \/>\n<meta property=\"og:title\" content=\"Poes\u00eda\" \/>\n<meta property=\"og:description\" content=\"&nbsp; T\u00c1MESIS &nbsp; Portada abierta por manos de vinilo, coraz\u00f3n en tumba de cemento. Mi amor es muerto, mi amor es ido; adornan blancas flores mi\" \/>\n<meta property=\"og:url\" content=\"https:\/\/nuestrosescritores.com\/adrianmedes\/poesia\/\" \/>\n<meta property=\"og:site_name\" content=\"Adrian Medes\" \/>\n<meta property=\"article:modified_time\" content=\"2021-05-02T09:41:56+00:00\" \/>\n<meta name=\"twitter:card\" content=\"summary_large_image\" \/>\n<meta name=\"twitter:label1\" content=\"Tiempo de lectura\" \/>\n\t<meta name=\"twitter:data1\" content=\"2 minutos\" \/>\n<script type=\"application\/ld+json\" class=\"yoast-schema-graph\">{\"@context\":\"https:\\\/\\\/schema.org\",\"@graph\":[{\"@type\":\"WebPage\",\"@id\":\"https:\\\/\\\/nuestrosescritores.com\\\/adrianmedes\\\/poesia\\\/\",\"url\":\"https:\\\/\\\/nuestrosescritores.com\\\/adrianmedes\\\/poesia\\\/\",\"name\":\"Poes\u00eda - Adrian Medes\",\"isPartOf\":{\"@id\":\"https:\\\/\\\/nuestrosescritores.com\\\/adrianmedes\\\/#website\"},\"datePublished\":\"2021-05-02T09:06:49+00:00\",\"dateModified\":\"2021-05-02T09:41:56+00:00\",\"description\":\"Poes\u00eda del libro A LA B\u00daSQUEDA DE SUS OJOS DE PLATA de Adri\u00e1n Medes el escritor nos da una muestra tras publicar un libro de poes\u00eda.\",\"breadcrumb\":{\"@id\":\"https:\\\/\\\/nuestrosescritores.com\\\/adrianmedes\\\/poesia\\\/#breadcrumb\"},\"inLanguage\":\"es\",\"potentialAction\":[{\"@type\":\"ReadAction\",\"target\":[\"https:\\\/\\\/nuestrosescritores.com\\\/adrianmedes\\\/poesia\\\/\"]}]},{\"@type\":\"BreadcrumbList\",\"@id\":\"https:\\\/\\\/nuestrosescritores.com\\\/adrianmedes\\\/poesia\\\/#breadcrumb\",\"itemListElement\":[{\"@type\":\"ListItem\",\"position\":1,\"name\":\"Portada\",\"item\":\"https:\\\/\\\/nuestrosescritores.com\\\/adrianmedes\\\/\"},{\"@type\":\"ListItem\",\"position\":2,\"name\":\"Poes\u00eda\"}]},{\"@type\":\"WebSite\",\"@id\":\"https:\\\/\\\/nuestrosescritores.com\\\/adrianmedes\\\/#website\",\"url\":\"https:\\\/\\\/nuestrosescritores.com\\\/adrianmedes\\\/\",\"name\":\"Nuestros escritores\",\"description\":\"Escritor\",\"potentialAction\":[{\"@type\":\"SearchAction\",\"target\":{\"@type\":\"EntryPoint\",\"urlTemplate\":\"https:\\\/\\\/nuestrosescritores.com\\\/adrianmedes\\\/?s={search_term_string}\"},\"query-input\":{\"@type\":\"PropertyValueSpecification\",\"valueRequired\":true,\"valueName\":\"search_term_string\"}}],\"inLanguage\":\"es\"}]}<\/script>\n<!-- \/ Yoast SEO Premium plugin. -->","yoast_head_json":{"title":"Poes\u00eda - Adrian Medes","description":"Poes\u00eda del libro A LA B\u00daSQUEDA DE SUS OJOS DE PLATA de Adri\u00e1n Medes el escritor nos da una muestra tras publicar un libro de poes\u00eda.","robots":{"index":"index","follow":"follow","max-snippet":"max-snippet:-1","max-image-preview":"max-image-preview:large","max-video-preview":"max-video-preview:-1"},"canonical":"https:\/\/nuestrosescritores.com\/adrianmedes\/poesia\/","og_locale":"es_ES","og_type":"article","og_title":"Poes\u00eda","og_description":"&nbsp; T\u00c1MESIS &nbsp; Portada abierta por manos de vinilo, coraz\u00f3n en tumba de cemento. Mi amor es muerto, mi amor es ido; adornan blancas flores mi","og_url":"https:\/\/nuestrosescritores.com\/adrianmedes\/poesia\/","og_site_name":"Adrian Medes","article_modified_time":"2021-05-02T09:41:56+00:00","twitter_card":"summary_large_image","twitter_misc":{"Tiempo de lectura":"2 minutos"},"schema":{"@context":"https:\/\/schema.org","@graph":[{"@type":"WebPage","@id":"https:\/\/nuestrosescritores.com\/adrianmedes\/poesia\/","url":"https:\/\/nuestrosescritores.com\/adrianmedes\/poesia\/","name":"Poes\u00eda - Adrian Medes","isPartOf":{"@id":"https:\/\/nuestrosescritores.com\/adrianmedes\/#website"},"datePublished":"2021-05-02T09:06:49+00:00","dateModified":"2021-05-02T09:41:56+00:00","description":"Poes\u00eda del libro A LA B\u00daSQUEDA DE SUS OJOS DE PLATA de Adri\u00e1n Medes el escritor nos da una muestra tras publicar un libro de poes\u00eda.","breadcrumb":{"@id":"https:\/\/nuestrosescritores.com\/adrianmedes\/poesia\/#breadcrumb"},"inLanguage":"es","potentialAction":[{"@type":"ReadAction","target":["https:\/\/nuestrosescritores.com\/adrianmedes\/poesia\/"]}]},{"@type":"BreadcrumbList","@id":"https:\/\/nuestrosescritores.com\/adrianmedes\/poesia\/#breadcrumb","itemListElement":[{"@type":"ListItem","position":1,"name":"Portada","item":"https:\/\/nuestrosescritores.com\/adrianmedes\/"},{"@type":"ListItem","position":2,"name":"Poes\u00eda"}]},{"@type":"WebSite","@id":"https:\/\/nuestrosescritores.com\/adrianmedes\/#website","url":"https:\/\/nuestrosescritores.com\/adrianmedes\/","name":"Nuestros escritores","description":"Escritor","potentialAction":[{"@type":"SearchAction","target":{"@type":"EntryPoint","urlTemplate":"https:\/\/nuestrosescritores.com\/adrianmedes\/?s={search_term_string}"},"query-input":{"@type":"PropertyValueSpecification","valueRequired":true,"valueName":"search_term_string"}}],"inLanguage":"es"}]}},"_links":{"self":[{"href":"https:\/\/nuestrosescritores.com\/adrianmedes\/wp-json\/wp\/v2\/pages\/85","targetHints":{"allow":["GET"]}}],"collection":[{"href":"https:\/\/nuestrosescritores.com\/adrianmedes\/wp-json\/wp\/v2\/pages"}],"about":[{"href":"https:\/\/nuestrosescritores.com\/adrianmedes\/wp-json\/wp\/v2\/types\/page"}],"author":[{"embeddable":true,"href":"https:\/\/nuestrosescritores.com\/adrianmedes\/wp-json\/wp\/v2\/users\/1"}],"replies":[{"embeddable":true,"href":"https:\/\/nuestrosescritores.com\/adrianmedes\/wp-json\/wp\/v2\/comments?post=85"}],"version-history":[{"count":0,"href":"https:\/\/nuestrosescritores.com\/adrianmedes\/wp-json\/wp\/v2\/pages\/85\/revisions"}],"wp:attachment":[{"href":"https:\/\/nuestrosescritores.com\/adrianmedes\/wp-json\/wp\/v2\/media?parent=85"}],"curies":[{"name":"wp","href":"https:\/\/api.w.org\/{rel}","templated":true}]}}