{"id":20,"date":"2023-03-25T19:54:48","date_gmt":"2023-03-25T19:54:48","guid":{"rendered":"https:\/\/nuestrosescritores.com\/adrianavegazuza\/?page_id=20"},"modified":"2023-03-26T09:06:55","modified_gmt":"2023-03-26T09:06:55","slug":"escritora","status":"publish","type":"page","link":"https:\/\/nuestrosescritores.com\/adrianavegazuza\/","title":{"rendered":"Escritora"},"content":{"rendered":"<div class=\"wpb-content-wrapper\">[vc_row full_width=&#8221;stretch_row_content_no_spaces&#8221;][vc_column extend=&#8221;false&#8221;][layerslider_vc id=&#8221;1&#8243;][\/vc_column][\/vc_row][vc_row extend=&#8221;false&#8221; design__empty_1=&#8221;&#8221; background=&#8221;&#8221; background_image_type=&#8221;static&#8221; background_image__effect=&#8221;&#8221; bg_size=&#8221;initial&#8221; bg_position=&#8221;center-center&#8221; row_bg_image=&#8221;&#8221; bg_repeat=&#8221;no-repeat&#8221; background_image_type__bg_color=&#8221;rgba(255, 255, 255, 1)&#8221; row_bg_parallax_images=&#8221;&#8221; row_bg_slideshow_images=&#8221;&#8221; background_video_type=&#8221;youtube&#8221; background_video__youtube__url=&#8221;&#8221; background_video__youtube__parallax=&#8221;&#8221; background_video__youtube__options=&#8221;&#8221; background_video__youtube__fallback_image=&#8221;&#8221; background_video__hosted__mp4=&#8221;&#8221; background_video__hosted__webm=&#8221;&#8221; background_video__hosted__ogv=&#8221;&#8221; background_video__hosted__parallax=&#8221;&#8221; background_video__hosted__options=&#8221;&#8221; background_video__hosted__fallback_image=&#8221;&#8221; background_color_type=&#8221;color&#8221; bg__empty_1=&#8221;&#8221; background_color_type__gradient_color1=&#8221;rgba(44, 74, 228, 1)&#8221; background_color_type__gradient_color2=&#8221;rgba(44, 74, 228, 1)&#8221; background_color_type__color_color1=&#8221;rgba(44, 74, 228, 1)&#8221; bg__empty_2=&#8221;&#8221; background_color__effect=&#8221;&#8221; background_color__direction=&#8221;left-to-right&#8221; settings__tag_1=&#8221;&#8221; viewport_lg=&#8221;&#8221; viewport_md=&#8221;&#8221; viewport_sm=&#8221;&#8221; viewport_xs=&#8221;&#8221; settings__empty_1=&#8221;&#8221; version=&#8221;1&#8243;][vc_column width=&#8221;1\/2&#8243; extend=&#8221;false&#8221;]<div class=\"ult-content-box-container \" >\t\t<div class=\"ult-content-box\" style=\"background-color:rgba(255,255,255,0.49);box-shadow: px px 8px px #f2f2f2 none;border-style:none;-webkit-transition: all 700ms ease;-moz-transition: all 700ms ease;-ms-transition: all 700ms ease;-o-transition: all 700ms ease;transition: all 700ms ease;\"  data-hover_box_shadow=\"none\"     data-bg=\"rgba(255,255,255,0.49)\"  data-border_color=\"\" >[vc_column_text css=&#8221;.vc_custom_1679773715483{padding-top: 15% !important;padding-right: 15% !important;padding-bottom: 15% !important;padding-left: 15% !important;}&#8221;]Adriana Vega. Nacida en Estella (la \u201cToledo del norte\u201d) el 1 de mayo de 2002. Actualmente estoy estudiando 3\u00ba de Bioqu\u00edmica (con orientaci\u00f3n Biom\u00e9dica) en la Universidad de Navarra, en Pamplona. Siempre he sido una chica de ciencias que odiaba la escritura. Por tanto, nunca me hubiera imaginado publicar un libro, pero la escritura me ayuda mucho a desahogarme y escupir todo lo que llevo dentro. Es por esto por lo que no puedo nombrar otros libros que haya escrito porque no hay m\u00e1s. Sin embargo, espero escribir muchos m\u00e1s de aqu\u00ed en adelante.<\/p>\n<p><strong>&nbsp;<\/strong><\/p>\n<span class='bctt-click-to-tweet'><span class='bctt-ctt-text'><a href='https:\/\/x.com\/intent\/tweet?url=https%3A%2F%2Fnuestrosescritores.com%2Fadrianavegazuza%2F&#038;text=ADRIANA%20VEGA%20ZUZA.%20Escritora%2C%20poeta.&#038;related' target='_blank'rel=\"noopener noreferrer\">ADRIANA VEGA ZUZA. Escritora, poeta. <\/a><\/span><a href='https:\/\/x.com\/intent\/tweet?url=https%3A%2F%2Fnuestrosescritores.com%2Fadrianavegazuza%2F&#038;text=ADRIANA%20VEGA%20ZUZA.%20Escritora%2C%20poeta.&#038;related' target='_blank' class='bctt-ctt-btn'rel=\"noopener noreferrer\">Compartir en X<\/a><\/span>[\/vc_column_text]\t\t<\/div><\/div>[\/vc_column][vc_column width=&#8221;1\/2&#8243; extend=&#8221;false&#8221;]<div class=\"gambit_fullheight_row\" data-content-location=\"center\" style=\"display: none\"><\/div><div id=\"rowvcpt-row-settings\" class=\"rowvcpt-row-set RowVcPt-row-setting69d6d10a5dd15 \" data-no=\"RowVcPt-row-setting69d6d10a5dd15\"><div  id=\"bgGallaryslide69d6d10a5dd19\" class=\"rowvcpt-slideshow \"><\/div><script type=\"text\/javascript\">\n(function($) {\n$(\"#bgGallaryslide69d6d10a5dd19\").vegas({\n        overlay: \"https:\/\/nuestrosescritores.com\/adrianavegazuza\/wp-content\/plugins\/ultimate-row-background\/css\/overlays\/0'.esc_attr(1.png).'\",\n        transitionDuration: 4e3,\n        delay: 7000,\n        slides: [{src: \"https:\/\/nuestrosescritores.com\/adrianavegazuza\/wp-content\/uploads\/sites\/145\/2023\/03\/1100254.jpg\",transition: \"fade2\",transitionDuration: 5000},{src: \"https:\/\/nuestrosescritores.com\/adrianavegazuza\/wp-content\/uploads\/sites\/145\/2023\/03\/1204029.jpg\",transition: \"fade2\",transitionDuration: 5000},{src: \"https:\/\/nuestrosescritores.com\/adrianavegazuza\/wp-content\/uploads\/sites\/145\/2023\/03\/4bed56d1-2e01-40bf-97ab-3ac63c4727d5.jpg\",transition: \"fade2\",transitionDuration: 5000},{src: \"https:\/\/nuestrosescritores.com\/adrianavegazuza\/wp-content\/uploads\/sites\/145\/2023\/03\/df712514-1af7-473a-875e-90ab1f33ebbe.jpg\",transition: \"fade2\",transitionDuration: 5000},{src: \"https:\/\/nuestrosescritores.com\/adrianavegazuza\/wp-content\/uploads\/sites\/145\/2023\/03\/fafb6dcc-9f1c-46fd-ab94-270a3aa30f53.jpg\",transition: \"fade2\",transitionDuration: 5000},{src: \"https:\/\/nuestrosescritores.com\/adrianavegazuza\/wp-content\/uploads\/sites\/145\/2023\/03\/7858360.jpg\",transition: \"fade2\",transitionDuration: 5000},{src: \"https:\/\/nuestrosescritores.com\/adrianavegazuza\/wp-content\/uploads\/sites\/145\/2023\/03\/80d8ae92-b4c2-4208-afaf-bf3dd7ba9cca.jpeg\",transition: \"fade2\",transitionDuration: 5000},]\n    });\t\t\n})(jQuery);\n<\/script><div class=\"rowvcpt-overlay\" style=\"background:rgba(255,255,255,0.69)\"><\/div><\/div>[vc_single_image image=&#8221;56&#8243; img_size=&#8221;full&#8221; alignment=&#8221;center&#8221;][\/vc_column][\/vc_row][vc_row full_height=&#8221;yes&#8221; content_placement=&#8221;middle&#8221;][vc_column extend=&#8221;false&#8221;]<div class=\"gambit_fullheight_row\" data-content-location=\"center\" style=\"display: none\"><\/div><div class='gambit_parallax_row' data-bg-align='' data-direction='fixed' data-opacity='100' data-velocity='-0.3' data-mobile-enabled='parallax-enable-mobile' data-bg-height='853' data-bg-width='1280' data-bg-image='https:\/\/nuestrosescritores.com\/adrianavegazuza\/wp-content\/uploads\/sites\/145\/2023\/03\/7862490.jpg' data-bg-repeat='false' data-id='' style='display: none'><\/div>[\/vc_column][\/vc_row][vc_row][vc_column extend=&#8221;false&#8221;]<div class=\"gambit_fullheight_row\" data-content-location=\"center\" style=\"display: none\"><\/div><div id=\"rowvcpt-row-settings\" class=\"rowvcpt-row-set RowVcPt-row-setting69d6d10a618d5 \" data-no=\"RowVcPt-row-setting69d6d10a618d5\"><div  id=\"bgGallaryslide69d6d10a618d8\" class=\"rowvcpt-slideshow \"><\/div><script type=\"text\/javascript\">\n(function($) {\n$(\"#bgGallaryslide69d6d10a618d8\").vegas({\n        overlay: \"https:\/\/nuestrosescritores.com\/adrianavegazuza\/wp-content\/plugins\/ultimate-row-background\/css\/overlays\/0'.esc_attr(1.png).'\",\n        transitionDuration: 4e3,\n        delay: 7000,\n        slides: [{src: \"https:\/\/nuestrosescritores.com\/adrianavegazuza\/wp-content\/uploads\/sites\/145\/2023\/03\/15948114.jpg\",transition: \"fade2\",transitionDuration: 5000},{src: \"https:\/\/nuestrosescritores.com\/adrianavegazuza\/wp-content\/uploads\/sites\/145\/2023\/03\/15955944.jpg\",transition: \"fade2\",transitionDuration: 5000},{src: \"https:\/\/nuestrosescritores.com\/adrianavegazuza\/wp-content\/uploads\/sites\/145\/2023\/03\/7837426.jpg\",transition: \"fade2\",transitionDuration: 5000},{src: \"https:\/\/nuestrosescritores.com\/adrianavegazuza\/wp-content\/uploads\/sites\/145\/2023\/03\/v8mli9ooex0.jpg\",transition: \"fade2\",transitionDuration: 5000},{src: \"\",transition: \"fade2\",transitionDuration: 5000},]\n    });\t\t\n})(jQuery);\n<\/script><div class=\"rowvcpt-overlay\" style=\"background:rgba(255,255,255,0.69)\"><\/div><\/div><div id=\"uvc-type-wrap-6356\"  data-ultimate-target='#uvc-type-wrap-6356'  data-responsive-json-new='{\"font-size\":\"\",\"line-height\":\"\"}'  class=\"uvc-type-wrap vc_custom_1679774081874 ult-adjust-bottom-margin ult-responsive  uvc-type-align-center uvc-type-no-prefix uvc-wrap-156723152169d6d10a632ea\" style=\"text-align:center;\"><span id=\"typed-156723152169d6d10a632ea\" class=\"ultimate-typed-main \" style=\" font-weight:bold; text-transform: unset;\"><\/span><script type=\"text\/javascript\">\n\t\t\t\t\t\tjQuery(function($){ \n\t\t\t\t\t\t\t$(document).ready(function(){\n\t\t\t\t\t\t\t\tif( typeof jQuery(\"#typed-156723152169d6d10a632ea\").typed == \"function\"){\n\t\t\t\t\t\t\t\t\t$(\"#typed-156723152169d6d10a632ea\").typed({\n\t\t\t\t\t\t\t\t\t\tstrings: [\"Que mala racha aprieta, pero no ahoga. Y, que, si estoy retrocediendo un poco, es solo para coger carrerilla y tirar hacia delante. Con este libro me gustar\u00eda mostrar que hay luz al final del t\u00fanel, aunque pienses que est\u00e1s en un pozo sin fondo. Este va dedicado especialmente a las personas que realmente lo est\u00e9n pasando mal, para recordarles que siempre habr\u00e1 algo de color en los d\u00edas grises, simplemente hay que mantener la esperanza.\"],\n\t\t\t\t\t\t\t\t\t\ttypeSpeed: 35,\n\t\t\t\t\t\t\t\t\t\tbackSpeed: 0,\n\t\t\t\t\t\t\t\t\t\tstartDelay: \"200\",\n\t\t\t\t\t\t\t\t\t\tbackDelay: \"1500\",\n\t\t\t\t\t\t\t\t\t\tloop: true,\n\t\t\t\t\t\t\t\t\t\tloopCount: false,\n\t\t\t\t\t\t\t\t\t\tshowCursor: true,\n\t\t\t\t\t\t\t\t\t\tcursorChar: \"|\",\n\t\t\t\t\t\t\t\t\t\tattr: null\n\t\t\t\t\t\t\t\t\t});\n\t\t\t\t\t\t\t\t}\n\t\t\t\t\t\t\t});\n\t\t\t\t\t\t});\n\t\t\t\t\t<\/script><\/div>[\/vc_column][\/vc_row][vc_row][vc_column extend=&#8221;false&#8221;]<div class=\"gambit_fullheight_row\" data-content-location=\"center\" style=\"display: none\"><\/div><div class='gambit_parallax_row' data-bg-align='' data-direction='fixed' data-opacity='100' data-velocity='-0.3' data-mobile-enabled='parallax-enable-mobile' data-bg-height='626' data-bg-width='1366' data-bg-image='https:\/\/nuestrosescritores.com\/adrianavegazuza\/wp-content\/uploads\/sites\/145\/2023\/03\/AdrianaVegaZuza_Square_Alargado-Mediano.png' data-bg-repeat='false' data-id='' style='display: none'><\/div>[vc_column_text]\n<p style=\"text-align: center;\"><a class=\"fasc-button fasc-size-xlarge fasc-type-glossy fasc-rounded-medium fasc-style-bold\" style=\"background-color: #339e5a; color: #ffffff;\" href=\"https:\/\/librodepoesia.com\/libro\/de-la-desesperanza-hasta-la-ilusion-adriana-vega-zuza\/\">COMPRA SUS LIBROS<\/a><\/p>\n[\/vc_column_text][\/vc_column][\/vc_row][vc_row][vc_column]<div id=\"rowvcpt-row-settings\" class=\"rowvcpt-row-set RowVcPt-row-setting69d6d10a6385f \" data-no=\"RowVcPt-row-setting69d6d10a6385f\"><div class=\"columns-bg-wrap columns-bg-anim-colors\" style=\"opacity: 1;background: -moz-linear-gradient(top, #e0e0e0 0%, #f7f7f7 100%);background: -webkit-gradient(linear, left top, left bottom, color-stop(0%,#e0e0e0), color-stop(100%,#f7f7f7));background: -webkit-linear-gradient(top, #e0e0e0 0%,#f7f7f7 100%);background: -o-linear-gradient(top, #e0e0e0 0%,#f7f7f7 100%);background: -ms-linear-gradient(top, #e0e0e0 0%,#f7f7f7 100%);background: linear-gradient(to bottom, #e0e0e0 0%,#f7f7f7 100%);\"><\/div><\/div>[vc_column_text css=&#8221;.vc_custom_1679773747059{padding-top: 30px !important;padding-right: 30px !important;padding-bottom: 30px !important;padding-left: 30px !important;}&#8221;]Esta p\u00e1gina web est\u00e1 realizada por el GRUPO EDITORIAL P\u00c9REZ-AYALA para el escritor ADRIANA VEGA ZUZA porque acaba de publicar un libro en una de las siguientes editoriales de poes\u00eda:<br \/>\nEditorial Poes\u00eda eres t\u00fa: Una editorial para poetas contempor\u00e1neos, con un cat\u00e1logo diverso de las diferentes tendencias de la poes\u00eda.<br \/>\nEdiciones Rilke: Una colecci\u00f3n de poes\u00eda cl\u00e1sica con poetas contempor\u00e1neos de gran trayectoria.<br \/>\nEdiciones Azor\u00edn: Una editorial para escritores y temas de Alicante y Murcia, un sello regional a nivel nacional.<br \/>\nContamos tambi\u00e9n con editoriales de narrativa como Ediciones Amaniel y una editorial de autoedici\u00f3n como la Editorial Agencia del libro y un sistema de crowdfunding de libros para que los nuevos escritores puedan publicar un libro gratis.<br \/>\nInformaci\u00f3n tras publicar un libro: DE LA DESESPERANZA HASTA LA ILUSI\u00d3N de ADRIANA VEGA ZUZA con la editorial de poes\u00eda Editorial Poes\u00eda eres t\u00fa.<br \/>\nADRIANA VEGA ZUZA logra publicar un libro de poes\u00eda, DE LA DESESPERANZA HASTA LA ILUSI\u00d3N, tras un proceso de selecci\u00f3n de obras con la Editorial Poes\u00eda eres t\u00fa.<br \/>\nTodos los derechos del libro DE LA DESESPERANZA HASTA LA ILUSI\u00d3N pertenecen a ADRIANA VEGA ZUZA tras publicar un libro con la Editorial Poes\u00eda eres t\u00fa.<br \/>\nPublicar un libro de poes\u00eda como DE LA DESESPERANZA HASTA LA ILUSI\u00d3N de ADRIANA VEGA ZUZA es posible gracias al trabajo de todo el equipo de la Editorial Poes\u00eda eres t\u00fa.<br \/>\nToda la promoci\u00f3n del libro DE LA DESESPERANZA HASTA LA ILUSI\u00d3N la puedes ver en la p\u00e1gina de la Editorial Poes\u00eda eres t\u00fa y en la web que la editorial le hace a ADRIANA VEGA ZUZA tras publicar un libro.<br \/>\nADRIANA VEGA ZUZA agradece a la Editorial Poes\u00eda eres t\u00fa y la Agencia del libro por facilitar el trabajo de publicar un libro: DE LA DESESPERANZA HASTA LA ILUSI\u00d3N.<br \/>\nLa Editorial Poes\u00eda eres t\u00fa y ADRIANA VEGA ZUZA agradecen la colaboraci\u00f3n de los poetas, que han conseguido publicar un libro, y lectores del libro DE LA DESESPERANZA HASTA LA ILUSI\u00d3N por su colaboraci\u00f3n en la promoci\u00f3n y difusi\u00f3n de la obra.[\/vc_column_text][\/vc_column][\/vc_row]\n<\/div>","protected":false},"excerpt":{"rendered":"<p>[vc_row full_width=&#8221;stretch_row_content_no_spaces&#8221;][vc_column extend=&#8221;false&#8221;][layerslider_vc id=&#8221;1&#8243;][\/vc_column][\/vc_row][vc_row extend=&#8221;false&#8221; design__empty_1=&#8221;&#8221; background=&#8221;&#8221; background_image_type=&#8221;static&#8221; background_image__effect=&#8221;&#8221; bg_size=&#8221;initial&#8221; bg_position=&#8221;center-center&#8221; row_bg_image=&#8221;&#8221; bg_repeat=&#8221;no-repeat&#8221; background_image_type__bg_color=&#8221;rgba(255, 255, 255, 1)&#8221; row_bg_parallax_images=&#8221;&#8221; row_bg_slideshow_images=&#8221;&#8221; background_video_type=&#8221;youtube&#8221; background_video__youtube__url=&#8221;&#8221; background_video__youtube__parallax=&#8221;&#8221; background_video__youtube__options=&#8221;&#8221; background_video__youtube__fallback_image=&#8221;&#8221; background_video__hosted__mp4=&#8221;&#8221; background_video__hosted__webm=&#8221;&#8221; background_video__hosted__ogv=&#8221;&#8221; background_video__hosted__parallax=&#8221;&#8221; background_video__hosted__options=&#8221;&#8221; background_video__hosted__fallback_image=&#8221;&#8221; background_color_type=&#8221;color&#8221; bg__empty_1=&#8221;&#8221; background_color_type__gradient_color1=&#8221;rgba(44, 74, 228, 1)&#8221; background_color_type__gradient_color2=&#8221;rgba(44, 74, 228, 1)&#8221; background_color_type__color_color1=&#8221;rgba(44, 74, 228, 1)&#8221; bg__empty_2=&#8221;&#8221; background_color__effect=&#8221;&#8221; background_color__direction=&#8221;left-to-right&#8221; settings__tag_1=&#8221;&#8221; viewport_lg=&#8221;&#8221; viewport_md=&#8221;&#8221; viewport_sm=&#8221;&#8221; viewport_xs=&#8221;&#8221; settings__empty_1=&#8221;&#8221; version=&#8221;1&#8243;][vc_column width=&#8221;1\/2&#8243; [&hellip;]<\/p>\n","protected":false},"author":1,"featured_media":0,"parent":0,"menu_order":0,"comment_status":"closed","ping_status":"closed","template":"","meta":{"_acf_changed":false,"footnotes":""},"class_list":["post-20","page","type-page","status-publish","hentry"],"acf":[],"yoast_head":"<!-- This site is optimized with the Yoast SEO Premium plugin v24.7 (Yoast SEO v27.3) - https:\/\/yoast.com\/product\/yoast-seo-premium-wordpress\/ -->\n<title>Escritora - Adriana Vega Zuza<\/title>\n<meta name=\"description\" content=\"ADRIANA VEGA ZUZA es la escritora del libro DE LA DESESPERANZA HASTA LA ILUSI\u00d3N. La escritora acaba de publicar un libro con Poes\u00eda eres t\u00fa.\" \/>\n<meta name=\"robots\" content=\"index, follow, max-snippet:-1, max-image-preview:large, max-video-preview:-1\" \/>\n<link rel=\"canonical\" href=\"https:\/\/nuestrosescritores.com\/adrianavegazuza\/\" \/>\n<meta property=\"og:locale\" content=\"es_ES\" \/>\n<meta property=\"og:type\" content=\"article\" \/>\n<meta property=\"og:title\" content=\"Escritora\" \/>\n<meta property=\"og:description\" content=\"ADRIANA VEGA ZUZA es la escritora del libro DE LA DESESPERANZA HASTA LA ILUSI\u00d3N. La escritora acaba de publicar un libro con Poes\u00eda eres t\u00fa.\" \/>\n<meta property=\"og:url\" content=\"https:\/\/nuestrosescritores.com\/adrianavegazuza\/\" \/>\n<meta property=\"og:site_name\" content=\"Adriana Vega Zuza\" \/>\n<meta property=\"article:modified_time\" content=\"2023-03-26T09:06:55+00:00\" \/>\n<meta name=\"twitter:card\" content=\"summary_large_image\" \/>\n<meta name=\"twitter:label1\" content=\"Tiempo de lectura\" \/>\n\t<meta name=\"twitter:data1\" content=\"3 minutos\" \/>\n<script type=\"application\/ld+json\" class=\"yoast-schema-graph\">{\"@context\":\"https:\\\/\\\/schema.org\",\"@graph\":[{\"@type\":\"WebPage\",\"@id\":\"https:\\\/\\\/nuestrosescritores.com\\\/adrianavegazuza\\\/\",\"url\":\"https:\\\/\\\/nuestrosescritores.com\\\/adrianavegazuza\\\/\",\"name\":\"Escritora - Adriana Vega Zuza\",\"isPartOf\":{\"@id\":\"https:\\\/\\\/nuestrosescritores.com\\\/adrianavegazuza\\\/#website\"},\"datePublished\":\"2023-03-25T19:54:48+00:00\",\"dateModified\":\"2023-03-26T09:06:55+00:00\",\"description\":\"ADRIANA VEGA ZUZA es la escritora del libro DE LA DESESPERANZA HASTA LA ILUSI\u00d3N. La escritora acaba de publicar un libro con Poes\u00eda eres t\u00fa.\",\"breadcrumb\":{\"@id\":\"https:\\\/\\\/nuestrosescritores.com\\\/adrianavegazuza\\\/#breadcrumb\"},\"inLanguage\":\"es\",\"potentialAction\":[{\"@type\":\"ReadAction\",\"target\":[\"https:\\\/\\\/nuestrosescritores.com\\\/adrianavegazuza\\\/\"]}]},{\"@type\":\"BreadcrumbList\",\"@id\":\"https:\\\/\\\/nuestrosescritores.com\\\/adrianavegazuza\\\/#breadcrumb\",\"itemListElement\":[{\"@type\":\"ListItem\",\"position\":1,\"name\":\"Portada\",\"item\":\"https:\\\/\\\/nuestrosescritores.com\\\/adrianavegazuza\\\/\"},{\"@type\":\"ListItem\",\"position\":2,\"name\":\"Escritora\"}]},{\"@type\":\"WebSite\",\"@id\":\"https:\\\/\\\/nuestrosescritores.com\\\/adrianavegazuza\\\/#website\",\"url\":\"https:\\\/\\\/nuestrosescritores.com\\\/adrianavegazuza\\\/\",\"name\":\"Nuestros escritores\",\"description\":\"Escritora\",\"potentialAction\":[{\"@type\":\"SearchAction\",\"target\":{\"@type\":\"EntryPoint\",\"urlTemplate\":\"https:\\\/\\\/nuestrosescritores.com\\\/adrianavegazuza\\\/?s={search_term_string}\"},\"query-input\":{\"@type\":\"PropertyValueSpecification\",\"valueRequired\":true,\"valueName\":\"search_term_string\"}}],\"inLanguage\":\"es\"}]}<\/script>\n<!-- \/ Yoast SEO Premium plugin. -->","yoast_head_json":{"title":"Escritora - Adriana Vega Zuza","description":"ADRIANA VEGA ZUZA es la escritora del libro DE LA DESESPERANZA HASTA LA ILUSI\u00d3N. La escritora acaba de publicar un libro con Poes\u00eda eres t\u00fa.","robots":{"index":"index","follow":"follow","max-snippet":"max-snippet:-1","max-image-preview":"max-image-preview:large","max-video-preview":"max-video-preview:-1"},"canonical":"https:\/\/nuestrosescritores.com\/adrianavegazuza\/","og_locale":"es_ES","og_type":"article","og_title":"Escritora","og_description":"ADRIANA VEGA ZUZA es la escritora del libro DE LA DESESPERANZA HASTA LA ILUSI\u00d3N. La escritora acaba de publicar un libro con Poes\u00eda eres t\u00fa.","og_url":"https:\/\/nuestrosescritores.com\/adrianavegazuza\/","og_site_name":"Adriana Vega Zuza","article_modified_time":"2023-03-26T09:06:55+00:00","twitter_card":"summary_large_image","twitter_misc":{"Tiempo de lectura":"3 minutos"},"schema":{"@context":"https:\/\/schema.org","@graph":[{"@type":"WebPage","@id":"https:\/\/nuestrosescritores.com\/adrianavegazuza\/","url":"https:\/\/nuestrosescritores.com\/adrianavegazuza\/","name":"Escritora - Adriana Vega Zuza","isPartOf":{"@id":"https:\/\/nuestrosescritores.com\/adrianavegazuza\/#website"},"datePublished":"2023-03-25T19:54:48+00:00","dateModified":"2023-03-26T09:06:55+00:00","description":"ADRIANA VEGA ZUZA es la escritora del libro DE LA DESESPERANZA HASTA LA ILUSI\u00d3N. La escritora acaba de publicar un libro con Poes\u00eda eres t\u00fa.","breadcrumb":{"@id":"https:\/\/nuestrosescritores.com\/adrianavegazuza\/#breadcrumb"},"inLanguage":"es","potentialAction":[{"@type":"ReadAction","target":["https:\/\/nuestrosescritores.com\/adrianavegazuza\/"]}]},{"@type":"BreadcrumbList","@id":"https:\/\/nuestrosescritores.com\/adrianavegazuza\/#breadcrumb","itemListElement":[{"@type":"ListItem","position":1,"name":"Portada","item":"https:\/\/nuestrosescritores.com\/adrianavegazuza\/"},{"@type":"ListItem","position":2,"name":"Escritora"}]},{"@type":"WebSite","@id":"https:\/\/nuestrosescritores.com\/adrianavegazuza\/#website","url":"https:\/\/nuestrosescritores.com\/adrianavegazuza\/","name":"Nuestros escritores","description":"Escritora","potentialAction":[{"@type":"SearchAction","target":{"@type":"EntryPoint","urlTemplate":"https:\/\/nuestrosescritores.com\/adrianavegazuza\/?s={search_term_string}"},"query-input":{"@type":"PropertyValueSpecification","valueRequired":true,"valueName":"search_term_string"}}],"inLanguage":"es"}]}},"_links":{"self":[{"href":"https:\/\/nuestrosescritores.com\/adrianavegazuza\/wp-json\/wp\/v2\/pages\/20","targetHints":{"allow":["GET"]}}],"collection":[{"href":"https:\/\/nuestrosescritores.com\/adrianavegazuza\/wp-json\/wp\/v2\/pages"}],"about":[{"href":"https:\/\/nuestrosescritores.com\/adrianavegazuza\/wp-json\/wp\/v2\/types\/page"}],"author":[{"embeddable":true,"href":"https:\/\/nuestrosescritores.com\/adrianavegazuza\/wp-json\/wp\/v2\/users\/1"}],"replies":[{"embeddable":true,"href":"https:\/\/nuestrosescritores.com\/adrianavegazuza\/wp-json\/wp\/v2\/comments?post=20"}],"version-history":[{"count":0,"href":"https:\/\/nuestrosescritores.com\/adrianavegazuza\/wp-json\/wp\/v2\/pages\/20\/revisions"}],"wp:attachment":[{"href":"https:\/\/nuestrosescritores.com\/adrianavegazuza\/wp-json\/wp\/v2\/media?parent=20"}],"curies":[{"name":"wp","href":"https:\/\/api.w.org\/{rel}","templated":true}]}}